{"id":2155,"date":"2025-12-14T10:30:32","date_gmt":"2025-12-14T10:30:32","guid":{"rendered":"https:\/\/roangaplanet.com\/?page_id=2155"},"modified":"2026-02-17T12:06:49","modified_gmt":"2026-02-17T12:06:49","slug":"about-us","status":"publish","type":"page","link":"https:\/\/roangaplanet.com\/cs\/about-us\/","title":{"rendered":"O n\u00e1s"},"content":{"rendered":"<div class='breakdance'><section class=\"bde-section-2155-100 bde-section\">\n  \n  \n\t\n\n\n\n<div class=\"section-container\"><div class=\"bde-div-2155-101 bde-div\">\n  \n  \n\t\n\n\n\n<a class=\"bde-container-link-2155-102 bde-container-link breakdance-link\" href=\"https:\/\/roangaplanet.com\/cs\/\" target=\"_self\" data-type=\"url\">\n  \n  \n\t\n\n\n\n<div class=\"bde-text-2155-103 bde-text\">\n<\n<\/div><div class=\"bde-text-2155-104 bde-text\">\nZp\u00e1tky dom\u016f\n<\/div>\n\n<\/a><h1 class=\"bde-heading-2155-105 bde-heading\">\nO n\u00e1s\n<\/h1><h5 class=\"bde-heading-2155-116 bde-heading\">\n\u201eKde se p\u0159\u00edroda setk\u00e1v\u00e1 s v\u011bdou.\u201c\n<\/h5><div class=\"bde-rich-text-2155-120 bde-rich-text breakdance-rich-text-styles\">\n<p>Po letech zku\u0161enost\u00ed s v\u00fdvojem, v\u00fdrobou a distribuc\u00ed produkt\u016f ve spolupr\u00e1ci s p\u0159edn\u00edmi novoz\u00e9landsk\u00fdmi farmami, laborato\u0159emi a v\u011bdci roz\u0161i\u0159ujeme na\u0161i misi tak\u00e9 do Evropy a USA.<\/p><p>P\u0159edstavujeme zde n\u00e1\u0161 pr\u00e9miov\u00fd regenera\u010dn\u00ed program, edici ur\u010denou pro aktivn\u00ed jedince a sportovce i \u0159e\u0161en\u00ed zam\u011b\u0159en\u00e1 na dlouhodobou prevenci a udr\u017eitelnou vitalitu.<\/p><p>Sou\u010d\u00e1st\u00ed t\u00e9to cesty je tak\u00e9 rozvoj komplexn\u00edho portfolia inovativn\u00edch dopl\u0148k\u016f stravy, inspirovan\u00fdch \u010distotou, rovnov\u00e1hou a p\u0159\u00edrodn\u00edm bohatstv\u00edm Nov\u00e9ho Z\u00e9landu.<\/p>\n<\/div>\n<\/div><div class=\"bde-columns-2155-121 bde-columns\"><div class=\"bde-column-2155-122 bde-column\">\n  \n  \n\t\n\n\n\n<img decoding=\"async\" class=\"bde-image2-2155-123 bde-image2\" src=\"https:\/\/roangaplanet.com\/wp-content\/uploads\/2025\/12\/Layer_1.svg\" loading=\"lazy\"><div class=\"bde-div-2155-124 bde-div\">\n  \n  \n\t\n\n\n\n<h6 class=\"bde-heading-2155-125 bde-heading\">\nVize\n<\/h6><div class=\"bde-text-2155-126 bde-text\">\nObnovovat rovnov\u00e1hu mezi \u010dlov\u011bkem a p\u0159\u00edrodou a prohlubovat vz\u00e1jemn\u00fd respekt.\n<\/div>\n<\/div>\n<\/div><div class=\"bde-column-2155-127 bde-column\">\n  \n  \n\t\n\n\n\n<img decoding=\"async\" class=\"bde-image2-2155-128 bde-image2\" src=\"https:\/\/roangaplanet.com\/wp-content\/uploads\/2025\/12\/Layer_1-1.svg\" loading=\"lazy\"><div class=\"bde-div-2155-129 bde-div\">\n  \n  \n\t\n\n\n\n<h6 class=\"bde-heading-2155-130 bde-heading\">\nMise\n<\/h6><div class=\"bde-text-2155-131 bde-text\">\nVytv\u00e1\u0159et produkty, kter\u00e9 podporuj\u00ed p\u0159irozenou inteligenci t\u011bla a vracej\u00ed hodnotu zp\u011bt Zemi.\n<\/div>\n<\/div>\n<\/div><div class=\"bde-column-2155-132 bde-column\">\n  \n  \n\t\n\n\n\n<img decoding=\"async\" class=\"bde-image2-2155-133 bde-image2\" src=\"https:\/\/roangaplanet.com\/wp-content\/uploads\/2025\/12\/Layer_1-2.svg\" loading=\"lazy\"><div class=\"bde-div-2155-134 bde-div\">\n  \n  \n\t\n\n\n\n<h6 class=\"bde-heading-2155-135 bde-heading\">\nP\u016fvod\n<\/h6><div class=\"bde-text-2155-136 bde-text\">\nZrozeno na Nov\u00e9m Z\u00e9landu \u2013 v prost\u0159ed\u00ed, kde se p\u0159\u00edroda a v\u011bda p\u0159irozen\u011b setk\u00e1vaj\u00ed.\n<\/div>\n<\/div>\n<\/div><\/div><\/div>\n<\/section><section class=\"bde-section-2155-106 bde-section\">\n  \n  \n\t\n\n\n\n<div class=\"section-container\"><div class=\"bde-div-2155-107 bde-div\">\n  \n  \n\t\n\n\n\n<h3 class=\"bde-heading-2155-108 bde-heading\">\nROANGA\u00ae je mezin\u00e1rodn\u00ed registrovan\u00e1 zna\u010dka zam\u011b\u0159en\u00e1 na inovativn\u00ed v\u00fd\u017eivu, vitalitu a p\u0159irozenou regeneraci\n<\/h3><div class=\"bde-rich-text-2155-109 bde-rich-text breakdance-rich-text-styles\">\n<p data-start=\"1493\" data-end=\"1737\">Vych\u00e1z\u00ed z p\u0159esv\u011bd\u010den\u00ed, \u017ee blahobyt \u010dlov\u011bka a zdrav\u00ed planety jsou neodd\u011bliteln\u011b propojen\u00e9 principy. Usilujeme o obnovu d\u016fv\u011bry v p\u0159irozen\u00e9 procesy t\u011bla a o podporu regenerace v souladu s rytmem p\u0159\u00edrody.<\/p>\n<\/div><div class=\"bde-div-2155-110 bde-div\">\n  \n  \n\t\n\n\n\n<div class=\"bde-div-2155-138 bde-div\">\n  \n  \n\t\n\n\n\n<h5 class=\"bde-heading-2155-137 bde-heading\">\nV\u00fdznam a symbolika\n<\/h5><div class=\"bde-rich-text-2155-111 bde-rich-text breakdance-rich-text-styles\">\n<p data-start=\"1834\" data-end=\"2026\">Roanga znamen\u00e1 \u201eprodlou\u017een\u00ed, pokra\u010dov\u00e1n\u00ed\u201c \u2013 \u017eivot v pohybu. Zt\u011bles\u0148uje energii, obnovu a kontinuitu.<\/p>\n<\/div>\n<\/div>\n<\/div>\n<\/div><img decoding=\"async\" class=\"bde-image2-2155-112 bde-image2\" src=\"https:\/\/roangaplanet.com\/wp-content\/uploads\/2025\/12\/image-31.jpg\" loading=\"lazy\" srcset=\"https:\/\/roangaplanet.com\/wp-content\/uploads\/2025\/12\/image-31.jpg 520w, https:\/\/roangaplanet.com\/wp-content\/uploads\/2025\/12\/image-31-252x300.jpg 252w, https:\/\/roangaplanet.com\/wp-content\/uploads\/2025\/12\/image-31-10x12.jpg 10w\" sizes=\"(max-width: 520px) 100vw, 520px\"><\/div>\n<\/section><section class=\"bde-section-2155-139 bde-section\">\n  \n  \n\t\n\n\n\n<div class=\"section-container\"><div class=\"bde-div-2155-142 bde-div\">\n  \n  \n\t\n\n\n\n<h2 class=\"bde-heading-2155-141 bde-heading\">\nEtick\u00fd p\u0159\u00edstup a odpov\u011bdnost\n<\/h2><div class=\"bde-rich-text-2155-143 bde-rich-text breakdance-rich-text-styles\">\n<p data-start=\"1493\" data-end=\"1737\">Ka\u017ed\u00fd produkt ROANGA\u00ae je vyv\u00edjen s d\u016frazem na \u00fa\u010dinnost, \u010distotu a transparentnost \u2013 od p\u016fvodu surovin a\u017e po fin\u00e1ln\u00ed slo\u017een\u00ed.<\/p><p data-start=\"1493\" data-end=\"1737\">Respekt k p\u0159\u00edrod\u011b a odpov\u011bdnost v\u016f\u010di planet\u011b prov\u00e1zej\u00ed ka\u017ed\u00e9 na\u0161e rozhodnut\u00ed.<\/p>\n<\/div>\n<\/div><img decoding=\"async\" class=\"bde-image2-2155-140 bde-image2\" src=\"https:\/\/roangaplanet.com\/wp-content\/uploads\/2025\/12\/roanga_planet_hero_deer_4-1.jpg\" loading=\"lazy\" srcset=\"https:\/\/roangaplanet.com\/wp-content\/uploads\/2025\/12\/roanga_planet_hero_deer_4-1.jpg 936w, https:\/\/roangaplanet.com\/wp-content\/uploads\/2025\/12\/roanga_planet_hero_deer_4-1-300x138.jpg 300w, https:\/\/roangaplanet.com\/wp-content\/uploads\/2025\/12\/roanga_planet_hero_deer_4-1-768x354.jpg 768w, https:\/\/roangaplanet.com\/wp-content\/uploads\/2025\/12\/roanga_planet_hero_deer_4-1-18x8.jpg 18w\" sizes=\"(max-width: 936px) 100vw, 936px\"><\/div>\n<\/section><\/div>","protected":false},"excerpt":{"rendered":"<p>< Back to home About us \u201cWhere Nature Meets Science.\u201d After years of experience developing, manufacturing and distributing products in collaboration with leading New Zealand farms, laboratories and scientists, we are expanding our mission to Europe and the USA.Here we present our premium regeneration program, an edition designed for active individuals and athletes, as well [&hellip;]\n<\/p>","protected":false},"author":1,"featured_media":0,"parent":0,"menu_order":0,"comment_status":"closed","ping_status":"closed","template":"","meta":{"_acf_changed":false,"_breakdance_hide_in_design_set":false,"_breakdance_tags":"","footnotes":""},"class_list":["post-2155","page","type-page","status-publish","hentry"],"acf":[],"yoast_head":"<!-- This site is optimized with the Yoast SEO plugin v27.2 - https:\/\/yoast.com\/product\/yoast-seo-wordpress\/ -->\n<title>About us - Roanga Planet<\/title>\n<meta name=\"robots\" content=\"index, follow, max-snippet:-1, max-image-preview:large, max-video-preview:-1\" \/>\n<link rel=\"canonical\" href=\"https:\/\/roangaplanet.com\/cs\/about-us\/\" \/>\n<meta property=\"og:locale\" content=\"cs_CZ\" \/>\n<meta property=\"og:type\" content=\"article\" \/>\n<meta property=\"og:title\" content=\"About us - Roanga Planet\" \/>\n<meta property=\"og:description\" content=\"&lt; Back to home About us \u201cWhere Nature Meets Science.\u201d After years of experience developing, manufacturing and distributing products in collaboration with leading New Zealand farms, laboratories and scientists, we are expanding our mission to Europe and the USA.Here we present our premium regeneration program, an edition designed for active individuals and athletes, as well [&hellip;]\" \/>\n<meta property=\"og:url\" content=\"https:\/\/roangaplanet.com\/cs\/about-us\/\" \/>\n<meta property=\"og:site_name\" content=\"Roanga Planet\" \/>\n<meta property=\"article:modified_time\" content=\"2026-02-17T12:06:49+00:00\" \/>\n<meta name=\"twitter:card\" content=\"summary_large_image\" \/>\n<script type=\"application\/ld+json\" class=\"yoast-schema-graph\">{\"@context\":\"https:\/\/schema.org\",\"@graph\":[{\"@type\":\"WebPage\",\"@id\":\"https:\/\/roangaplanet.com\/about-us\/\",\"url\":\"https:\/\/roangaplanet.com\/about-us\/\",\"name\":\"About us - Roanga Planet\",\"isPartOf\":{\"@id\":\"https:\/\/roangaplanet.com\/#website\"},\"datePublished\":\"2025-12-14T10:30:32+00:00\",\"dateModified\":\"2026-02-17T12:06:49+00:00\",\"breadcrumb\":{\"@id\":\"https:\/\/roangaplanet.com\/about-us\/#breadcrumb\"},\"inLanguage\":\"cs\",\"potentialAction\":[{\"@type\":\"ReadAction\",\"target\":[\"https:\/\/roangaplanet.com\/about-us\/\"]}]},{\"@type\":\"BreadcrumbList\",\"@id\":\"https:\/\/roangaplanet.com\/about-us\/#breadcrumb\",\"itemListElement\":[{\"@type\":\"ListItem\",\"position\":1,\"name\":\"Home\",\"item\":\"https:\/\/roangaplanet.com\/\"},{\"@type\":\"ListItem\",\"position\":2,\"name\":\"About us\"}]},{\"@type\":\"WebSite\",\"@id\":\"https:\/\/roangaplanet.com\/#website\",\"url\":\"https:\/\/roangaplanet.com\/\",\"name\":\"Roanga Planet\",\"description\":\"\",\"publisher\":{\"@id\":\"https:\/\/roangaplanet.com\/#organization\"},\"potentialAction\":[{\"@type\":\"SearchAction\",\"target\":{\"@type\":\"EntryPoint\",\"urlTemplate\":\"https:\/\/roangaplanet.com\/?s={search_term_string}\"},\"query-input\":{\"@type\":\"PropertyValueSpecification\",\"valueRequired\":true,\"valueName\":\"search_term_string\"}}],\"inLanguage\":\"cs\"},{\"@type\":\"Organization\",\"@id\":\"https:\/\/roangaplanet.com\/#organization\",\"name\":\"Roanga Planet\",\"url\":\"https:\/\/roangaplanet.com\/\",\"logo\":{\"@type\":\"ImageObject\",\"inLanguage\":\"cs\",\"@id\":\"https:\/\/roangaplanet.com\/#\/schema\/logo\/image\/\",\"url\":\"https:\/\/roangaplanet.com\/wp-content\/uploads\/2025\/07\/ROANGA_PLANET_favicon.png\",\"contentUrl\":\"https:\/\/roangaplanet.com\/wp-content\/uploads\/2025\/07\/ROANGA_PLANET_favicon.png\",\"width\":250,\"height\":250,\"caption\":\"Roanga Planet\"},\"image\":{\"@id\":\"https:\/\/roangaplanet.com\/#\/schema\/logo\/image\/\"}}]}<\/script>\n<!-- \/ Yoast SEO plugin. -->","yoast_head_json":{"title":"About us - Roanga Planet","robots":{"index":"index","follow":"follow","max-snippet":"max-snippet:-1","max-image-preview":"max-image-preview:large","max-video-preview":"max-video-preview:-1"},"canonical":"https:\/\/roangaplanet.com\/cs\/about-us\/","og_locale":"cs_CZ","og_type":"article","og_title":"About us - Roanga Planet","og_description":"< Back to home About us \u201cWhere Nature Meets Science.\u201d After years of experience developing, manufacturing and distributing products in collaboration with leading New Zealand farms, laboratories and scientists, we are expanding our mission to Europe and the USA.Here we present our premium regeneration program, an edition designed for active individuals and athletes, as well [&hellip;]","og_url":"https:\/\/roangaplanet.com\/cs\/about-us\/","og_site_name":"Roanga Planet","article_modified_time":"2026-02-17T12:06:49+00:00","twitter_card":"summary_large_image","schema":{"@context":"https:\/\/schema.org","@graph":[{"@type":"WebPage","@id":"https:\/\/roangaplanet.com\/about-us\/","url":"https:\/\/roangaplanet.com\/about-us\/","name":"About us - Roanga Planet","isPartOf":{"@id":"https:\/\/roangaplanet.com\/#website"},"datePublished":"2025-12-14T10:30:32+00:00","dateModified":"2026-02-17T12:06:49+00:00","breadcrumb":{"@id":"https:\/\/roangaplanet.com\/about-us\/#breadcrumb"},"inLanguage":"cs","potentialAction":[{"@type":"ReadAction","target":["https:\/\/roangaplanet.com\/about-us\/"]}]},{"@type":"BreadcrumbList","@id":"https:\/\/roangaplanet.com\/about-us\/#breadcrumb","itemListElement":[{"@type":"ListItem","position":1,"name":"Home","item":"https:\/\/roangaplanet.com\/"},{"@type":"ListItem","position":2,"name":"About us"}]},{"@type":"WebSite","@id":"https:\/\/roangaplanet.com\/#website","url":"https:\/\/roangaplanet.com\/","name":"Roanga Planet","description":"","publisher":{"@id":"https:\/\/roangaplanet.com\/#organization"},"potentialAction":[{"@type":"SearchAction","target":{"@type":"EntryPoint","urlTemplate":"https:\/\/roangaplanet.com\/?s={search_term_string}"},"query-input":{"@type":"PropertyValueSpecification","valueRequired":true,"valueName":"search_term_string"}}],"inLanguage":"cs"},{"@type":"Organization","@id":"https:\/\/roangaplanet.com\/#organization","name":"Roanga Planet","url":"https:\/\/roangaplanet.com\/","logo":{"@type":"ImageObject","inLanguage":"cs","@id":"https:\/\/roangaplanet.com\/#\/schema\/logo\/image\/","url":"https:\/\/roangaplanet.com\/wp-content\/uploads\/2025\/07\/ROANGA_PLANET_favicon.png","contentUrl":"https:\/\/roangaplanet.com\/wp-content\/uploads\/2025\/07\/ROANGA_PLANET_favicon.png","width":250,"height":250,"caption":"Roanga Planet"},"image":{"@id":"https:\/\/roangaplanet.com\/#\/schema\/logo\/image\/"}}]}},"_links":{"self":[{"href":"https:\/\/roangaplanet.com\/cs\/wp-json\/wp\/v2\/pages\/2155","targetHints":{"allow":["GET"]}}],"collection":[{"href":"https:\/\/roangaplanet.com\/cs\/wp-json\/wp\/v2\/pages"}],"about":[{"href":"https:\/\/roangaplanet.com\/cs\/wp-json\/wp\/v2\/types\/page"}],"author":[{"embeddable":true,"href":"https:\/\/roangaplanet.com\/cs\/wp-json\/wp\/v2\/users\/1"}],"replies":[{"embeddable":true,"href":"https:\/\/roangaplanet.com\/cs\/wp-json\/wp\/v2\/comments?post=2155"}],"version-history":[{"count":0,"href":"https:\/\/roangaplanet.com\/cs\/wp-json\/wp\/v2\/pages\/2155\/revisions"}],"wp:attachment":[{"href":"https:\/\/roangaplanet.com\/cs\/wp-json\/wp\/v2\/media?parent=2155"}],"curies":[{"name":"wp","href":"https:\/\/api.w.org\/{rel}","templated":true}]}}