{"id":516,"date":"2025-05-26T19:25:44","date_gmt":"2025-05-26T19:25:44","guid":{"rendered":"https:\/\/roangaplanet.com\/dev\/?page_id=516"},"modified":"2026-02-17T12:04:40","modified_gmt":"2026-02-17T12:04:40","slug":"our-story","status":"publish","type":"page","link":"https:\/\/roangaplanet.com\/cs\/our-story\/","title":{"rendered":"Our story"},"content":{"rendered":"<div class='breakdance'><section class=\"bde-section-516-100 bde-section\">\n  \n  \n\t\n\n\n\n<div class=\"section-container\"><div class=\"bde-div-516-101 bde-div\">\n  \n  \n\t\n\n\n\n<a class=\"bde-container-link-516-102 bde-container-link breakdance-link\" href=\"https:\/\/roangaplanet.com\/cs\/\" target=\"_self\" data-type=\"url\">\n  \n  \n\t\n\n\n\n<div class=\"bde-text-516-103 bde-text\">\n<\n<\/div><div class=\"bde-text-516-104 bde-text\">\nZp\u00e1tky dom\u016f\n<\/div>\n\n<\/a><h1 class=\"bde-heading-516-105 bde-heading\">\nP\u0159\u00edb\u011bh\n<\/h1>\n<\/div><\/div>\n<\/section><section class=\"bde-section-516-107 bde-section\">\n  \n  \n\t\n\n\n\n<div class=\"section-container\"><div class=\"bde-div-516-108 bde-div\">\n  \n  \n\t\n\n\n\n<h5 class=\"bde-heading-516-109 bde-heading\">\n\u201eKr\u00e1\u010d\u00edme vp\u0159ed, vedeni moudrost\u00ed minulosti.\u201c\n<\/h5>\n<\/div><img decoding=\"async\" class=\"bde-image2-516-110 bde-image2\" src=\"https:\/\/roangaplanet.com\/wp-content\/uploads\/2025\/05\/Image-The-old-tree.jpg\" loading=\"lazy\" srcset=\"https:\/\/roangaplanet.com\/wp-content\/uploads\/2025\/05\/Image-The-old-tree.jpg 802w, https:\/\/roangaplanet.com\/wp-content\/uploads\/2025\/05\/Image-The-old-tree-300x146.jpg 300w, https:\/\/roangaplanet.com\/wp-content\/uploads\/2025\/05\/Image-The-old-tree-768x373.jpg 768w, https:\/\/roangaplanet.com\/wp-content\/uploads\/2025\/05\/Image-The-old-tree-600x292.jpg 600w\" sizes=\"(max-width: 802px) 100vw, 802px\"><div class=\"bde-div-516-111 bde-div\">\n  \n  \n\t\n\n\n\n<h5 class=\"bde-heading-516-112 bde-heading\">\n&quot;Ke hoki whakamua ahau me te titiro whakamuri.&quot;\n<\/h5>\n<\/div><div class=\"bde-div-516-114 bde-div\">\n  \n  \n\t\n\n\n\n<h4 class=\"bde-heading-516-113 bde-heading\">\nPod stromem pohostinnosti\n<\/h4>\n<\/div><div class=\"bde-rich-text-516-116 bde-rich-text breakdance-rich-text-styles\">\n<p>Kdy\u017e jsem poprv\u00e9 vystoupil z letadla na Nov\u00e9m Z\u00e9landu, vlastn\u011b jsem nev\u011bd\u011bl, co m\u00e1m o\u010dek\u00e1vat. V\u011bd\u011bl jsem jen, \u017ee pot\u0159ebuji na chv\u00edli ut\u00e9ct \u2013 od shonu, hluku a ne\u00faprosn\u00e9ho b\u011bhu \u010dasu. U\u017e b\u011bhem prvn\u00edch dn\u016f jsem c\u00edtil, \u017ee tady plyne \u010das jinak. Jako by mi stromy \u0161eptaly, abych zpomalil, jako by v\u00edtr nesl slova, kter\u00fdm jsem zat\u00edm nerozum\u011bl, ale p\u0159esto mi byla pov\u011bdom\u00e1.<\/p><p>Jednoho r\u00e1na, p\u0159i t\u00fa\u0159e kolem jezera Taup\u014d, jsem potkal star\u0161\u00edho mu\u017ee \u2013 Maora jm\u00e9nem Rangi. Sed\u011bl pod mohutn\u00fdm stromem pohutukawa a hled\u011bl na klidnou hladinu vody. Usm\u00e1l se a gestem m\u011b pozval, abych si p\u0159isedl. Moc nemluvil, ale jeho p\u0159\u00edtomnost v sob\u011b nesla s\u00edlu, jakou jsem u\u017e dlouho nec\u00edtil.<br \/><strong>\u201eTady naslouch\u00e1me zemi,\u201c<\/strong> \u0159ekl ti\u0161e. <strong>\u201eNechod\u00ed\u0161 po n\u00ed jako turista. Kdy\u017e otev\u0159e\u0161 srdce, povede t\u011b.\u201c<\/strong><\/p><p>Z\u016fstal jsem s Rangim n\u011bkolik dn\u00ed. U\u010dil m\u011b rozpozn\u00e1vat pta\u010d\u00ed zp\u011bv, sb\u00edrat l\u00e9\u010div\u00e9 rostliny, vn\u00edmat p\u0159\u00edb\u011bhy ukryt\u00e9 v \u0159ece, kamenech i mlze. Ale p\u0159edev\u0161\u00edm m\u011b znovu nau\u010dil b\u00fdt tich\u00fd s\u00e1m v sob\u011b. A v tom tichu jsem usly\u0161el sv\u016fj vlastn\u00ed hlas \u2013 ten, kter\u00fd jsem ztratil v hluku sv\u011bta.<br \/>Kdy\u017e jsem odj\u00ed\u017ed\u011bl, Rangi mi podal mal\u00fd k\u00e1men \u2013 hladk\u00fd, zelen\u00fd, vyryt\u00fd listem stromu, kter\u00fd je v maorsk\u00e9 kultu\u0159e symbolem s\u00edly, l\u00e9\u010den\u00ed a ochrany\u2026<br \/><strong>\u201eTo je pounamu,\u201c<\/strong> \u0159ekl. <strong>\u201eZelen\u00fd k\u00e1men. Ne pro \u0161t\u011bst\u00ed. Ale abys nezapomn\u011bl.\u201c<\/strong><br \/>Nos\u00edm ho dodnes. Ne pro \u0161t\u011bst\u00ed.<br \/>Ale abych nezapomn\u011bl.<\/p>\n<\/div><div class=\"bde-text-516-117 bde-text\">\nNori\n<\/div><\/div>\n<\/section><div class=\"bde-globalblock-516-144 bde-globalblock\"><div class='breakdance'><section class=\"bde-section-1987-143-1987-1 bde-section bde-section-1987-143\">\n              \n  \n  \n\t\n\n  <div class=\"section-background-overlay\"><\/div>\n\n\n<div class=\"section-container\"><div class=\"bde-div-1987-144-1987-1 bde-div bde-div-1987-144\">\n  \n  \n\t\n\n\n\n<img decoding=\"async\" class=\"bde-image2-1987-145-1987-1 bde-image2 bde-image2-1987-145\" src=\"https:\/\/roangaplanet.com\/wp-content\/uploads\/2025\/12\/product_section_front_infinity_2-1-scaled-e1770722458116.png\" loading=\"lazy\" srcset=\"https:\/\/roangaplanet.com\/wp-content\/uploads\/2025\/12\/product_section_front_infinity_2-1-scaled-e1770722458116.png 1937w, https:\/\/roangaplanet.com\/wp-content\/uploads\/2025\/12\/product_section_front_infinity_2-1-scaled-e1770722458116-286x300.png 286w, https:\/\/roangaplanet.com\/wp-content\/uploads\/2025\/12\/product_section_front_infinity_2-1-scaled-e1770722458116-975x1024.png 975w, https:\/\/roangaplanet.com\/wp-content\/uploads\/2025\/12\/product_section_front_infinity_2-1-scaled-e1770722458116-768x806.png 768w, https:\/\/roangaplanet.com\/wp-content\/uploads\/2025\/12\/product_section_front_infinity_2-1-scaled-e1770722458116-1463x1536.png 1463w, https:\/\/roangaplanet.com\/wp-content\/uploads\/2025\/12\/product_section_front_infinity_2-1-scaled-e1770722458116-11x12.png 11w\" sizes=\"(max-width: 1937px) 100vw, 1937px\"><div class=\"bde-div-1987-146-1987-1 bde-div bde-div-1987-146\">\n  \n  \n\t\n\n\n\n<div class=\"bde-text-1987-147-1987-1 bde-text bde-text-1987-147\">\nObjevte tajemstv\u00ed p\u0159irozen\u00e9 regenerace z nedot\u010den\u00e9 p\u0159\u00edrody Nov\u00e9ho Z\u00e9landu\n<\/div><h1 class=\"bde-heading-1987-148-1987-1 bde-heading bde-heading-1987-148\">\nRoanga\u00ae infinity\n<\/h1><h5 class=\"bde-heading-1987-104-1987-1 bde-heading bde-heading-1987-104\">\nNov\u00fd standard v\u011bdom\u00e9 p\u00e9\u010de o sebe\n<\/h5><h1 class=\"bde-heading-1987-105-1987-1 bde-heading bde-heading-1987-105\">\nInspirov\u00e1no p\u0159\u00edrodou. Podlo\u017eeno v\u011bdou.\n<\/h1><div class=\"bde-text-1987-149-1987-1 bde-text bde-text-1987-149\">\nUnik\u00e1tn\u011b strukturovan\u00fd LIFETIME program, kter\u00fd systematicky podporuje fyziologick\u00e9 procesy v t\u011ble a pom\u00e1h\u00e1 p\u0159edch\u00e1zet potenci\u00e1ln\u00edm nerovnov\u00e1h\u00e1m.<br>Vych\u00e1z\u00ed z dlouhodob\u00e9ho v\u00fdzkumu a odborn\u00fdch p\u0159\u00edstup\u016f, kter\u00e9 origin\u00e1ln\u00edm zp\u016fsobem propojuj\u00ed tradi\u010dn\u00ed moudrost M\u0101ori s modern\u00ed v\u011bdou.<br><b>C\u00edlem programu je podpo\u0159it hlub\u0161\u00ed \u00farove\u0148 \u017eivotn\u00ed energie, zv\u00fd\u0161it odolnost organismu a p\u0159isp\u011bt k dlouhodob\u00e9 vitalit\u011b.<\/b><br>\n<\/div><div class=\"bde-div-1987-150-1987-1 bde-div bde-div-1987-150\">\n  \n  \n\t\n\n\n\n<div class=\"bde-div-1987-151-1987-1 bde-div bde-div-1987-151\">\n  \n  \n\t\n\n\n\n<div class=\"bde-button-1987-152-1987-1 bde-button discover bde-button-1987-152\">\n    \n                        \n                        \n    \n    \n    \n    \n            \n                    \n            \n            \n\n    \n    \n    \n    \n    \n    <a class=\"breakdance-link button-atom button-atom--custom bde-button__button\" href=\"https:\/\/roangaplanet.com\/cs\/about-roanga-infinity\/\" target=\"_self\" data-type=\"url\"  >\n\n    \n        <span class=\"button-atom__text\">OBJEVTE Roanga\u00ae Infinity<\/span>\n\n        \n        \n                <\/a>\n\n    \n\n\n<\/div><div class=\"bde-button-1987-153-1987-1 bde-button bde-button-1987-153\">\n    \n                        \n                        \n    \n    \n    \n    \n            \n                    \n            \n            \n\n    \n    \n    \n    \n    \n    <a class=\"breakdance-link button-atom button-atom--custom bde-button__button\" href=\"https:\/\/shop.roangaplanet.com\/cs\/\" target=\"_self\" data-type=\"url\"  >\n\n    \n        <span class=\"button-atom__text\">Objednat Roanga\u00ae infinity<\/span>\n\n        \n        \n                <\/a>\n\n    \n\n\n<\/div>\n<\/div>\n<\/div>\n<\/div>\n<\/div><\/div>\n<\/section><\/div><\/div><\/div>","protected":false},"excerpt":{"rendered":"<p>< Back to home Story \u201cI walk back to the future with my gaze fixed on the past.\u201d \"Ke hoki whakamua ahau me te titiro whakamuri.\" Under the Tree of Hospitality When I first stepped off the plane in New Zealand, I didn\u2019t quite know what to expect. I only knew I needed to escape [&hellip;]\n<\/p>","protected":false},"author":1,"featured_media":0,"parent":0,"menu_order":0,"comment_status":"closed","ping_status":"closed","template":"","meta":{"_acf_changed":false,"_breakdance_hide_in_design_set":false,"_breakdance_tags":"","footnotes":""},"class_list":["post-516","page","type-page","status-publish","hentry"],"acf":[],"yoast_head":"<!-- This site is optimized with the Yoast SEO plugin v27.2 - https:\/\/yoast.com\/product\/yoast-seo-wordpress\/ -->\n<title>Our story - Roanga Planet<\/title>\n<meta name=\"robots\" content=\"index, follow, max-snippet:-1, max-image-preview:large, max-video-preview:-1\" \/>\n<link rel=\"canonical\" href=\"https:\/\/roangaplanet.com\/cs\/our-story\/\" \/>\n<meta property=\"og:locale\" content=\"cs_CZ\" \/>\n<meta property=\"og:type\" content=\"article\" \/>\n<meta property=\"og:title\" content=\"Our story - Roanga Planet\" \/>\n<meta property=\"og:description\" content=\"&lt; Back to home Story \u201cI walk back to the future with my gaze fixed on the past.\u201d &quot;Ke hoki whakamua ahau me te titiro whakamuri.&quot; Under the Tree of Hospitality When I first stepped off the plane in New Zealand, I didn\u2019t quite know what to expect. I only knew I needed to escape [&hellip;]\" \/>\n<meta property=\"og:url\" content=\"https:\/\/roangaplanet.com\/cs\/our-story\/\" \/>\n<meta property=\"og:site_name\" content=\"Roanga Planet\" \/>\n<meta property=\"article:modified_time\" content=\"2026-02-17T12:04:40+00:00\" \/>\n<meta name=\"twitter:card\" content=\"summary_large_image\" \/>\n<script type=\"application\/ld+json\" class=\"yoast-schema-graph\">{\"@context\":\"https:\/\/schema.org\",\"@graph\":[{\"@type\":\"WebPage\",\"@id\":\"https:\/\/roangaplanet.com\/our-story\/\",\"url\":\"https:\/\/roangaplanet.com\/our-story\/\",\"name\":\"Our story - Roanga Planet\",\"isPartOf\":{\"@id\":\"https:\/\/roangaplanet.com\/#website\"},\"datePublished\":\"2025-05-26T19:25:44+00:00\",\"dateModified\":\"2026-02-17T12:04:40+00:00\",\"breadcrumb\":{\"@id\":\"https:\/\/roangaplanet.com\/our-story\/#breadcrumb\"},\"inLanguage\":\"cs\",\"potentialAction\":[{\"@type\":\"ReadAction\",\"target\":[\"https:\/\/roangaplanet.com\/our-story\/\"]}]},{\"@type\":\"BreadcrumbList\",\"@id\":\"https:\/\/roangaplanet.com\/our-story\/#breadcrumb\",\"itemListElement\":[{\"@type\":\"ListItem\",\"position\":1,\"name\":\"Home\",\"item\":\"https:\/\/roangaplanet.com\/\"},{\"@type\":\"ListItem\",\"position\":2,\"name\":\"Our story\"}]},{\"@type\":\"WebSite\",\"@id\":\"https:\/\/roangaplanet.com\/#website\",\"url\":\"https:\/\/roangaplanet.com\/\",\"name\":\"Roanga Planet\",\"description\":\"\",\"publisher\":{\"@id\":\"https:\/\/roangaplanet.com\/#organization\"},\"potentialAction\":[{\"@type\":\"SearchAction\",\"target\":{\"@type\":\"EntryPoint\",\"urlTemplate\":\"https:\/\/roangaplanet.com\/?s={search_term_string}\"},\"query-input\":{\"@type\":\"PropertyValueSpecification\",\"valueRequired\":true,\"valueName\":\"search_term_string\"}}],\"inLanguage\":\"cs\"},{\"@type\":\"Organization\",\"@id\":\"https:\/\/roangaplanet.com\/#organization\",\"name\":\"Roanga Planet\",\"url\":\"https:\/\/roangaplanet.com\/\",\"logo\":{\"@type\":\"ImageObject\",\"inLanguage\":\"cs\",\"@id\":\"https:\/\/roangaplanet.com\/#\/schema\/logo\/image\/\",\"url\":\"https:\/\/roangaplanet.com\/wp-content\/uploads\/2025\/07\/ROANGA_PLANET_favicon.png\",\"contentUrl\":\"https:\/\/roangaplanet.com\/wp-content\/uploads\/2025\/07\/ROANGA_PLANET_favicon.png\",\"width\":250,\"height\":250,\"caption\":\"Roanga Planet\"},\"image\":{\"@id\":\"https:\/\/roangaplanet.com\/#\/schema\/logo\/image\/\"}}]}<\/script>\n<!-- \/ Yoast SEO plugin. -->","yoast_head_json":{"title":"Our story - Roanga Planet","robots":{"index":"index","follow":"follow","max-snippet":"max-snippet:-1","max-image-preview":"max-image-preview:large","max-video-preview":"max-video-preview:-1"},"canonical":"https:\/\/roangaplanet.com\/cs\/our-story\/","og_locale":"cs_CZ","og_type":"article","og_title":"Our story - Roanga Planet","og_description":"< Back to home Story \u201cI walk back to the future with my gaze fixed on the past.\u201d \"Ke hoki whakamua ahau me te titiro whakamuri.\" Under the Tree of Hospitality When I first stepped off the plane in New Zealand, I didn\u2019t quite know what to expect. I only knew I needed to escape [&hellip;]","og_url":"https:\/\/roangaplanet.com\/cs\/our-story\/","og_site_name":"Roanga Planet","article_modified_time":"2026-02-17T12:04:40+00:00","twitter_card":"summary_large_image","schema":{"@context":"https:\/\/schema.org","@graph":[{"@type":"WebPage","@id":"https:\/\/roangaplanet.com\/our-story\/","url":"https:\/\/roangaplanet.com\/our-story\/","name":"Our story - Roanga Planet","isPartOf":{"@id":"https:\/\/roangaplanet.com\/#website"},"datePublished":"2025-05-26T19:25:44+00:00","dateModified":"2026-02-17T12:04:40+00:00","breadcrumb":{"@id":"https:\/\/roangaplanet.com\/our-story\/#breadcrumb"},"inLanguage":"cs","potentialAction":[{"@type":"ReadAction","target":["https:\/\/roangaplanet.com\/our-story\/"]}]},{"@type":"BreadcrumbList","@id":"https:\/\/roangaplanet.com\/our-story\/#breadcrumb","itemListElement":[{"@type":"ListItem","position":1,"name":"Home","item":"https:\/\/roangaplanet.com\/"},{"@type":"ListItem","position":2,"name":"Our story"}]},{"@type":"WebSite","@id":"https:\/\/roangaplanet.com\/#website","url":"https:\/\/roangaplanet.com\/","name":"Roanga Planet","description":"","publisher":{"@id":"https:\/\/roangaplanet.com\/#organization"},"potentialAction":[{"@type":"SearchAction","target":{"@type":"EntryPoint","urlTemplate":"https:\/\/roangaplanet.com\/?s={search_term_string}"},"query-input":{"@type":"PropertyValueSpecification","valueRequired":true,"valueName":"search_term_string"}}],"inLanguage":"cs"},{"@type":"Organization","@id":"https:\/\/roangaplanet.com\/#organization","name":"Roanga Planet","url":"https:\/\/roangaplanet.com\/","logo":{"@type":"ImageObject","inLanguage":"cs","@id":"https:\/\/roangaplanet.com\/#\/schema\/logo\/image\/","url":"https:\/\/roangaplanet.com\/wp-content\/uploads\/2025\/07\/ROANGA_PLANET_favicon.png","contentUrl":"https:\/\/roangaplanet.com\/wp-content\/uploads\/2025\/07\/ROANGA_PLANET_favicon.png","width":250,"height":250,"caption":"Roanga Planet"},"image":{"@id":"https:\/\/roangaplanet.com\/#\/schema\/logo\/image\/"}}]}},"_links":{"self":[{"href":"https:\/\/roangaplanet.com\/cs\/wp-json\/wp\/v2\/pages\/516","targetHints":{"allow":["GET"]}}],"collection":[{"href":"https:\/\/roangaplanet.com\/cs\/wp-json\/wp\/v2\/pages"}],"about":[{"href":"https:\/\/roangaplanet.com\/cs\/wp-json\/wp\/v2\/types\/page"}],"author":[{"embeddable":true,"href":"https:\/\/roangaplanet.com\/cs\/wp-json\/wp\/v2\/users\/1"}],"replies":[{"embeddable":true,"href":"https:\/\/roangaplanet.com\/cs\/wp-json\/wp\/v2\/comments?post=516"}],"version-history":[{"count":0,"href":"https:\/\/roangaplanet.com\/cs\/wp-json\/wp\/v2\/pages\/516\/revisions"}],"wp:attachment":[{"href":"https:\/\/roangaplanet.com\/cs\/wp-json\/wp\/v2\/media?parent=516"}],"curies":[{"name":"wp","href":"https:\/\/api.w.org\/{rel}","templated":true}]}}