{"id":2155,"date":"2025-12-14T10:30:32","date_gmt":"2025-12-14T10:30:32","guid":{"rendered":"https:\/\/roangaplanet.com\/?page_id=2155"},"modified":"2026-02-17T12:06:49","modified_gmt":"2026-02-17T12:06:49","slug":"about-us","status":"publish","type":"page","link":"https:\/\/roangaplanet.com\/de\/about-us\/","title":{"rendered":"\u00dcber uns"},"content":{"rendered":"<div class='breakdance'><section class=\"bde-section-2155-100 bde-section\">\n  \n  \n\t\n\n\n\n<div class=\"section-container\"><div class=\"bde-div-2155-101 bde-div\">\n  \n  \n\t\n\n\n\n<a class=\"bde-container-link-2155-102 bde-container-link breakdance-link\" href=\"https:\/\/roangaplanet.com\/de\/\" target=\"_self\" data-type=\"url\">\n  \n  \n\t\n\n\n\n<div class=\"bde-text-2155-103 bde-text\">\n<\n<\/div><div class=\"bde-text-2155-104 bde-text\">\nZur\u00fcck nach Hause\n<\/div>\n\n<\/a><h1 class=\"bde-heading-2155-105 bde-heading\">\n\u00dcber uns\n<\/h1><h5 class=\"bde-heading-2155-116 bde-heading\">\n\u201eWo Natur auf Wissenschaft trifft.\u201c\n<\/h5><div class=\"bde-rich-text-2155-120 bde-rich-text breakdance-rich-text-styles\">\n<p>Nach jahrelanger Erfahrung in der Entwicklung, Herstellung und dem Vertrieb von Produkten in Zusammenarbeit mit f\u00fchrenden neuseel\u00e4ndischen Landwirtschaftsbetrieben, Laboren und Wissenschaftlern weiten wir unsere Mission nun auf Europa und die USA aus.<\/p><p>Hier stellen wir unser Premium-Regenerationsprogramm vor, eine Edition speziell f\u00fcr aktive Menschen und Sportler, sowie L\u00f6sungen mit Fokus auf langfristige Pr\u00e4vention.<\/p><p>Zu dieser Vision geh\u00f6rt auch ein umfassendes Portfolio an innovativen Nahrungserg\u00e4nzungsmitteln, die von der Reinheit und dem nat\u00fcrlichen Reichtum Neuseelands inspiriert sind.<\/p>\n<\/div>\n<\/div><div class=\"bde-columns-2155-121 bde-columns\"><div class=\"bde-column-2155-122 bde-column\">\n  \n  \n\t\n\n\n\n<img decoding=\"async\" class=\"bde-image2-2155-123 bde-image2\" src=\"https:\/\/roangaplanet.com\/wp-content\/uploads\/2025\/12\/Layer_1.svg\" loading=\"lazy\"><div class=\"bde-div-2155-124 bde-div\">\n  \n  \n\t\n\n\n\n<h6 class=\"bde-heading-2155-125 bde-heading\">\nVision\n<\/h6><div class=\"bde-text-2155-126 bde-text\">\nUm das Gleichgewicht zwischen Mensch und Natur wiederherzustellen und den gegenseitigen Respekt zu vertiefen.\n<\/div>\n<\/div>\n<\/div><div class=\"bde-column-2155-127 bde-column\">\n  \n  \n\t\n\n\n\n<img decoding=\"async\" class=\"bde-image2-2155-128 bde-image2\" src=\"https:\/\/roangaplanet.com\/wp-content\/uploads\/2025\/12\/Layer_1-1.svg\" loading=\"lazy\"><div class=\"bde-div-2155-129 bde-div\">\n  \n  \n\t\n\n\n\n<h6 class=\"bde-heading-2155-130 bde-heading\">\nMission\n<\/h6><div class=\"bde-text-2155-131 bde-text\">\nProdukte zu entwickeln, die die nat\u00fcrliche Intelligenz des K\u00f6rpers unterst\u00fctzen und der Erde einen Mehrwert bieten.\n<\/div>\n<\/div>\n<\/div><div class=\"bde-column-2155-132 bde-column\">\n  \n  \n\t\n\n\n\n<img decoding=\"async\" class=\"bde-image2-2155-133 bde-image2\" src=\"https:\/\/roangaplanet.com\/wp-content\/uploads\/2025\/12\/Layer_1-2.svg\" loading=\"lazy\"><div class=\"bde-div-2155-134 bde-div\">\n  \n  \n\t\n\n\n\n<h6 class=\"bde-heading-2155-135 bde-heading\">\nHerkunft\n<\/h6><div class=\"bde-text-2155-136 bde-text\">\nGeboren in Neuseeland, wo Natur und Wissenschaft auf nat\u00fcrliche Weise aufeinandertreffen.\n<\/div>\n<\/div>\n<\/div><\/div><\/div>\n<\/section><section class=\"bde-section-2155-106 bde-section\">\n  \n  \n\t\n\n\n\n<div class=\"section-container\"><div class=\"bde-div-2155-107 bde-div\">\n  \n  \n\t\n\n\n\n<h3 class=\"bde-heading-2155-108 bde-heading\">\nROANGA\u00ae ist eine international registrierte Marke, die sich auf innovative Ern\u00e4hrung, Vitalit\u00e4t und nat\u00fcrliche Regeneration konzentriert.\n<\/h3><div class=\"bde-rich-text-2155-109 bde-rich-text breakdance-rich-text-styles\">\n<p data-start=\"1493\" data-end=\"1737\">Es basiert auf der \u00dcberzeugung, dass menschliches und planetarisches Wohlbefinden untrennbar miteinander verbundene Prinzipien sind. Wir streben danach, das Vertrauen in die nat\u00fcrlichen Prozesse des K\u00f6rpers wiederherzustellen und die Regeneration im Einklang mit dem Rhythmus der Natur zu unterst\u00fctzen.<\/p>\n<\/div><div class=\"bde-div-2155-110 bde-div\">\n  \n  \n\t\n\n\n\n<div class=\"bde-div-2155-138 bde-div\">\n  \n  \n\t\n\n\n\n<h5 class=\"bde-heading-2155-137 bde-heading\">\nBedeutung und Symbolik\n<\/h5><div class=\"bde-rich-text-2155-111 bde-rich-text breakdance-rich-text-styles\">\n<p data-start=\"1834\" data-end=\"2026\">Roanga bedeutet \u201eErweiterung, Fortsetzung\u201c \u2013 Leben in Bewegung. Es verk\u00f6rpert Energie, Erneuerung und Kontinuit\u00e4t.<\/p>\n<\/div>\n<\/div>\n<\/div>\n<\/div><img decoding=\"async\" class=\"bde-image2-2155-112 bde-image2\" src=\"https:\/\/roangaplanet.com\/wp-content\/uploads\/2025\/12\/image-31.jpg\" loading=\"lazy\" srcset=\"https:\/\/roangaplanet.com\/wp-content\/uploads\/2025\/12\/image-31.jpg 520w, https:\/\/roangaplanet.com\/wp-content\/uploads\/2025\/12\/image-31-252x300.jpg 252w, https:\/\/roangaplanet.com\/wp-content\/uploads\/2025\/12\/image-31-10x12.jpg 10w\" sizes=\"(max-width: 520px) 100vw, 520px\"><\/div>\n<\/section><section class=\"bde-section-2155-139 bde-section\">\n  \n  \n\t\n\n\n\n<div class=\"section-container\"><div class=\"bde-div-2155-142 bde-div\">\n  \n  \n\t\n\n\n\n<h2 class=\"bde-heading-2155-141 bde-heading\">\nEthischer Ansatz und Verantwortung\n<\/h2><div class=\"bde-rich-text-2155-143 bde-rich-text breakdance-rich-text-styles\">\n<p data-start=\"1493\" data-end=\"1737\">Jedes ROANGA\u00ae-Produkt ist so konzipiert, dass es effektiv, sauber und transparent ist \u2013 vom Ursprung der Rohstoffe bis zur endg\u00fcltigen Rezeptur.<\/p><p data-start=\"1493\" data-end=\"1737\">Der Respekt vor der Natur und die Verantwortung f\u00fcr unseren Planeten leiten jede unserer Entscheidungen.<\/p>\n<\/div>\n<\/div><img decoding=\"async\" class=\"bde-image2-2155-140 bde-image2\" src=\"https:\/\/roangaplanet.com\/wp-content\/uploads\/2025\/12\/roanga_planet_hero_deer_4-1.jpg\" loading=\"lazy\" srcset=\"https:\/\/roangaplanet.com\/wp-content\/uploads\/2025\/12\/roanga_planet_hero_deer_4-1.jpg 936w, https:\/\/roangaplanet.com\/wp-content\/uploads\/2025\/12\/roanga_planet_hero_deer_4-1-300x138.jpg 300w, https:\/\/roangaplanet.com\/wp-content\/uploads\/2025\/12\/roanga_planet_hero_deer_4-1-768x354.jpg 768w, https:\/\/roangaplanet.com\/wp-content\/uploads\/2025\/12\/roanga_planet_hero_deer_4-1-18x8.jpg 18w\" sizes=\"(max-width: 936px) 100vw, 936px\"><\/div>\n<\/section><\/div>","protected":false},"excerpt":{"rendered":"<p>< Back to home About us \u201cWhere Nature Meets Science.\u201d After years of experience developing, manufacturing and distributing products in collaboration with leading New Zealand farms, laboratories and scientists, we are expanding our mission to Europe and the USA.Here we present our premium regeneration program, an edition designed for active individuals and athletes, as well [&hellip;]\n<\/p>","protected":false},"author":1,"featured_media":0,"parent":0,"menu_order":0,"comment_status":"closed","ping_status":"closed","template":"","meta":{"_acf_changed":false,"_breakdance_hide_in_design_set":false,"_breakdance_tags":"","footnotes":""},"class_list":["post-2155","page","type-page","status-publish","hentry"],"acf":[],"yoast_head":"<!-- This site is optimized with the Yoast SEO plugin v27.2 - https:\/\/yoast.com\/product\/yoast-seo-wordpress\/ -->\n<title>About us - Roanga Planet<\/title>\n<meta name=\"robots\" content=\"index, follow, max-snippet:-1, max-image-preview:large, max-video-preview:-1\" \/>\n<link rel=\"canonical\" href=\"https:\/\/roangaplanet.com\/de\/about-us\/\" \/>\n<meta property=\"og:locale\" content=\"de_DE\" \/>\n<meta property=\"og:type\" content=\"article\" \/>\n<meta property=\"og:title\" content=\"About us - Roanga Planet\" \/>\n<meta property=\"og:description\" content=\"&lt; Back to home About us \u201cWhere Nature Meets Science.\u201d After years of experience developing, manufacturing and distributing products in collaboration with leading New Zealand farms, laboratories and scientists, we are expanding our mission to Europe and the USA.Here we present our premium regeneration program, an edition designed for active individuals and athletes, as well [&hellip;]\" \/>\n<meta property=\"og:url\" content=\"https:\/\/roangaplanet.com\/de\/about-us\/\" \/>\n<meta property=\"og:site_name\" content=\"Roanga Planet\" \/>\n<meta property=\"article:modified_time\" content=\"2026-02-17T12:06:49+00:00\" \/>\n<meta name=\"twitter:card\" content=\"summary_large_image\" \/>\n<script type=\"application\/ld+json\" class=\"yoast-schema-graph\">{\"@context\":\"https:\/\/schema.org\",\"@graph\":[{\"@type\":\"WebPage\",\"@id\":\"https:\/\/roangaplanet.com\/about-us\/\",\"url\":\"https:\/\/roangaplanet.com\/about-us\/\",\"name\":\"About us - Roanga Planet\",\"isPartOf\":{\"@id\":\"https:\/\/roangaplanet.com\/#website\"},\"datePublished\":\"2025-12-14T10:30:32+00:00\",\"dateModified\":\"2026-02-17T12:06:49+00:00\",\"breadcrumb\":{\"@id\":\"https:\/\/roangaplanet.com\/about-us\/#breadcrumb\"},\"inLanguage\":\"de\",\"potentialAction\":[{\"@type\":\"ReadAction\",\"target\":[\"https:\/\/roangaplanet.com\/about-us\/\"]}]},{\"@type\":\"BreadcrumbList\",\"@id\":\"https:\/\/roangaplanet.com\/about-us\/#breadcrumb\",\"itemListElement\":[{\"@type\":\"ListItem\",\"position\":1,\"name\":\"Home\",\"item\":\"https:\/\/roangaplanet.com\/\"},{\"@type\":\"ListItem\",\"position\":2,\"name\":\"About us\"}]},{\"@type\":\"WebSite\",\"@id\":\"https:\/\/roangaplanet.com\/#website\",\"url\":\"https:\/\/roangaplanet.com\/\",\"name\":\"Roanga Planet\",\"description\":\"\",\"publisher\":{\"@id\":\"https:\/\/roangaplanet.com\/#organization\"},\"potentialAction\":[{\"@type\":\"SearchAction\",\"target\":{\"@type\":\"EntryPoint\",\"urlTemplate\":\"https:\/\/roangaplanet.com\/?s={search_term_string}\"},\"query-input\":{\"@type\":\"PropertyValueSpecification\",\"valueRequired\":true,\"valueName\":\"search_term_string\"}}],\"inLanguage\":\"de\"},{\"@type\":\"Organization\",\"@id\":\"https:\/\/roangaplanet.com\/#organization\",\"name\":\"Roanga Planet\",\"url\":\"https:\/\/roangaplanet.com\/\",\"logo\":{\"@type\":\"ImageObject\",\"inLanguage\":\"de\",\"@id\":\"https:\/\/roangaplanet.com\/#\/schema\/logo\/image\/\",\"url\":\"https:\/\/roangaplanet.com\/wp-content\/uploads\/2025\/07\/ROANGA_PLANET_favicon.png\",\"contentUrl\":\"https:\/\/roangaplanet.com\/wp-content\/uploads\/2025\/07\/ROANGA_PLANET_favicon.png\",\"width\":250,\"height\":250,\"caption\":\"Roanga Planet\"},\"image\":{\"@id\":\"https:\/\/roangaplanet.com\/#\/schema\/logo\/image\/\"}}]}<\/script>\n<!-- \/ Yoast SEO plugin. -->","yoast_head_json":{"title":"About us - Roanga Planet","robots":{"index":"index","follow":"follow","max-snippet":"max-snippet:-1","max-image-preview":"max-image-preview:large","max-video-preview":"max-video-preview:-1"},"canonical":"https:\/\/roangaplanet.com\/de\/about-us\/","og_locale":"de_DE","og_type":"article","og_title":"About us - Roanga Planet","og_description":"< Back to home About us \u201cWhere Nature Meets Science.\u201d After years of experience developing, manufacturing and distributing products in collaboration with leading New Zealand farms, laboratories and scientists, we are expanding our mission to Europe and the USA.Here we present our premium regeneration program, an edition designed for active individuals and athletes, as well [&hellip;]","og_url":"https:\/\/roangaplanet.com\/de\/about-us\/","og_site_name":"Roanga Planet","article_modified_time":"2026-02-17T12:06:49+00:00","twitter_card":"summary_large_image","schema":{"@context":"https:\/\/schema.org","@graph":[{"@type":"WebPage","@id":"https:\/\/roangaplanet.com\/about-us\/","url":"https:\/\/roangaplanet.com\/about-us\/","name":"About us - Roanga Planet","isPartOf":{"@id":"https:\/\/roangaplanet.com\/#website"},"datePublished":"2025-12-14T10:30:32+00:00","dateModified":"2026-02-17T12:06:49+00:00","breadcrumb":{"@id":"https:\/\/roangaplanet.com\/about-us\/#breadcrumb"},"inLanguage":"de","potentialAction":[{"@type":"ReadAction","target":["https:\/\/roangaplanet.com\/about-us\/"]}]},{"@type":"BreadcrumbList","@id":"https:\/\/roangaplanet.com\/about-us\/#breadcrumb","itemListElement":[{"@type":"ListItem","position":1,"name":"Home","item":"https:\/\/roangaplanet.com\/"},{"@type":"ListItem","position":2,"name":"About us"}]},{"@type":"WebSite","@id":"https:\/\/roangaplanet.com\/#website","url":"https:\/\/roangaplanet.com\/","name":"Roanga Planet","description":"","publisher":{"@id":"https:\/\/roangaplanet.com\/#organization"},"potentialAction":[{"@type":"SearchAction","target":{"@type":"EntryPoint","urlTemplate":"https:\/\/roangaplanet.com\/?s={search_term_string}"},"query-input":{"@type":"PropertyValueSpecification","valueRequired":true,"valueName":"search_term_string"}}],"inLanguage":"de"},{"@type":"Organization","@id":"https:\/\/roangaplanet.com\/#organization","name":"Roanga Planet","url":"https:\/\/roangaplanet.com\/","logo":{"@type":"ImageObject","inLanguage":"de","@id":"https:\/\/roangaplanet.com\/#\/schema\/logo\/image\/","url":"https:\/\/roangaplanet.com\/wp-content\/uploads\/2025\/07\/ROANGA_PLANET_favicon.png","contentUrl":"https:\/\/roangaplanet.com\/wp-content\/uploads\/2025\/07\/ROANGA_PLANET_favicon.png","width":250,"height":250,"caption":"Roanga Planet"},"image":{"@id":"https:\/\/roangaplanet.com\/#\/schema\/logo\/image\/"}}]}},"_links":{"self":[{"href":"https:\/\/roangaplanet.com\/de\/wp-json\/wp\/v2\/pages\/2155","targetHints":{"allow":["GET"]}}],"collection":[{"href":"https:\/\/roangaplanet.com\/de\/wp-json\/wp\/v2\/pages"}],"about":[{"href":"https:\/\/roangaplanet.com\/de\/wp-json\/wp\/v2\/types\/page"}],"author":[{"embeddable":true,"href":"https:\/\/roangaplanet.com\/de\/wp-json\/wp\/v2\/users\/1"}],"replies":[{"embeddable":true,"href":"https:\/\/roangaplanet.com\/de\/wp-json\/wp\/v2\/comments?post=2155"}],"version-history":[{"count":0,"href":"https:\/\/roangaplanet.com\/de\/wp-json\/wp\/v2\/pages\/2155\/revisions"}],"wp:attachment":[{"href":"https:\/\/roangaplanet.com\/de\/wp-json\/wp\/v2\/media?parent=2155"}],"curies":[{"name":"wp","href":"https:\/\/api.w.org\/{rel}","templated":true}]}}