{"id":2155,"date":"2025-12-14T10:30:32","date_gmt":"2025-12-14T10:30:32","guid":{"rendered":"https:\/\/roangaplanet.com\/?page_id=2155"},"modified":"2026-02-17T12:06:49","modified_gmt":"2026-02-17T12:06:49","slug":"about-us","status":"publish","type":"page","link":"https:\/\/roangaplanet.com\/fr\/about-us\/","title":{"rendered":"\u00c0 propos de nous"},"content":{"rendered":"<div class='breakdance'><section class=\"bde-section-2155-100 bde-section\">\n  \n  \n\t\n\n\n\n<div class=\"section-container\"><div class=\"bde-div-2155-101 bde-div\">\n  \n  \n\t\n\n\n\n<a class=\"bde-container-link-2155-102 bde-container-link breakdance-link\" href=\"https:\/\/roangaplanet.com\/fr\/\" target=\"_self\" data-type=\"url\">\n  \n  \n\t\n\n\n\n<div class=\"bde-text-2155-103 bde-text\">\n<\n<\/div><div class=\"bde-text-2155-104 bde-text\">\nRetour \u00e0 l'accueil\n<\/div>\n\n<\/a><h1 class=\"bde-heading-2155-105 bde-heading\">\n\u00c0 propos de nous\n<\/h1><h5 class=\"bde-heading-2155-116 bde-heading\">\n\u00ab L\u00e0 o\u00f9 la nature rencontre la science. \u00bb\n<\/h5><div class=\"bde-rich-text-2155-120 bde-rich-text breakdance-rich-text-styles\">\n<p>Apr\u00e8s des ann\u00e9es d&#039;exp\u00e9rience dans le d\u00e9veloppement, la fabrication et la distribution de produits en collaboration avec des exploitations agricoles, des laboratoires et des scientifiques n\u00e9o-z\u00e9landais de premier plan, nous \u00e9tendons notre mission \u00e0 l&#039;Europe et aux \u00c9tats-Unis.<\/p><p>Nous vous pr\u00e9sentons ici notre programme de r\u00e9g\u00e9n\u00e9ration premium, une \u00e9dition con\u00e7ue pour les personnes actives et les athl\u00e8tes, ainsi que des solutions ax\u00e9es sur la pr\u00e9vention \u00e0 long terme.<\/p><p>Cette vision comprend \u00e9galement une gamme compl\u00e8te de compl\u00e9ments alimentaires innovants, inspir\u00e9s par la puret\u00e9 et la richesse naturelle de la Nouvelle-Z\u00e9lande.<\/p>\n<\/div>\n<\/div><div class=\"bde-columns-2155-121 bde-columns\"><div class=\"bde-column-2155-122 bde-column\">\n  \n  \n\t\n\n\n\n<img decoding=\"async\" class=\"bde-image2-2155-123 bde-image2\" src=\"https:\/\/roangaplanet.com\/wp-content\/uploads\/2025\/12\/Layer_1.svg\" loading=\"lazy\"><div class=\"bde-div-2155-124 bde-div\">\n  \n  \n\t\n\n\n\n<h6 class=\"bde-heading-2155-125 bde-heading\">\nVision\n<\/h6><div class=\"bde-text-2155-126 bde-text\">\nR\u00e9tablir l&#039;\u00e9quilibre entre l&#039;humanit\u00e9 et la nature et approfondir le respect mutuel.\n<\/div>\n<\/div>\n<\/div><div class=\"bde-column-2155-127 bde-column\">\n  \n  \n\t\n\n\n\n<img decoding=\"async\" class=\"bde-image2-2155-128 bde-image2\" src=\"https:\/\/roangaplanet.com\/wp-content\/uploads\/2025\/12\/Layer_1-1.svg\" loading=\"lazy\"><div class=\"bde-div-2155-129 bde-div\">\n  \n  \n\t\n\n\n\n<h6 class=\"bde-heading-2155-130 bde-heading\">\nMission\n<\/h6><div class=\"bde-text-2155-131 bde-text\">\nCr\u00e9er des produits qui soutiennent l&#039;intelligence naturelle du corps et rendent de la valeur \u00e0 la Terre.\n<\/div>\n<\/div>\n<\/div><div class=\"bde-column-2155-132 bde-column\">\n  \n  \n\t\n\n\n\n<img decoding=\"async\" class=\"bde-image2-2155-133 bde-image2\" src=\"https:\/\/roangaplanet.com\/wp-content\/uploads\/2025\/12\/Layer_1-2.svg\" loading=\"lazy\"><div class=\"bde-div-2155-134 bde-div\">\n  \n  \n\t\n\n\n\n<h6 class=\"bde-heading-2155-135 bde-heading\">\nOrigine\n<\/h6><div class=\"bde-text-2155-136 bde-text\">\nN\u00e9e en Nouvelle-Z\u00e9lande, o\u00f9 la nature et la science se rencontrent naturellement.\n<\/div>\n<\/div>\n<\/div><\/div><\/div>\n<\/section><section class=\"bde-section-2155-106 bde-section\">\n  \n  \n\t\n\n\n\n<div class=\"section-container\"><div class=\"bde-div-2155-107 bde-div\">\n  \n  \n\t\n\n\n\n<h3 class=\"bde-heading-2155-108 bde-heading\">\nROANGA\u00ae est une marque d\u00e9pos\u00e9e \u00e0 l&#039;international, ax\u00e9e sur la nutrition innovante, la vitalit\u00e9 et la r\u00e9g\u00e9n\u00e9ration naturelle.\n<\/h3><div class=\"bde-rich-text-2155-109 bde-rich-text breakdance-rich-text-styles\">\n<p data-start=\"1493\" data-end=\"1737\">Elle repose sur la conviction que le bien-\u00eatre humain et le bien-\u00eatre plan\u00e9taire sont des principes interd\u00e9pendants et indissociables. Nous nous effor\u00e7ons de restaurer la confiance dans les processus naturels du corps et de soutenir la r\u00e9g\u00e9n\u00e9ration en harmonie avec le rythme de la nature.<\/p>\n<\/div><div class=\"bde-div-2155-110 bde-div\">\n  \n  \n\t\n\n\n\n<div class=\"bde-div-2155-138 bde-div\">\n  \n  \n\t\n\n\n\n<h5 class=\"bde-heading-2155-137 bde-heading\">\nSignification et symbolisme\n<\/h5><div class=\"bde-rich-text-2155-111 bde-rich-text breakdance-rich-text-styles\">\n<p data-start=\"1834\" data-end=\"2026\">Roanga signifie \u00ab extension, continuation \u00bb \u2014 la vie en mouvement. Ce terme incarne l&#039;\u00e9nergie, le renouveau et la continuit\u00e9.<\/p>\n<\/div>\n<\/div>\n<\/div>\n<\/div><img decoding=\"async\" class=\"bde-image2-2155-112 bde-image2\" src=\"https:\/\/roangaplanet.com\/wp-content\/uploads\/2025\/12\/image-31.jpg\" loading=\"lazy\" srcset=\"https:\/\/roangaplanet.com\/wp-content\/uploads\/2025\/12\/image-31.jpg 520w, https:\/\/roangaplanet.com\/wp-content\/uploads\/2025\/12\/image-31-252x300.jpg 252w, https:\/\/roangaplanet.com\/wp-content\/uploads\/2025\/12\/image-31-10x12.jpg 10w\" sizes=\"(max-width: 520px) 100vw, 520px\"><\/div>\n<\/section><section class=\"bde-section-2155-139 bde-section\">\n  \n  \n\t\n\n\n\n<div class=\"section-container\"><div class=\"bde-div-2155-142 bde-div\">\n  \n  \n\t\n\n\n\n<h2 class=\"bde-heading-2155-141 bde-heading\">\nApproche \u00e9thique et responsabilit\u00e9\n<\/h2><div class=\"bde-rich-text-2155-143 bde-rich-text breakdance-rich-text-styles\">\n<p data-start=\"1493\" data-end=\"1737\">Chaque produit ROANGA\u00ae est con\u00e7u pour \u00eatre efficace, propre et transparent, de l&#039;origine des mati\u00e8res premi\u00e8res \u00e0 la formulation finale.<\/p><p data-start=\"1493\" data-end=\"1737\">Le respect de la nature et la responsabilit\u00e9 plan\u00e9taire guident chacune de nos d\u00e9cisions.<\/p>\n<\/div>\n<\/div><img decoding=\"async\" class=\"bde-image2-2155-140 bde-image2\" src=\"https:\/\/roangaplanet.com\/wp-content\/uploads\/2025\/12\/roanga_planet_hero_deer_4-1.jpg\" loading=\"lazy\" srcset=\"https:\/\/roangaplanet.com\/wp-content\/uploads\/2025\/12\/roanga_planet_hero_deer_4-1.jpg 936w, https:\/\/roangaplanet.com\/wp-content\/uploads\/2025\/12\/roanga_planet_hero_deer_4-1-300x138.jpg 300w, https:\/\/roangaplanet.com\/wp-content\/uploads\/2025\/12\/roanga_planet_hero_deer_4-1-768x354.jpg 768w, https:\/\/roangaplanet.com\/wp-content\/uploads\/2025\/12\/roanga_planet_hero_deer_4-1-18x8.jpg 18w\" sizes=\"(max-width: 936px) 100vw, 936px\"><\/div>\n<\/section><\/div>","protected":false},"excerpt":{"rendered":"<p>< Back to home About us \u201cWhere Nature Meets Science.\u201d After years of experience developing, manufacturing and distributing products in collaboration with leading New Zealand farms, laboratories and scientists, we are expanding our mission to Europe and the USA.Here we present our premium regeneration program, an edition designed for active individuals and athletes, as well [&hellip;]\n<\/p>","protected":false},"author":1,"featured_media":0,"parent":0,"menu_order":0,"comment_status":"closed","ping_status":"closed","template":"","meta":{"_acf_changed":false,"_breakdance_hide_in_design_set":false,"_breakdance_tags":"","footnotes":""},"class_list":["post-2155","page","type-page","status-publish","hentry"],"acf":[],"yoast_head":"<!-- This site is optimized with the Yoast SEO plugin v27.2 - https:\/\/yoast.com\/product\/yoast-seo-wordpress\/ -->\n<title>About us - Roanga Planet<\/title>\n<meta name=\"robots\" content=\"index, follow, max-snippet:-1, max-image-preview:large, max-video-preview:-1\" \/>\n<link rel=\"canonical\" href=\"https:\/\/roangaplanet.com\/fr\/about-us\/\" \/>\n<meta property=\"og:locale\" content=\"fr_FR\" \/>\n<meta property=\"og:type\" content=\"article\" \/>\n<meta property=\"og:title\" content=\"About us - Roanga Planet\" \/>\n<meta property=\"og:description\" content=\"&lt; Back to home About us \u201cWhere Nature Meets Science.\u201d After years of experience developing, manufacturing and distributing products in collaboration with leading New Zealand farms, laboratories and scientists, we are expanding our mission to Europe and the USA.Here we present our premium regeneration program, an edition designed for active individuals and athletes, as well [&hellip;]\" \/>\n<meta property=\"og:url\" content=\"https:\/\/roangaplanet.com\/fr\/about-us\/\" \/>\n<meta property=\"og:site_name\" content=\"Roanga Planet\" \/>\n<meta property=\"article:modified_time\" content=\"2026-02-17T12:06:49+00:00\" \/>\n<meta name=\"twitter:card\" content=\"summary_large_image\" \/>\n<script type=\"application\/ld+json\" class=\"yoast-schema-graph\">{\"@context\":\"https:\/\/schema.org\",\"@graph\":[{\"@type\":\"WebPage\",\"@id\":\"https:\/\/roangaplanet.com\/about-us\/\",\"url\":\"https:\/\/roangaplanet.com\/about-us\/\",\"name\":\"About us - Roanga Planet\",\"isPartOf\":{\"@id\":\"https:\/\/roangaplanet.com\/#website\"},\"datePublished\":\"2025-12-14T10:30:32+00:00\",\"dateModified\":\"2026-02-17T12:06:49+00:00\",\"breadcrumb\":{\"@id\":\"https:\/\/roangaplanet.com\/about-us\/#breadcrumb\"},\"inLanguage\":\"fr-FR\",\"potentialAction\":[{\"@type\":\"ReadAction\",\"target\":[\"https:\/\/roangaplanet.com\/about-us\/\"]}]},{\"@type\":\"BreadcrumbList\",\"@id\":\"https:\/\/roangaplanet.com\/about-us\/#breadcrumb\",\"itemListElement\":[{\"@type\":\"ListItem\",\"position\":1,\"name\":\"Home\",\"item\":\"https:\/\/roangaplanet.com\/\"},{\"@type\":\"ListItem\",\"position\":2,\"name\":\"About us\"}]},{\"@type\":\"WebSite\",\"@id\":\"https:\/\/roangaplanet.com\/#website\",\"url\":\"https:\/\/roangaplanet.com\/\",\"name\":\"Roanga Planet\",\"description\":\"\",\"publisher\":{\"@id\":\"https:\/\/roangaplanet.com\/#organization\"},\"potentialAction\":[{\"@type\":\"SearchAction\",\"target\":{\"@type\":\"EntryPoint\",\"urlTemplate\":\"https:\/\/roangaplanet.com\/?s={search_term_string}\"},\"query-input\":{\"@type\":\"PropertyValueSpecification\",\"valueRequired\":true,\"valueName\":\"search_term_string\"}}],\"inLanguage\":\"fr-FR\"},{\"@type\":\"Organization\",\"@id\":\"https:\/\/roangaplanet.com\/#organization\",\"name\":\"Roanga Planet\",\"url\":\"https:\/\/roangaplanet.com\/\",\"logo\":{\"@type\":\"ImageObject\",\"inLanguage\":\"fr-FR\",\"@id\":\"https:\/\/roangaplanet.com\/#\/schema\/logo\/image\/\",\"url\":\"https:\/\/roangaplanet.com\/wp-content\/uploads\/2025\/07\/ROANGA_PLANET_favicon.png\",\"contentUrl\":\"https:\/\/roangaplanet.com\/wp-content\/uploads\/2025\/07\/ROANGA_PLANET_favicon.png\",\"width\":250,\"height\":250,\"caption\":\"Roanga Planet\"},\"image\":{\"@id\":\"https:\/\/roangaplanet.com\/#\/schema\/logo\/image\/\"}}]}<\/script>\n<!-- \/ Yoast SEO plugin. -->","yoast_head_json":{"title":"About us - Roanga Planet","robots":{"index":"index","follow":"follow","max-snippet":"max-snippet:-1","max-image-preview":"max-image-preview:large","max-video-preview":"max-video-preview:-1"},"canonical":"https:\/\/roangaplanet.com\/fr\/about-us\/","og_locale":"fr_FR","og_type":"article","og_title":"About us - Roanga Planet","og_description":"< Back to home About us \u201cWhere Nature Meets Science.\u201d After years of experience developing, manufacturing and distributing products in collaboration with leading New Zealand farms, laboratories and scientists, we are expanding our mission to Europe and the USA.Here we present our premium regeneration program, an edition designed for active individuals and athletes, as well [&hellip;]","og_url":"https:\/\/roangaplanet.com\/fr\/about-us\/","og_site_name":"Roanga Planet","article_modified_time":"2026-02-17T12:06:49+00:00","twitter_card":"summary_large_image","schema":{"@context":"https:\/\/schema.org","@graph":[{"@type":"WebPage","@id":"https:\/\/roangaplanet.com\/about-us\/","url":"https:\/\/roangaplanet.com\/about-us\/","name":"About us - Roanga Planet","isPartOf":{"@id":"https:\/\/roangaplanet.com\/#website"},"datePublished":"2025-12-14T10:30:32+00:00","dateModified":"2026-02-17T12:06:49+00:00","breadcrumb":{"@id":"https:\/\/roangaplanet.com\/about-us\/#breadcrumb"},"inLanguage":"fr-FR","potentialAction":[{"@type":"ReadAction","target":["https:\/\/roangaplanet.com\/about-us\/"]}]},{"@type":"BreadcrumbList","@id":"https:\/\/roangaplanet.com\/about-us\/#breadcrumb","itemListElement":[{"@type":"ListItem","position":1,"name":"Home","item":"https:\/\/roangaplanet.com\/"},{"@type":"ListItem","position":2,"name":"About us"}]},{"@type":"WebSite","@id":"https:\/\/roangaplanet.com\/#website","url":"https:\/\/roangaplanet.com\/","name":"Roanga Planet","description":"","publisher":{"@id":"https:\/\/roangaplanet.com\/#organization"},"potentialAction":[{"@type":"SearchAction","target":{"@type":"EntryPoint","urlTemplate":"https:\/\/roangaplanet.com\/?s={search_term_string}"},"query-input":{"@type":"PropertyValueSpecification","valueRequired":true,"valueName":"search_term_string"}}],"inLanguage":"fr-FR"},{"@type":"Organization","@id":"https:\/\/roangaplanet.com\/#organization","name":"Roanga Planet","url":"https:\/\/roangaplanet.com\/","logo":{"@type":"ImageObject","inLanguage":"fr-FR","@id":"https:\/\/roangaplanet.com\/#\/schema\/logo\/image\/","url":"https:\/\/roangaplanet.com\/wp-content\/uploads\/2025\/07\/ROANGA_PLANET_favicon.png","contentUrl":"https:\/\/roangaplanet.com\/wp-content\/uploads\/2025\/07\/ROANGA_PLANET_favicon.png","width":250,"height":250,"caption":"Roanga Planet"},"image":{"@id":"https:\/\/roangaplanet.com\/#\/schema\/logo\/image\/"}}]}},"_links":{"self":[{"href":"https:\/\/roangaplanet.com\/fr\/wp-json\/wp\/v2\/pages\/2155","targetHints":{"allow":["GET"]}}],"collection":[{"href":"https:\/\/roangaplanet.com\/fr\/wp-json\/wp\/v2\/pages"}],"about":[{"href":"https:\/\/roangaplanet.com\/fr\/wp-json\/wp\/v2\/types\/page"}],"author":[{"embeddable":true,"href":"https:\/\/roangaplanet.com\/fr\/wp-json\/wp\/v2\/users\/1"}],"replies":[{"embeddable":true,"href":"https:\/\/roangaplanet.com\/fr\/wp-json\/wp\/v2\/comments?post=2155"}],"version-history":[{"count":0,"href":"https:\/\/roangaplanet.com\/fr\/wp-json\/wp\/v2\/pages\/2155\/revisions"}],"wp:attachment":[{"href":"https:\/\/roangaplanet.com\/fr\/wp-json\/wp\/v2\/media?parent=2155"}],"curies":[{"name":"wp","href":"https:\/\/api.w.org\/{rel}","templated":true}]}}