{"id":409,"date":"2025-05-19T11:51:33","date_gmt":"2025-05-19T11:51:33","guid":{"rendered":"https:\/\/roangaplanet.com\/dev\/?page_id=409"},"modified":"2025-09-03T18:53:26","modified_gmt":"2025-09-03T18:53:26","slug":"supplements","status":"publish","type":"page","link":"https:\/\/roangaplanet.com\/fr\/supplements\/","title":{"rendered":"Suppl\u00e9ments"},"content":{"rendered":"<div class='breakdance'><section class=\"bde-section-409-100 bde-section\">\n  \n  \n\t\n\n\n\n<div class=\"section-container\"><div class=\"bde-div-409-101 bde-div\">\n  \n  \n\t\n\n\n\n<a class=\"bde-container-link-409-102 bde-container-link breakdance-link\" href=\"https:\/\/roangaplanet.com\/fr\/\" target=\"_self\" data-type=\"url\">\n  \n  \n\t\n\n\n\n<div class=\"bde-text-409-103 bde-text\">\n<\n<\/div><div class=\"bde-text-409-104 bde-text\">\nRetour \u00e0 l'accueil\n<\/div>\n\n<\/a><h1 class=\"bde-heading-409-105 bde-heading\">\nSuppl\u00e9ments\n<\/h1>\n<\/div><\/div>\n<\/section><section class=\"bde-section-409-106 bde-section\">\n  \n  \n\t\n\n\n\n<div class=\"section-container\"><div class=\"bde-post-loop-409-108 bde-post-loop\">\r\n<\/div><\/div>\n<\/section><div class=\"bde-globalblock-409-112 bde-globalblock\"><div class='breakdance'><section class=\"bde-section-323-100-323-1 bde-section bde-section-323-100\">\n  \n  \n\t\n\n\n\n<div class=\"section-container\"><h2 class=\"bde-heading-323-101-323-1 bde-heading bde-heading-323-101\">\nB\u00e9n\u00e9fices pour le corps\n<\/h2><div class=\"bde-div-323-102-323-1 bde-div bde-div-323-102\">\n  \n  \n\t\n\n\n\n<div id=\"hlavni-slider\" class=\"bde-advancedslider-323-103-323-1 bde-advancedslider bde-advancedslider-323-103\">\n<div class=\"breakdance-swiper-wrapper\" data-swiper-id=\"103\">\n  <div class=\"swiper\">\n    <div class=\"swiper-wrapper\">\n      <div class=\"bde-advancedslide-323-104-323-1 bde-advancedslide bde-advancedslide-323-104 swiper-slide\"><div class=\"advanced-slider__slide\">\r\n  <div class=\"bde-columns-323-105-323-1 bde-columns bde-columns-323-105\"><div class=\"bde-column-323-106-323-1 bde-column bde-column-323-106\">\n  \n  \n\t\n\n\n\n<a class=\"bde-container-link-323-107-323-1 bde-container-link bde-container-link-323-107 breakdance-link\" href=\"https:\/\/roangaplanet.com\/fr\/stem-cells\/\" target=\"_self\" data-type=\"url\">\n  \n  \n\t\n\n\n\n<img decoding=\"async\" class=\"bde-image2-323-108-323-1 bde-image2 bde-image2-323-108\" src=\"https:\/\/roangaplanet.com\/wp-content\/uploads\/2025\/04\/piktos4.svg\" loading=\"lazy\"><h3 class=\"bde-heading-323-109-323-1 bde-heading bde-heading-323-109\">\nCellules souches\n<\/h3>\n\n<\/a>\n<\/div><\/div>\r\n<\/div><\/div><div class=\"bde-advancedslide-323-110-323-1 bde-advancedslide bde-advancedslide-323-110 swiper-slide\"><div class=\"advanced-slider__slide\">\r\n  <div class=\"bde-columns-323-111-323-1 bde-columns bde-columns-323-111\"><div class=\"bde-column-323-112-323-1 bde-column bde-column-323-112\">\n  \n  \n\t\n\n\n\n<a class=\"bde-container-link-323-113-323-1 bde-container-link bde-container-link-323-113 breakdance-link\" href=\"https:\/\/roangaplanet.com\/fr\/male-vitality\/\" target=\"_self\" data-type=\"url\">\n  \n  \n\t\n\n\n\n<img decoding=\"async\" class=\"bde-image2-323-114-323-1 bde-image2 bde-image2-323-114\" src=\"https:\/\/roangaplanet.com\/wp-content\/uploads\/2025\/04\/male.svg\" loading=\"lazy\"><h3 class=\"bde-heading-323-115-323-1 bde-heading bde-heading-323-115\">\nVitalit\u00e9 masculine\n<\/h3>\n\n<\/a>\n<\/div><\/div>\r\n<\/div><\/div><div class=\"bde-advancedslide-323-116-323-1 bde-advancedslide bde-advancedslide-323-116 swiper-slide\"><div class=\"advanced-slider__slide\">\r\n  <div class=\"bde-columns-323-117-323-1 bde-columns bde-columns-323-117\"><div class=\"bde-column-323-118-323-1 bde-column bde-column-323-118\">\n  \n  \n\t\n\n\n\n<a class=\"bde-container-link-323-119-323-1 bde-container-link bde-container-link-323-119 breakdance-link\" href=\"https:\/\/roangaplanet.com\/fr\/female-vitality\/\" target=\"_self\" data-type=\"url\">\n  \n  \n\t\n\n\n\n<img decoding=\"async\" class=\"bde-image2-323-120-323-1 bde-image2 bde-image2-323-120\" src=\"https:\/\/roangaplanet.com\/wp-content\/uploads\/2025\/04\/female.svg\" loading=\"lazy\"><h3 class=\"bde-heading-323-121-323-1 bde-heading bde-heading-323-121\">\nVitalit\u00e9 f\u00e9minine\n<\/h3>\n\n<\/a>\n<\/div><\/div>\r\n<\/div><\/div><div class=\"bde-advancedslide-323-122-323-1 bde-advancedslide bde-advancedslide-323-122 swiper-slide\"><div class=\"advanced-slider__slide\">\r\n  <div class=\"bde-columns-323-123-323-1 bde-columns bde-columns-323-123\"><div class=\"bde-column-323-124-323-1 bde-column bde-column-323-124\">\n  \n  \n\t\n\n\n\n<a class=\"bde-container-link-323-125-323-1 bde-container-link bde-container-link-323-125 breakdance-link\" href=\"https:\/\/roangaplanet.com\/fr\/bones-joints\/\" target=\"_self\" data-type=\"url\">\n  \n  \n\t\n\n\n\n<img decoding=\"async\" class=\"bde-image2-323-126-323-1 bde-image2 bde-image2-323-126\" src=\"https:\/\/roangaplanet.com\/wp-content\/uploads\/2025\/04\/piktos2.svg\" loading=\"lazy\"><h3 class=\"bde-heading-323-127-323-1 bde-heading bde-heading-323-127\">\nOs et articulations\n<\/h3>\n\n<\/a>\n<\/div><\/div>\r\n<\/div><\/div><div class=\"bde-advancedslide-323-128-323-1 bde-advancedslide bde-advancedslide-323-128 swiper-slide\"><div class=\"advanced-slider__slide\">\r\n  <div class=\"bde-columns-323-129-323-1 bde-columns bde-columns-323-129\"><div class=\"bde-column-323-130-323-1 bde-column bde-column-323-130\">\n  \n  \n\t\n\n\n\n<a class=\"bde-container-link-323-131-323-1 bde-container-link bde-container-link-323-131 breakdance-link\" href=\"https:\/\/roangaplanet.com\/fr\/eyes-vision\/\" target=\"_self\" data-type=\"url\">\n  \n  \n\t\n\n\n\n<img decoding=\"async\" class=\"bde-image2-323-132-323-1 bde-image2 bde-image2-323-132\" src=\"https:\/\/roangaplanet.com\/wp-content\/uploads\/2025\/04\/piktos9.svg\" loading=\"lazy\"><h3 class=\"bde-heading-323-133-323-1 bde-heading bde-heading-323-133\">\nYeux et vision\n<\/h3>\n\n<\/a>\n<\/div><\/div>\r\n<\/div><\/div><div class=\"bde-advancedslide-323-134-323-1 bde-advancedslide bde-advancedslide-323-134 swiper-slide\"><div class=\"advanced-slider__slide\">\r\n  <div class=\"bde-columns-323-135-323-1 bde-columns bde-columns-323-135\"><div class=\"bde-column-323-136-323-1 bde-column bde-column-323-136\">\n  \n  \n\t\n\n\n\n<img decoding=\"async\" class=\"bde-image2-323-137-323-1 bde-image2 bde-image2-323-137\" src=\"https:\/\/roangaplanet.com\/wp-content\/uploads\/2025\/04\/piktos.svg\" loading=\"lazy\"><h3 class=\"bde-heading-323-138-323-1 bde-heading bde-heading-323-138\">\nCerveau et syst\u00e8me nerveux\n<\/h3>\n<\/div><\/div>\r\n<\/div><\/div><div class=\"bde-advancedslide-323-139-323-1 bde-advancedslide bde-advancedslide-323-139 swiper-slide\"><div class=\"advanced-slider__slide\">\r\n  <div class=\"bde-columns-323-140-323-1 bde-columns bde-columns-323-140\"><div class=\"bde-column-323-141-323-1 bde-column bde-column-323-141\">\n  \n  \n\t\n\n\n\n<img decoding=\"async\" class=\"bde-image2-323-142-323-1 bde-image2 bde-image2-323-142\" src=\"https:\/\/roangaplanet.com\/wp-content\/uploads\/2025\/04\/piktos-1.svg\" loading=\"lazy\"><h3 class=\"bde-heading-323-143-323-1 bde-heading bde-heading-323-143\">\nPeau et cheveux\n<\/h3>\n<\/div><\/div>\r\n<\/div><\/div><div class=\"bde-advancedslide-323-144-323-1 bde-advancedslide bde-advancedslide-323-144 swiper-slide\"><div class=\"advanced-slider__slide\">\r\n  <div class=\"bde-columns-323-145-323-1 bde-columns bde-columns-323-145\"><div class=\"bde-column-323-146-323-1 bde-column bde-column-323-146\">\n  \n  \n\t\n\n\n\n<img decoding=\"async\" class=\"bde-image2-323-147-323-1 bde-image2 bde-image2-323-147\" src=\"https:\/\/roangaplanet.com\/wp-content\/uploads\/2025\/04\/piktos-2.svg\" loading=\"lazy\"><h3 class=\"bde-heading-323-148-323-1 bde-heading bde-heading-323-148\">\nCoeur et syst\u00e8me circulatoire\n<\/h3>\n<\/div><\/div>\r\n<\/div><\/div><div class=\"bde-advancedslide-323-149-323-1 bde-advancedslide bde-advancedslide-323-149 swiper-slide\"><div class=\"advanced-slider__slide\">\r\n  <div class=\"bde-columns-323-150-323-1 bde-columns bde-columns-323-150\"><div class=\"bde-column-323-151-323-1 bde-column bde-column-323-151\">\n  \n  \n\t\n\n\n\n<img decoding=\"async\" class=\"bde-image2-323-152-323-1 bde-image2 bde-image2-323-152\" src=\"https:\/\/roangaplanet.com\/wp-content\/uploads\/2025\/04\/piktos-3.svg\" loading=\"lazy\"><h3 class=\"bde-heading-323-153-323-1 bde-heading bde-heading-323-153\">\nSyst\u00e8me digestif\n<\/h3>\n<\/div><\/div>\r\n<\/div><\/div><div class=\"bde-advancedslide-323-154-323-1 bde-advancedslide bde-advancedslide-323-154 swiper-slide\"><div class=\"advanced-slider__slide\">\r\n  <div class=\"bde-columns-323-155-323-1 bde-columns bde-columns-323-155\"><div class=\"bde-column-323-156-323-1 bde-column bde-column-323-156\">\n  \n  \n\t\n\n\n\n<img decoding=\"async\" class=\"bde-image2-323-157-323-1 bde-image2 bde-image2-323-157\" src=\"https:\/\/roangaplanet.com\/wp-content\/uploads\/2025\/04\/piktos-4.svg\" loading=\"lazy\"><h3 class=\"bde-heading-323-158-323-1 bde-heading bde-heading-323-158\">\nFoie et d\u00e9sintoxication\n<\/h3>\n<\/div><\/div>\r\n<\/div><\/div><div class=\"bde-advancedslide-323-159-323-1 bde-advancedslide bde-advancedslide-323-159 swiper-slide\"><div class=\"advanced-slider__slide\">\r\n  <div class=\"bde-columns-323-160-323-1 bde-columns bde-columns-323-160\"><div class=\"bde-column-323-161-323-1 bde-column bde-column-323-161\">\n  \n  \n\t\n\n\n\n<img decoding=\"async\" class=\"bde-image2-323-162-323-1 bde-image2 bde-image2-323-162\" src=\"https:\/\/roangaplanet.com\/wp-content\/uploads\/2025\/04\/piktos-5.svg\" loading=\"lazy\"><h3 class=\"bde-heading-323-163-323-1 bde-heading bde-heading-323-163\">\nMuscles et performances physiques\n<\/h3>\n<\/div><\/div>\r\n<\/div><\/div><div class=\"bde-advancedslide-323-164-323-1 bde-advancedslide bde-advancedslide-323-164 swiper-slide\"><div class=\"advanced-slider__slide\">\r\n  <div class=\"bde-columns-323-165-323-1 bde-columns bde-columns-323-165\"><div class=\"bde-column-323-166-323-1 bde-column bde-column-323-166\">\n  \n  \n\t\n\n\n\n<img decoding=\"async\" class=\"bde-image2-323-167-323-1 bde-image2 bde-image2-323-167\" src=\"https:\/\/roangaplanet.com\/wp-content\/uploads\/2025\/04\/kidneys.png\" loading=\"lazy\" sizes=\"(max-width: 90px) 100vw, 90px\"><h3 class=\"bde-heading-323-168-323-1 bde-heading bde-heading-323-168\">\nReins et syst\u00e8me urinaire\n<\/h3>\n<\/div><\/div>\r\n<\/div><\/div>\n    <\/div>\n  <\/div>\n\n              <div class=\"swiper-button-prev\">\n            \n        <\/div>\n        <div class=\"swiper-button-next\">\n            \n        <\/div>\n    \n    \n<\/div>\n\n<\/div>\n<\/div><\/div>\n<\/section><section class=\"bde-section-323-199-323-1 bde-section bde-section-323-199\">\n  \n  \n\t\n\n\n\n<div class=\"section-container\"><div class=\"bde-div-323-200-323-1 bde-div bde-div-323-200\">\n  \n  \n\t\n\n\n\n<h1 class=\"bde-heading-323-201-323-1 bde-heading bde-heading-323-201\">\nRestez inform\u00e9 et obtenez<color2>$160 de produits gratuits<\/color2>\n<\/h1><div class=\"bde-text-323-202-323-1 bde-text bde-text-323-202\">\nInscrivez-vous \u00e0 notre lettre d'information pour rester inform\u00e9 de nos derni\u00e8res nouveaut\u00e9s et lancements de produits. En guise de remerciement, vous recevrez un code exclusif pour $160 de produits gratuits - envoy\u00e9 dans votre bo\u00eete de r\u00e9ception lorsque notre boutique sera en ligne.\n<\/div><div class=\"bde-div-323-203-323-1 bde-div bde-div-323-203\">\n  \n  \n\t\n\n\n\n<div class=\"bde-form-builder-323-204-323-1 bde-form-builder bde-form-builder-323-204\">\n\n<form id=\"7-days-protocol204\" class=\"breakdance-form breakdance-form--vertical\" data-options=\"{&quot;slug&quot;:&quot;custom&quot;,&quot;name&quot;:&quot;7 days protocol&quot;,&quot;ajaxUrl&quot;:&quot;https:\\\/\\\/roangaplanet.com\\\/wp-admin\\\/admin-ajax.php&quot;,&quot;clearOnSuccess&quot;:true,&quot;hideOnSuccess&quot;:false,&quot;successMessage&quot;:&quot;Thank you for submitting! We will contact you soon.&quot;,&quot;errorMessage&quot;:&quot;Something went wrong&quot;,&quot;redirect&quot;:false,&quot;redirectUrl&quot;:&quot;&quot;,&quot;customJavaScript&quot;:&quot;&quot;,&quot;recaptcha&quot;:{&quot;key&quot;:&quot;&quot;,&quot;enabled&quot;:false},&quot;honeypot_enabled&quot;:false,&quot;popupsOnSuccess&quot;:[],&quot;popupsOnError&quot;:[]}\" data-steps=\"0\" action=\"\" >\n  \n  \n  \n<div class=\"breakdance-form-field breakdance-form-field--email breakdance-form-field__hide-label\" >\n    \n    \n            <label class=\"breakdance-form-field__label\" for=\"email\">\n            Courriel<span class=\"breakdance-form-field__required\">*<\/span>\n        <\/label>\n    \n    <input\n    class=\"breakdance-form-field__input\"\n    id=\"email\"\n    aria-describedby=\"email\"\n    type=\"email\"\n    name=\"fields[email]\"\n    placeholder=\"VOTRE EMAIL\"\n    value=\"\"\n                \n        \n        \n    required\n>\n\n\n    \n    \n<\/div>\n\n\n<div class=\"breakdance-form-field breakdance-form-field--html\" >\n    \n    \n    \n    <div class=\"form-input-html\"\n    >\n  <div class=\"privacy\">En soumettant ce formulaire, vous acceptez <a href=\"#\">Politique de confidentialit\u00e9<\/a>.<\/div>\n<\/div>\n\n\n    \n    \n<\/div>\n\n\n  \n\n<div class=\"breakdance-form-field breakdance-form-footer\">\n    \n    \n                                    \n    \n    \n    \n    \n            \n            <button type=\"submit\" class=\"button-atom button-atom--primary breakdance-form-button breakdance-form-button__submit\"  >\n    \n        <span class=\"button-atom__text\">S'inscrire maintenant<\/span>\n\n        \n        \n            <\/button>\n    \n    <input type=\"hidden\" name=\"form_id\" value=\"204\">\n    <input type=\"hidden\" name=\"post_id\" value=\"323\">\n<\/div>\n\n  \n<input type=\"hidden\" name=\"trp-form-language\" value=\"fr\"\/><\/form>\n\n\n<\/div>\n<\/div>\n<\/div><\/div>\n<\/section><section class=\"bde-section-323-176-323-1 bde-section bde-section-323-176\">\n  \n  \n\t\n\n\n\n<div class=\"section-container\"><h2 class=\"bde-heading-323-177-323-1 bde-heading bde-heading-323-177\">\nDerniers articles et recherches\n<\/h2><div class=\"bde-post-loop-323-192-323-1 bde-post-loop bde-post-loop-323-192\"><div class=\"bde-loop bde-loop-grid ee-posts ee-posts-grid\">    <article class=\"bde-loop-item ee-post\">\n        <div class='breakdance'><div class=\"bde-columns-425-167-677-425-1 bde-columns bde-columns-425-167\"><div class=\"bde-column-425-180-677-425-1 bde-column bde-column-425-180\">\n  \n  \n\t\n\n\n\n<a class=\"bde-container-link-425-184-677-425-1 bde-container-link bde-container-link-425-184 breakdance-link\" href=\"https:\/\/roangaplanet.com\/fr\/article\/companion-animals-benefits-of-deer-velvet-are-now-being-increasingly-recognised-for-pets\/\" target=\"_self\" data-type=\"url\">\n  \n  \n\t\n\n\n\n<img decoding=\"async\" class=\"bde-image2-425-181-677-425-1 bde-image2 bde-image2-425-181\" src=\"https:\/\/roangaplanet.com\/wp-content\/uploads\/2025\/05\/health-animals__FocusFillMaxWyItMC4xMiIsIjAuMDkiLDk5NSw1OTdd.jpg\" loading=\"lazy\" srcset=\"https:\/\/roangaplanet.com\/wp-content\/uploads\/2025\/05\/health-animals__FocusFillMaxWyItMC4xMiIsIjAuMDkiLDk5NSw1OTdd.jpg 630w, https:\/\/roangaplanet.com\/wp-content\/uploads\/2025\/05\/health-animals__FocusFillMaxWyItMC4xMiIsIjAuMDkiLDk5NSw1OTdd-300x180.jpg 300w, https:\/\/roangaplanet.com\/wp-content\/uploads\/2025\/05\/health-animals__FocusFillMaxWyItMC4xMiIsIjAuMDkiLDk5NSw1OTdd-18x12.jpg 18w, https:\/\/roangaplanet.com\/wp-content\/uploads\/2025\/05\/health-animals__FocusFillMaxWyItMC4xMiIsIjAuMDkiLDk5NSw1OTdd-600x360.jpg 600w\" sizes=\"(max-width: 630px) 100vw, 630px\"><div class=\"bde-div-425-186-677-425-1 bde-div bde-div-425-186\">\n  \n  \n\t\n\n\n\n\n<\/div><h1 class=\"bde-heading-425-183-677-425-1 bde-heading bde-heading-425-183\">\nL'\u00e9l\u00e9gance du bien-\u00eatre : Le velours de cerf pour les animaux de compagnie ch\u00e9ris\n<\/h1>\n\n<\/a>\n<\/div><\/div><\/div>    <\/article>\n    <article class=\"bde-loop-item ee-post\">\n        <div class='breakdance'><div class=\"bde-columns-425-167-672-425-1 bde-columns bde-columns-425-167\"><div class=\"bde-column-425-180-672-425-1 bde-column bde-column-425-180\">\n  \n  \n\t\n\n\n\n<a class=\"bde-container-link-425-184-672-425-1 bde-container-link bde-container-link-425-184 breakdance-link\" href=\"https:\/\/roangaplanet.com\/fr\/article\/support-for-growth-for-all-members-of-the-family\/\" target=\"_self\" data-type=\"url\">\n  \n  \n\t\n\n\n\n<img decoding=\"async\" class=\"bde-image2-425-181-672-425-1 bde-image2 bde-image2-425-181\" src=\"https:\/\/roangaplanet.com\/wp-content\/uploads\/2025\/05\/health-growth__FocusFillMaxWyIwLjAwIiwiMC4wMCIsOTk1LDU5N10.jpg\" loading=\"lazy\" srcset=\"https:\/\/roangaplanet.com\/wp-content\/uploads\/2025\/05\/health-growth__FocusFillMaxWyIwLjAwIiwiMC4wMCIsOTk1LDU5N10.jpg 630w, https:\/\/roangaplanet.com\/wp-content\/uploads\/2025\/05\/health-growth__FocusFillMaxWyIwLjAwIiwiMC4wMCIsOTk1LDU5N10-300x180.jpg 300w, https:\/\/roangaplanet.com\/wp-content\/uploads\/2025\/05\/health-growth__FocusFillMaxWyIwLjAwIiwiMC4wMCIsOTk1LDU5N10-18x12.jpg 18w, https:\/\/roangaplanet.com\/wp-content\/uploads\/2025\/05\/health-growth__FocusFillMaxWyIwLjAwIiwiMC4wMCIsOTk1LDU5N10-600x360.jpg 600w\" sizes=\"(max-width: 630px) 100vw, 630px\"><div class=\"bde-div-425-186-672-425-1 bde-div bde-div-425-186\">\n  \n  \n\t\n\n\n\n\n<\/div><h1 class=\"bde-heading-425-183-672-425-1 bde-heading bde-heading-425-183\">\nSoutien \u00e0 la croissance : La force naturelle pour toute la famille\n<\/h1>\n\n<\/a>\n<\/div><\/div><\/div>    <\/article>\n    <article class=\"bde-loop-item ee-post\">\n        <div class='breakdance'><div class=\"bde-columns-425-167-667-425-1 bde-columns bde-columns-425-167\"><div class=\"bde-column-425-180-667-425-1 bde-column bde-column-425-180\">\n  \n  \n\t\n\n\n\n<a class=\"bde-container-link-425-184-667-425-1 bde-container-link bde-container-link-425-184 breakdance-link\" href=\"https:\/\/roangaplanet.com\/fr\/article\/healthy-joint-function-bone-strengthening-effect\/\" target=\"_self\" data-type=\"url\">\n  \n  \n\t\n\n\n\n<img decoding=\"async\" class=\"bde-image2-425-181-667-425-1 bde-image2 bde-image2-425-181\" src=\"https:\/\/roangaplanet.com\/wp-content\/uploads\/2025\/05\/health-joints__FocusFillMaxWyIwLjAwIiwiMC4wMCIsOTk1LDU5N10.jpg\" loading=\"lazy\" srcset=\"https:\/\/roangaplanet.com\/wp-content\/uploads\/2025\/05\/health-joints__FocusFillMaxWyIwLjAwIiwiMC4wMCIsOTk1LDU5N10.jpg 630w, https:\/\/roangaplanet.com\/wp-content\/uploads\/2025\/05\/health-joints__FocusFillMaxWyIwLjAwIiwiMC4wMCIsOTk1LDU5N10-300x180.jpg 300w, https:\/\/roangaplanet.com\/wp-content\/uploads\/2025\/05\/health-joints__FocusFillMaxWyIwLjAwIiwiMC4wMCIsOTk1LDU5N10-18x12.jpg 18w, https:\/\/roangaplanet.com\/wp-content\/uploads\/2025\/05\/health-joints__FocusFillMaxWyIwLjAwIiwiMC4wMCIsOTk1LDU5N10-600x360.jpg 600w\" sizes=\"(max-width: 630px) 100vw, 630px\"><div class=\"bde-div-425-186-667-425-1 bde-div bde-div-425-186\">\n  \n  \n\t\n\n\n\n\n<\/div><h1 class=\"bde-heading-425-183-667-425-1 bde-heading bde-heading-425-183\">\nDes articulations saines et des os solides : Soutien naturel au mouvement\n<\/h1>\n\n<\/a>\n<\/div><\/div><\/div>    <\/article>\n<\/div>\r\n<\/div><\/div>\n<\/section><\/div><\/div><\/div>","protected":false},"excerpt":{"rendered":"<p>< Back to home Supplements Benefits for body Stem cells Male vitality Female vitality Bones &#038; Joints Eyes &#038; Vision Brain &#038; Nervous System Skin &#038; Hair Heart &#038; Circulatory system Digestive System Liver &#038; Detox Muscles &#038; Physical Performance Kidneys &#038; Urinary System Stay informed and Get\u2028$160 Worth of Free Products Join our newsletter [&hellip;]\n<\/p>","protected":false},"author":1,"featured_media":0,"parent":0,"menu_order":0,"comment_status":"closed","ping_status":"closed","template":"","meta":{"_acf_changed":false,"_breakdance_hide_in_design_set":false,"_breakdance_tags":"","footnotes":""},"class_list":["post-409","page","type-page","status-publish","hentry"],"acf":[],"yoast_head":"<!-- This site is optimized with the Yoast SEO plugin v27.2 - https:\/\/yoast.com\/product\/yoast-seo-wordpress\/ -->\n<title>Supplements - Roanga Planet<\/title>\n<meta name=\"robots\" content=\"index, follow, max-snippet:-1, max-image-preview:large, max-video-preview:-1\" \/>\n<link rel=\"canonical\" href=\"https:\/\/roangaplanet.com\/fr\/supplements\/\" \/>\n<meta property=\"og:locale\" content=\"fr_FR\" \/>\n<meta property=\"og:type\" content=\"article\" \/>\n<meta property=\"og:title\" content=\"Supplements - Roanga Planet\" \/>\n<meta property=\"og:description\" content=\"&lt; Back to home Supplements Benefits for body Stem cells Male vitality Female vitality Bones &amp; Joints Eyes &amp; Vision Brain &amp; Nervous System Skin &amp; Hair Heart &amp; Circulatory system Digestive System Liver &amp; Detox Muscles &amp; Physical Performance Kidneys &amp; Urinary System Stay informed and Get\u2028$160 Worth of Free Products Join our newsletter [&hellip;]\" \/>\n<meta property=\"og:url\" content=\"https:\/\/roangaplanet.com\/fr\/supplements\/\" \/>\n<meta property=\"og:site_name\" content=\"Roanga Planet\" \/>\n<meta property=\"article:modified_time\" content=\"2025-09-03T18:53:26+00:00\" \/>\n<meta name=\"twitter:card\" content=\"summary_large_image\" \/>\n<script type=\"application\/ld+json\" class=\"yoast-schema-graph\">{\"@context\":\"https:\/\/schema.org\",\"@graph\":[{\"@type\":\"WebPage\",\"@id\":\"https:\/\/roangaplanet.com\/supplements\/\",\"url\":\"https:\/\/roangaplanet.com\/supplements\/\",\"name\":\"Supplements - Roanga Planet\",\"isPartOf\":{\"@id\":\"https:\/\/roangaplanet.com\/#website\"},\"datePublished\":\"2025-05-19T11:51:33+00:00\",\"dateModified\":\"2025-09-03T18:53:26+00:00\",\"breadcrumb\":{\"@id\":\"https:\/\/roangaplanet.com\/supplements\/#breadcrumb\"},\"inLanguage\":\"fr-FR\",\"potentialAction\":[{\"@type\":\"ReadAction\",\"target\":[\"https:\/\/roangaplanet.com\/supplements\/\"]}]},{\"@type\":\"BreadcrumbList\",\"@id\":\"https:\/\/roangaplanet.com\/supplements\/#breadcrumb\",\"itemListElement\":[{\"@type\":\"ListItem\",\"position\":1,\"name\":\"Home\",\"item\":\"https:\/\/roangaplanet.com\/\"},{\"@type\":\"ListItem\",\"position\":2,\"name\":\"Supplements\"}]},{\"@type\":\"WebSite\",\"@id\":\"https:\/\/roangaplanet.com\/#website\",\"url\":\"https:\/\/roangaplanet.com\/\",\"name\":\"Roanga Planet\",\"description\":\"\",\"publisher\":{\"@id\":\"https:\/\/roangaplanet.com\/#organization\"},\"potentialAction\":[{\"@type\":\"SearchAction\",\"target\":{\"@type\":\"EntryPoint\",\"urlTemplate\":\"https:\/\/roangaplanet.com\/?s={search_term_string}\"},\"query-input\":{\"@type\":\"PropertyValueSpecification\",\"valueRequired\":true,\"valueName\":\"search_term_string\"}}],\"inLanguage\":\"fr-FR\"},{\"@type\":\"Organization\",\"@id\":\"https:\/\/roangaplanet.com\/#organization\",\"name\":\"Roanga Planet\",\"url\":\"https:\/\/roangaplanet.com\/\",\"logo\":{\"@type\":\"ImageObject\",\"inLanguage\":\"fr-FR\",\"@id\":\"https:\/\/roangaplanet.com\/#\/schema\/logo\/image\/\",\"url\":\"https:\/\/roangaplanet.com\/wp-content\/uploads\/2025\/07\/ROANGA_PLANET_favicon.png\",\"contentUrl\":\"https:\/\/roangaplanet.com\/wp-content\/uploads\/2025\/07\/ROANGA_PLANET_favicon.png\",\"width\":250,\"height\":250,\"caption\":\"Roanga Planet\"},\"image\":{\"@id\":\"https:\/\/roangaplanet.com\/#\/schema\/logo\/image\/\"}}]}<\/script>\n<!-- \/ Yoast SEO plugin. -->","yoast_head_json":{"title":"Supplements - Roanga Planet","robots":{"index":"index","follow":"follow","max-snippet":"max-snippet:-1","max-image-preview":"max-image-preview:large","max-video-preview":"max-video-preview:-1"},"canonical":"https:\/\/roangaplanet.com\/fr\/supplements\/","og_locale":"fr_FR","og_type":"article","og_title":"Supplements - Roanga Planet","og_description":"< Back to home Supplements Benefits for body Stem cells Male vitality Female vitality Bones & Joints Eyes & Vision Brain & Nervous System Skin & Hair Heart & Circulatory system Digestive System Liver & Detox Muscles & Physical Performance Kidneys & Urinary System Stay informed and Get\u2028$160 Worth of Free Products Join our newsletter [&hellip;]","og_url":"https:\/\/roangaplanet.com\/fr\/supplements\/","og_site_name":"Roanga Planet","article_modified_time":"2025-09-03T18:53:26+00:00","twitter_card":"summary_large_image","schema":{"@context":"https:\/\/schema.org","@graph":[{"@type":"WebPage","@id":"https:\/\/roangaplanet.com\/supplements\/","url":"https:\/\/roangaplanet.com\/supplements\/","name":"Supplements - Roanga Planet","isPartOf":{"@id":"https:\/\/roangaplanet.com\/#website"},"datePublished":"2025-05-19T11:51:33+00:00","dateModified":"2025-09-03T18:53:26+00:00","breadcrumb":{"@id":"https:\/\/roangaplanet.com\/supplements\/#breadcrumb"},"inLanguage":"fr-FR","potentialAction":[{"@type":"ReadAction","target":["https:\/\/roangaplanet.com\/supplements\/"]}]},{"@type":"BreadcrumbList","@id":"https:\/\/roangaplanet.com\/supplements\/#breadcrumb","itemListElement":[{"@type":"ListItem","position":1,"name":"Home","item":"https:\/\/roangaplanet.com\/"},{"@type":"ListItem","position":2,"name":"Supplements"}]},{"@type":"WebSite","@id":"https:\/\/roangaplanet.com\/#website","url":"https:\/\/roangaplanet.com\/","name":"Roanga Planet","description":"","publisher":{"@id":"https:\/\/roangaplanet.com\/#organization"},"potentialAction":[{"@type":"SearchAction","target":{"@type":"EntryPoint","urlTemplate":"https:\/\/roangaplanet.com\/?s={search_term_string}"},"query-input":{"@type":"PropertyValueSpecification","valueRequired":true,"valueName":"search_term_string"}}],"inLanguage":"fr-FR"},{"@type":"Organization","@id":"https:\/\/roangaplanet.com\/#organization","name":"Roanga Planet","url":"https:\/\/roangaplanet.com\/","logo":{"@type":"ImageObject","inLanguage":"fr-FR","@id":"https:\/\/roangaplanet.com\/#\/schema\/logo\/image\/","url":"https:\/\/roangaplanet.com\/wp-content\/uploads\/2025\/07\/ROANGA_PLANET_favicon.png","contentUrl":"https:\/\/roangaplanet.com\/wp-content\/uploads\/2025\/07\/ROANGA_PLANET_favicon.png","width":250,"height":250,"caption":"Roanga Planet"},"image":{"@id":"https:\/\/roangaplanet.com\/#\/schema\/logo\/image\/"}}]}},"_links":{"self":[{"href":"https:\/\/roangaplanet.com\/fr\/wp-json\/wp\/v2\/pages\/409","targetHints":{"allow":["GET"]}}],"collection":[{"href":"https:\/\/roangaplanet.com\/fr\/wp-json\/wp\/v2\/pages"}],"about":[{"href":"https:\/\/roangaplanet.com\/fr\/wp-json\/wp\/v2\/types\/page"}],"author":[{"embeddable":true,"href":"https:\/\/roangaplanet.com\/fr\/wp-json\/wp\/v2\/users\/1"}],"replies":[{"embeddable":true,"href":"https:\/\/roangaplanet.com\/fr\/wp-json\/wp\/v2\/comments?post=409"}],"version-history":[{"count":0,"href":"https:\/\/roangaplanet.com\/fr\/wp-json\/wp\/v2\/pages\/409\/revisions"}],"wp:attachment":[{"href":"https:\/\/roangaplanet.com\/fr\/wp-json\/wp\/v2\/media?parent=409"}],"curies":[{"name":"wp","href":"https:\/\/api.w.org\/{rel}","templated":true}]}}