{"id":516,"date":"2025-05-26T19:25:44","date_gmt":"2025-05-26T19:25:44","guid":{"rendered":"https:\/\/roangaplanet.com\/dev\/?page_id=516"},"modified":"2026-02-17T12:04:40","modified_gmt":"2026-02-17T12:04:40","slug":"our-story","status":"publish","type":"page","link":"https:\/\/roangaplanet.com\/fr\/our-story\/","title":{"rendered":"Our story"},"content":{"rendered":"<div class='breakdance'><section class=\"bde-section-516-100 bde-section\">\n  \n  \n\t\n\n\n\n<div class=\"section-container\"><div class=\"bde-div-516-101 bde-div\">\n  \n  \n\t\n\n\n\n<a class=\"bde-container-link-516-102 bde-container-link breakdance-link\" href=\"https:\/\/roangaplanet.com\/fr\/\" target=\"_self\" data-type=\"url\">\n  \n  \n\t\n\n\n\n<div class=\"bde-text-516-103 bde-text\">\n<\n<\/div><div class=\"bde-text-516-104 bde-text\">\nRetour \u00e0 l'accueil\n<\/div>\n\n<\/a><h1 class=\"bde-heading-516-105 bde-heading\">\nHistoire\n<\/h1>\n<\/div><\/div>\n<\/section><section class=\"bde-section-516-107 bde-section\">\n  \n  \n\t\n\n\n\n<div class=\"section-container\"><div class=\"bde-div-516-108 bde-div\">\n  \n  \n\t\n\n\n\n<h5 class=\"bde-heading-516-109 bde-heading\">\n\"Je marche vers l'avenir avec le regard fix\u00e9 sur le pass\u00e9.\"\n<\/h5>\n<\/div><img decoding=\"async\" class=\"bde-image2-516-110 bde-image2\" src=\"https:\/\/roangaplanet.com\/wp-content\/uploads\/2025\/05\/Image-The-old-tree.jpg\" loading=\"lazy\" srcset=\"https:\/\/roangaplanet.com\/wp-content\/uploads\/2025\/05\/Image-The-old-tree.jpg 802w, https:\/\/roangaplanet.com\/wp-content\/uploads\/2025\/05\/Image-The-old-tree-300x146.jpg 300w, https:\/\/roangaplanet.com\/wp-content\/uploads\/2025\/05\/Image-The-old-tree-768x373.jpg 768w, https:\/\/roangaplanet.com\/wp-content\/uploads\/2025\/05\/Image-The-old-tree-600x292.jpg 600w\" sizes=\"(max-width: 802px) 100vw, 802px\"><div class=\"bde-div-516-111 bde-div\">\n  \n  \n\t\n\n\n\n<h5 class=\"bde-heading-516-112 bde-heading\">\n\"Ke hoki whakamua ahau me te titiro whakamuri\".\n<\/h5>\n<\/div><div class=\"bde-div-516-114 bde-div\">\n  \n  \n\t\n\n\n\n<h4 class=\"bde-heading-516-113 bde-heading\">\nSous l'arbre de l'hospitalit\u00e9\n<\/h4>\n<\/div><div class=\"bde-rich-text-516-116 bde-rich-text breakdance-rich-text-styles\">\n<p>Lorsque j'ai d\u00e9barqu\u00e9 de l'avion en Nouvelle-Z\u00e9lande, je ne savais pas vraiment \u00e0 quoi m'attendre. Je savais seulement que j'avais besoin de m'\u00e9chapper pendant un certain temps - de la pr\u00e9cipitation, du bruit, de la marche inexorable du temps. D\u00e8s les premiers jours, j'ai senti que le temps s'\u00e9coulait diff\u00e9remment ici. C'\u00e9tait comme si les arbres me murmuraient de ralentir, comme si le vent portait des mots que je ne comprenais pas encore, mais qui me semblaient familiers.<\/p><p>Un matin, lors d'une randonn\u00e9e autour du lac Taupo, j'ai rencontr\u00e9 un vieil homme, un M\u0101ori nomm\u00e9 Rangi. Il \u00e9tait assis sous un \u00e9norme arbre pohutukawa et regardait l'eau tranquille. Il a souri et m'a fait signe de le rejoindre. Il n'a pas dit grand-chose, mais sa pr\u00e9sence \u00e9tait porteuse d'une force que je n'avais pas ressentie dans ma vie depuis longtemps.<br \/><strong>\"Ici, nous sommes \u00e0 l'\u00e9coute de la terre\".<\/strong> dit-il \u00e0 voix basse. <strong>\"On n'y marche pas comme un touriste. Si vous ouvrez votre c\u0153ur, il vous guidera\".<\/strong><\/p><p>Je suis rest\u00e9e quelques jours avec Rangi. Il m'a appris \u00e0 reconna\u00eetre le chant des oiseaux, \u00e0 cueillir des plantes curatives, \u00e0 sentir les histoires cach\u00e9es dans la rivi\u00e8re, les pierres, la brume. Mais surtout, il m'a appris \u00e0 retrouver le silence en moi-m\u00eame. Et dans ce silence, j'ai entendu ma propre voix - celle que j'avais perdue dans le bruit du monde.<br \/>Au moment de partir, Rangi m'a tendu une petite pierre - lisse, verte, grav\u00e9e de la feuille d'un arbre connu dans la culture M\u0101ori pour ses qualit\u00e9s de force, de gu\u00e9rison et de protection...<br \/><strong>\"C'est du pounamu\".<\/strong> a-t-il d\u00e9clar\u00e9. <strong>\"Greenstone\". Pas pour la chance. Mais pour ne pas oublier.\"<\/strong><br \/>Je le porte encore aujourd'hui. Pas pour la chance.<br \/>Mais pour ne pas oublier.<\/p>\n<\/div><div class=\"bde-text-516-117 bde-text\">\nNori\n<\/div><\/div>\n<\/section><div class=\"bde-globalblock-516-144 bde-globalblock\"><div class='breakdance'><section class=\"bde-section-1987-143-1987-1 bde-section bde-section-1987-143\">\n              \n  \n  \n\t\n\n  <div class=\"section-background-overlay\"><\/div>\n\n\n<div class=\"section-container\"><div class=\"bde-div-1987-144-1987-1 bde-div bde-div-1987-144\">\n  \n  \n\t\n\n\n\n<img decoding=\"async\" class=\"bde-image2-1987-145-1987-1 bde-image2 bde-image2-1987-145\" src=\"https:\/\/roangaplanet.com\/wp-content\/uploads\/2025\/12\/product_section_front_infinity_2-1-scaled-e1770722458116.png\" loading=\"lazy\" srcset=\"https:\/\/roangaplanet.com\/wp-content\/uploads\/2025\/12\/product_section_front_infinity_2-1-scaled-e1770722458116.png 1937w, https:\/\/roangaplanet.com\/wp-content\/uploads\/2025\/12\/product_section_front_infinity_2-1-scaled-e1770722458116-286x300.png 286w, https:\/\/roangaplanet.com\/wp-content\/uploads\/2025\/12\/product_section_front_infinity_2-1-scaled-e1770722458116-975x1024.png 975w, https:\/\/roangaplanet.com\/wp-content\/uploads\/2025\/12\/product_section_front_infinity_2-1-scaled-e1770722458116-768x806.png 768w, https:\/\/roangaplanet.com\/wp-content\/uploads\/2025\/12\/product_section_front_infinity_2-1-scaled-e1770722458116-1463x1536.png 1463w, https:\/\/roangaplanet.com\/wp-content\/uploads\/2025\/12\/product_section_front_infinity_2-1-scaled-e1770722458116-11x12.png 11w\" sizes=\"(max-width: 1937px) 100vw, 1937px\"><div class=\"bde-div-1987-146-1987-1 bde-div bde-div-1987-146\">\n  \n  \n\t\n\n\n\n<div class=\"bde-text-1987-147-1987-1 bde-text bde-text-1987-147\">\nD\u00e9couvrez le secret de la r\u00e9g\u00e9n\u00e9ration naturelle gr\u00e2ce \u00e0 la nature pr\u00e9serv\u00e9e de la Nouvelle-Z\u00e9lande.\n<\/div><h1 class=\"bde-heading-1987-148-1987-1 bde-heading bde-heading-1987-148\">\nRoanga\u00ae infini\n<\/h1><h5 class=\"bde-heading-1987-104-1987-1 bde-heading bde-heading-1987-104\">\nLa nouvelle norme en mati\u00e8re de soins personnels conscients\n<\/h5><h1 class=\"bde-heading-1987-105-1987-1 bde-heading bde-heading-1987-105\">\nInspir\u00e9 par la nature. Soutenus par la science.\n<\/h1><div class=\"bde-text-1987-149-1987-1 bde-text bde-text-1987-149\">\nUn programme LIFETIME \u00e0 la structure unique qui soutient syst\u00e9matiquement les processus physiologiques du corps et contribue \u00e0 pr\u00e9venir les d\u00e9s\u00e9quilibres potentiels.<br>Elle repose sur des recherches \u00e0 long terme et des approches d&#039;experts qui int\u00e8grent de mani\u00e8re unique la sagesse traditionnelle maorie et la science moderne.<br><b>L&#039;objectif du programme est de soutenir des niveaux plus profonds d&#039;\u00e9nergie vitale, d&#039;am\u00e9liorer la r\u00e9silience du corps et de contribuer \u00e0 une vitalit\u00e9 \u00e0 long terme.<\/b><br>\n<\/div><div class=\"bde-div-1987-150-1987-1 bde-div bde-div-1987-150\">\n  \n  \n\t\n\n\n\n<div class=\"bde-div-1987-151-1987-1 bde-div bde-div-1987-151\">\n  \n  \n\t\n\n\n\n<div class=\"bde-button-1987-152-1987-1 bde-button discover bde-button-1987-152\">\n    \n                        \n                        \n    \n    \n    \n    \n            \n                    \n            \n            \n\n    \n    \n    \n    \n    \n    <a class=\"breakdance-link button-atom button-atom--custom bde-button__button\" href=\"https:\/\/roangaplanet.com\/fr\/about-roanga-infinity\/\" target=\"_self\" data-type=\"url\"  >\n\n    \n        <span class=\"button-atom__text\">D\u00c9COUVREZ Roanga\u00ae Infinity<\/span>\n\n        \n        \n                <\/a>\n\n    \n\n\n<\/div><div class=\"bde-button-1987-153-1987-1 bde-button bde-button-1987-153\">\n    \n                        \n                        \n    \n    \n    \n    \n            \n                    \n            \n            \n\n    \n    \n    \n    \n    \n    <a class=\"breakdance-link button-atom button-atom--custom bde-button__button\" href=\"https:\/\/shop.roangaplanet.com\/fr\/\" target=\"_self\" data-type=\"url\"  >\n\n    \n        <span class=\"button-atom__text\">Commander Roanga\u00ae infini<\/span>\n\n        \n        \n                <\/a>\n\n    \n\n\n<\/div>\n<\/div>\n<\/div>\n<\/div>\n<\/div><\/div>\n<\/section><\/div><\/div><\/div>","protected":false},"excerpt":{"rendered":"<p>< Back to home Story \u201cI walk back to the future with my gaze fixed on the past.\u201d \"Ke hoki whakamua ahau me te titiro whakamuri.\" Under the Tree of Hospitality When I first stepped off the plane in New Zealand, I didn\u2019t quite know what to expect. I only knew I needed to escape [&hellip;]\n<\/p>","protected":false},"author":1,"featured_media":0,"parent":0,"menu_order":0,"comment_status":"closed","ping_status":"closed","template":"","meta":{"_acf_changed":false,"_breakdance_hide_in_design_set":false,"_breakdance_tags":"","footnotes":""},"class_list":["post-516","page","type-page","status-publish","hentry"],"acf":[],"yoast_head":"<!-- This site is optimized with the Yoast SEO plugin v27.2 - https:\/\/yoast.com\/product\/yoast-seo-wordpress\/ -->\n<title>Our story - Roanga Planet<\/title>\n<meta name=\"robots\" content=\"index, follow, max-snippet:-1, max-image-preview:large, max-video-preview:-1\" \/>\n<link rel=\"canonical\" href=\"https:\/\/roangaplanet.com\/fr\/our-story\/\" \/>\n<meta property=\"og:locale\" content=\"fr_FR\" \/>\n<meta property=\"og:type\" content=\"article\" \/>\n<meta property=\"og:title\" content=\"Our story - Roanga Planet\" \/>\n<meta property=\"og:description\" content=\"&lt; Back to home Story \u201cI walk back to the future with my gaze fixed on the past.\u201d &quot;Ke hoki whakamua ahau me te titiro whakamuri.&quot; Under the Tree of Hospitality When I first stepped off the plane in New Zealand, I didn\u2019t quite know what to expect. I only knew I needed to escape [&hellip;]\" \/>\n<meta property=\"og:url\" content=\"https:\/\/roangaplanet.com\/fr\/our-story\/\" \/>\n<meta property=\"og:site_name\" content=\"Roanga Planet\" \/>\n<meta property=\"article:modified_time\" content=\"2026-02-17T12:04:40+00:00\" \/>\n<meta name=\"twitter:card\" content=\"summary_large_image\" \/>\n<script type=\"application\/ld+json\" class=\"yoast-schema-graph\">{\"@context\":\"https:\/\/schema.org\",\"@graph\":[{\"@type\":\"WebPage\",\"@id\":\"https:\/\/roangaplanet.com\/our-story\/\",\"url\":\"https:\/\/roangaplanet.com\/our-story\/\",\"name\":\"Our story - Roanga Planet\",\"isPartOf\":{\"@id\":\"https:\/\/roangaplanet.com\/#website\"},\"datePublished\":\"2025-05-26T19:25:44+00:00\",\"dateModified\":\"2026-02-17T12:04:40+00:00\",\"breadcrumb\":{\"@id\":\"https:\/\/roangaplanet.com\/our-story\/#breadcrumb\"},\"inLanguage\":\"fr-FR\",\"potentialAction\":[{\"@type\":\"ReadAction\",\"target\":[\"https:\/\/roangaplanet.com\/our-story\/\"]}]},{\"@type\":\"BreadcrumbList\",\"@id\":\"https:\/\/roangaplanet.com\/our-story\/#breadcrumb\",\"itemListElement\":[{\"@type\":\"ListItem\",\"position\":1,\"name\":\"Home\",\"item\":\"https:\/\/roangaplanet.com\/\"},{\"@type\":\"ListItem\",\"position\":2,\"name\":\"Our story\"}]},{\"@type\":\"WebSite\",\"@id\":\"https:\/\/roangaplanet.com\/#website\",\"url\":\"https:\/\/roangaplanet.com\/\",\"name\":\"Roanga Planet\",\"description\":\"\",\"publisher\":{\"@id\":\"https:\/\/roangaplanet.com\/#organization\"},\"potentialAction\":[{\"@type\":\"SearchAction\",\"target\":{\"@type\":\"EntryPoint\",\"urlTemplate\":\"https:\/\/roangaplanet.com\/?s={search_term_string}\"},\"query-input\":{\"@type\":\"PropertyValueSpecification\",\"valueRequired\":true,\"valueName\":\"search_term_string\"}}],\"inLanguage\":\"fr-FR\"},{\"@type\":\"Organization\",\"@id\":\"https:\/\/roangaplanet.com\/#organization\",\"name\":\"Roanga Planet\",\"url\":\"https:\/\/roangaplanet.com\/\",\"logo\":{\"@type\":\"ImageObject\",\"inLanguage\":\"fr-FR\",\"@id\":\"https:\/\/roangaplanet.com\/#\/schema\/logo\/image\/\",\"url\":\"https:\/\/roangaplanet.com\/wp-content\/uploads\/2025\/07\/ROANGA_PLANET_favicon.png\",\"contentUrl\":\"https:\/\/roangaplanet.com\/wp-content\/uploads\/2025\/07\/ROANGA_PLANET_favicon.png\",\"width\":250,\"height\":250,\"caption\":\"Roanga Planet\"},\"image\":{\"@id\":\"https:\/\/roangaplanet.com\/#\/schema\/logo\/image\/\"}}]}<\/script>\n<!-- \/ Yoast SEO plugin. -->","yoast_head_json":{"title":"Our story - Roanga Planet","robots":{"index":"index","follow":"follow","max-snippet":"max-snippet:-1","max-image-preview":"max-image-preview:large","max-video-preview":"max-video-preview:-1"},"canonical":"https:\/\/roangaplanet.com\/fr\/our-story\/","og_locale":"fr_FR","og_type":"article","og_title":"Our story - Roanga Planet","og_description":"< Back to home Story \u201cI walk back to the future with my gaze fixed on the past.\u201d \"Ke hoki whakamua ahau me te titiro whakamuri.\" Under the Tree of Hospitality When I first stepped off the plane in New Zealand, I didn\u2019t quite know what to expect. I only knew I needed to escape [&hellip;]","og_url":"https:\/\/roangaplanet.com\/fr\/our-story\/","og_site_name":"Roanga Planet","article_modified_time":"2026-02-17T12:04:40+00:00","twitter_card":"summary_large_image","schema":{"@context":"https:\/\/schema.org","@graph":[{"@type":"WebPage","@id":"https:\/\/roangaplanet.com\/our-story\/","url":"https:\/\/roangaplanet.com\/our-story\/","name":"Our story - Roanga Planet","isPartOf":{"@id":"https:\/\/roangaplanet.com\/#website"},"datePublished":"2025-05-26T19:25:44+00:00","dateModified":"2026-02-17T12:04:40+00:00","breadcrumb":{"@id":"https:\/\/roangaplanet.com\/our-story\/#breadcrumb"},"inLanguage":"fr-FR","potentialAction":[{"@type":"ReadAction","target":["https:\/\/roangaplanet.com\/our-story\/"]}]},{"@type":"BreadcrumbList","@id":"https:\/\/roangaplanet.com\/our-story\/#breadcrumb","itemListElement":[{"@type":"ListItem","position":1,"name":"Home","item":"https:\/\/roangaplanet.com\/"},{"@type":"ListItem","position":2,"name":"Our story"}]},{"@type":"WebSite","@id":"https:\/\/roangaplanet.com\/#website","url":"https:\/\/roangaplanet.com\/","name":"Roanga Planet","description":"","publisher":{"@id":"https:\/\/roangaplanet.com\/#organization"},"potentialAction":[{"@type":"SearchAction","target":{"@type":"EntryPoint","urlTemplate":"https:\/\/roangaplanet.com\/?s={search_term_string}"},"query-input":{"@type":"PropertyValueSpecification","valueRequired":true,"valueName":"search_term_string"}}],"inLanguage":"fr-FR"},{"@type":"Organization","@id":"https:\/\/roangaplanet.com\/#organization","name":"Roanga Planet","url":"https:\/\/roangaplanet.com\/","logo":{"@type":"ImageObject","inLanguage":"fr-FR","@id":"https:\/\/roangaplanet.com\/#\/schema\/logo\/image\/","url":"https:\/\/roangaplanet.com\/wp-content\/uploads\/2025\/07\/ROANGA_PLANET_favicon.png","contentUrl":"https:\/\/roangaplanet.com\/wp-content\/uploads\/2025\/07\/ROANGA_PLANET_favicon.png","width":250,"height":250,"caption":"Roanga Planet"},"image":{"@id":"https:\/\/roangaplanet.com\/#\/schema\/logo\/image\/"}}]}},"_links":{"self":[{"href":"https:\/\/roangaplanet.com\/fr\/wp-json\/wp\/v2\/pages\/516","targetHints":{"allow":["GET"]}}],"collection":[{"href":"https:\/\/roangaplanet.com\/fr\/wp-json\/wp\/v2\/pages"}],"about":[{"href":"https:\/\/roangaplanet.com\/fr\/wp-json\/wp\/v2\/types\/page"}],"author":[{"embeddable":true,"href":"https:\/\/roangaplanet.com\/fr\/wp-json\/wp\/v2\/users\/1"}],"replies":[{"embeddable":true,"href":"https:\/\/roangaplanet.com\/fr\/wp-json\/wp\/v2\/comments?post=516"}],"version-history":[{"count":0,"href":"https:\/\/roangaplanet.com\/fr\/wp-json\/wp\/v2\/pages\/516\/revisions"}],"wp:attachment":[{"href":"https:\/\/roangaplanet.com\/fr\/wp-json\/wp\/v2\/media?parent=516"}],"curies":[{"name":"wp","href":"https:\/\/api.w.org\/{rel}","templated":true}]}}