{"id":516,"date":"2025-05-26T19:25:44","date_gmt":"2025-05-26T19:25:44","guid":{"rendered":"https:\/\/roangaplanet.com\/dev\/?page_id=516"},"modified":"2026-02-17T12:04:40","modified_gmt":"2026-02-17T12:04:40","slug":"our-story","status":"publish","type":"page","link":"https:\/\/roangaplanet.com\/it\/our-story\/","title":{"rendered":"Our story"},"content":{"rendered":"<div class='breakdance'><section class=\"bde-section-516-100 bde-section\">\n  \n  \n\t\n\n\n\n<div class=\"section-container\"><div class=\"bde-div-516-101 bde-div\">\n  \n  \n\t\n\n\n\n<a class=\"bde-container-link-516-102 bde-container-link breakdance-link\" href=\"https:\/\/roangaplanet.com\/it\/\" target=\"_self\" data-type=\"url\">\n  \n  \n\t\n\n\n\n<div class=\"bde-text-516-103 bde-text\">\n<\n<\/div><div class=\"bde-text-516-104 bde-text\">\nTorna a casa\n<\/div>\n\n<\/a><h1 class=\"bde-heading-516-105 bde-heading\">\nLa storia\n<\/h1>\n<\/div><\/div>\n<\/section><section class=\"bde-section-516-107 bde-section\">\n  \n  \n\t\n\n\n\n<div class=\"section-container\"><div class=\"bde-div-516-108 bde-div\">\n  \n  \n\t\n\n\n\n<h5 class=\"bde-heading-516-109 bde-heading\">\n\"Cammino verso il futuro con lo sguardo fisso sul passato\".\n<\/h5>\n<\/div><img decoding=\"async\" class=\"bde-image2-516-110 bde-image2\" src=\"https:\/\/roangaplanet.com\/wp-content\/uploads\/2025\/05\/Image-The-old-tree.jpg\" loading=\"lazy\" srcset=\"https:\/\/roangaplanet.com\/wp-content\/uploads\/2025\/05\/Image-The-old-tree.jpg 802w, https:\/\/roangaplanet.com\/wp-content\/uploads\/2025\/05\/Image-The-old-tree-300x146.jpg 300w, https:\/\/roangaplanet.com\/wp-content\/uploads\/2025\/05\/Image-The-old-tree-768x373.jpg 768w, https:\/\/roangaplanet.com\/wp-content\/uploads\/2025\/05\/Image-The-old-tree-600x292.jpg 600w\" sizes=\"(max-width: 802px) 100vw, 802px\"><div class=\"bde-div-516-111 bde-div\">\n  \n  \n\t\n\n\n\n<h5 class=\"bde-heading-516-112 bde-heading\">\n\"Ke hoki whakamua ahau me te titiro whakamuri\".\n<\/h5>\n<\/div><div class=\"bde-div-516-114 bde-div\">\n  \n  \n\t\n\n\n\n<h4 class=\"bde-heading-516-113 bde-heading\">\nSotto l'albero dell'ospitalit\u00e0\n<\/h4>\n<\/div><div class=\"bde-rich-text-516-116 bde-rich-text breakdance-rich-text-styles\">\n<p>Quando sono scesa dall'aereo in Nuova Zelanda, non sapevo bene cosa aspettarmi. Sapevo solo che avevo bisogno di fuggire per un po', dalla fretta, dal rumore, dalla marcia inesorabile del tempo. Gi\u00e0 nei primi giorni ho percepito che qui il tempo scorreva in modo diverso. Era come se gli alberi mi sussurrassero di rallentare, come se il vento portasse parole che non capivo ancora, ma che in qualche modo mi sembravano familiari.<\/p><p>Una mattina, durante un'escursione intorno al lago Taupo, ho incontrato un uomo anziano, un M\u0101ori di nome Rangi. Era seduto sotto un enorme albero di pohutukawa e guardava l'acqua immobile. Mi ha sorriso e mi ha fatto cenno di raggiungerlo. Non disse molto, ma la sua presenza trasmetteva una forza che non sentivo da tempo nella mia vita.<br \/><strong>\"Qui ascoltiamo la terra\".<\/strong> disse a bassa voce. <strong>\"Non si cammina su di essa come un turista. Se apri il tuo cuore, sar\u00e0 lui a guidarti\".<\/strong><\/p><p>Sono rimasta con Rangi per alcuni giorni. Mi ha insegnato a riconoscere il canto degli uccelli, a raccogliere le piante curative, a sentire le storie nascoste nel fiume, nelle pietre, nella nebbia. Ma soprattutto mi ha insegnato a fare di nuovo silenzio dentro di me. E in quel silenzio ho sentito la mia voce, quella che avevo perso nel rumore del mondo.<br \/>Quando me ne andai, Rangi mi porse una piccola pietra - liscia, verde, con incisa la foglia di un albero noto nella cultura M\u0101ori per le sue qualit\u00e0 di forza, guarigione e protezione...<br \/><strong>\"Questo \u00e8 pounamu\".<\/strong> ha detto. <strong>\"Pietra verde. Non per portare fortuna. Ma per non dimenticare\".<\/strong><br \/>Lo indosso ancora oggi. Non per fortuna.<br \/>Ma per non dimenticare.<\/p>\n<\/div><div class=\"bde-text-516-117 bde-text\">\nNori\n<\/div><\/div>\n<\/section><div class=\"bde-globalblock-516-144 bde-globalblock\"><div class='breakdance'><section class=\"bde-section-1987-143-1987-1 bde-section bde-section-1987-143\">\n              \n  \n  \n\t\n\n  <div class=\"section-background-overlay\"><\/div>\n\n\n<div class=\"section-container\"><div class=\"bde-div-1987-144-1987-1 bde-div bde-div-1987-144\">\n  \n  \n\t\n\n\n\n<img decoding=\"async\" class=\"bde-image2-1987-145-1987-1 bde-image2 bde-image2-1987-145\" src=\"https:\/\/roangaplanet.com\/wp-content\/uploads\/2025\/12\/product_section_front_infinity_2-1-scaled-e1770722458116.png\" loading=\"lazy\" srcset=\"https:\/\/roangaplanet.com\/wp-content\/uploads\/2025\/12\/product_section_front_infinity_2-1-scaled-e1770722458116.png 1937w, https:\/\/roangaplanet.com\/wp-content\/uploads\/2025\/12\/product_section_front_infinity_2-1-scaled-e1770722458116-286x300.png 286w, https:\/\/roangaplanet.com\/wp-content\/uploads\/2025\/12\/product_section_front_infinity_2-1-scaled-e1770722458116-975x1024.png 975w, https:\/\/roangaplanet.com\/wp-content\/uploads\/2025\/12\/product_section_front_infinity_2-1-scaled-e1770722458116-768x806.png 768w, https:\/\/roangaplanet.com\/wp-content\/uploads\/2025\/12\/product_section_front_infinity_2-1-scaled-e1770722458116-1463x1536.png 1463w, https:\/\/roangaplanet.com\/wp-content\/uploads\/2025\/12\/product_section_front_infinity_2-1-scaled-e1770722458116-11x12.png 11w\" sizes=\"(max-width: 1937px) 100vw, 1937px\"><div class=\"bde-div-1987-146-1987-1 bde-div bde-div-1987-146\">\n  \n  \n\t\n\n\n\n<div class=\"bde-text-1987-147-1987-1 bde-text bde-text-1987-147\">\nScopri il segreto della rigenerazione naturale nella natura incontaminata della Nuova Zelanda\n<\/div><h1 class=\"bde-heading-1987-148-1987-1 bde-heading bde-heading-1987-148\">\nRoanga\u00ae infinity\n<\/h1><h5 class=\"bde-heading-1987-104-1987-1 bde-heading bde-heading-1987-104\">\nIl nuovo standard per la cura di s\u00e9 consapevole\n<\/h5><h1 class=\"bde-heading-1987-105-1987-1 bde-heading bde-heading-1987-105\">\nIspirato dalla natura. Sostenuto dalla scienza.\n<\/h1><div class=\"bde-text-1987-149-1987-1 bde-text bde-text-1987-149\">\nUn programma LIFETIME strutturato in modo unico che supporta sistematicamente i processi fisiologici del corpo e aiuta a prevenire potenziali squilibri.<br>Si basa su ricerche a lungo termine e su approcci specialistici che integrano in modo unico la saggezza tradizionale M\u0101ori con la scienza moderna.<br><b>L&#039;obiettivo del programma \u00e8 sostenere livelli pi\u00f9 profondi di energia vitale, migliorare la resilienza del corpo e contribuire alla vitalit\u00e0 a lungo termine.<\/b><br>\n<\/div><div class=\"bde-div-1987-150-1987-1 bde-div bde-div-1987-150\">\n  \n  \n\t\n\n\n\n<div class=\"bde-div-1987-151-1987-1 bde-div bde-div-1987-151\">\n  \n  \n\t\n\n\n\n<div class=\"bde-button-1987-152-1987-1 bde-button discover bde-button-1987-152\">\n    \n                        \n                        \n    \n    \n    \n    \n            \n                    \n            \n            \n\n    \n    \n    \n    \n    \n    <a class=\"breakdance-link button-atom button-atom--custom bde-button__button\" href=\"https:\/\/roangaplanet.com\/it\/about-roanga-infinity\/\" target=\"_self\" data-type=\"url\"  >\n\n    \n        <span class=\"button-atom__text\">SCOPRI Roanga\u00ae Infinity<\/span>\n\n        \n        \n                <\/a>\n\n    \n\n\n<\/div><div class=\"bde-button-1987-153-1987-1 bde-button bde-button-1987-153\">\n    \n                        \n                        \n    \n    \n    \n    \n            \n                    \n            \n            \n\n    \n    \n    \n    \n    \n    <a class=\"breakdance-link button-atom button-atom--custom bde-button__button\" href=\"https:\/\/shop.roangaplanet.com\/it\/\" target=\"_self\" data-type=\"url\"  >\n\n    \n        <span class=\"button-atom__text\">Ordina Roanga\u00ae infinity<\/span>\n\n        \n        \n                <\/a>\n\n    \n\n\n<\/div>\n<\/div>\n<\/div>\n<\/div>\n<\/div><\/div>\n<\/section><\/div><\/div><\/div>","protected":false},"excerpt":{"rendered":"<p>< Back to home Story \u201cI walk back to the future with my gaze fixed on the past.\u201d \"Ke hoki whakamua ahau me te titiro whakamuri.\" Under the Tree of Hospitality When I first stepped off the plane in New Zealand, I didn\u2019t quite know what to expect. I only knew I needed to escape [&hellip;]\n<\/p>","protected":false},"author":1,"featured_media":0,"parent":0,"menu_order":0,"comment_status":"closed","ping_status":"closed","template":"","meta":{"_acf_changed":false,"_breakdance_hide_in_design_set":false,"_breakdance_tags":"","footnotes":""},"class_list":["post-516","page","type-page","status-publish","hentry"],"acf":[],"yoast_head":"<!-- This site is optimized with the Yoast SEO plugin v27.2 - https:\/\/yoast.com\/product\/yoast-seo-wordpress\/ -->\n<title>Our story - Roanga Planet<\/title>\n<meta name=\"robots\" content=\"index, follow, max-snippet:-1, max-image-preview:large, max-video-preview:-1\" \/>\n<link rel=\"canonical\" href=\"https:\/\/roangaplanet.com\/it\/our-story\/\" \/>\n<meta property=\"og:locale\" content=\"it_IT\" \/>\n<meta property=\"og:type\" content=\"article\" \/>\n<meta property=\"og:title\" content=\"Our story - Roanga Planet\" \/>\n<meta property=\"og:description\" content=\"&lt; Back to home Story \u201cI walk back to the future with my gaze fixed on the past.\u201d &quot;Ke hoki whakamua ahau me te titiro whakamuri.&quot; Under the Tree of Hospitality When I first stepped off the plane in New Zealand, I didn\u2019t quite know what to expect. I only knew I needed to escape [&hellip;]\" \/>\n<meta property=\"og:url\" content=\"https:\/\/roangaplanet.com\/it\/our-story\/\" \/>\n<meta property=\"og:site_name\" content=\"Roanga Planet\" \/>\n<meta property=\"article:modified_time\" content=\"2026-02-17T12:04:40+00:00\" \/>\n<meta name=\"twitter:card\" content=\"summary_large_image\" \/>\n<script type=\"application\/ld+json\" class=\"yoast-schema-graph\">{\"@context\":\"https:\/\/schema.org\",\"@graph\":[{\"@type\":\"WebPage\",\"@id\":\"https:\/\/roangaplanet.com\/our-story\/\",\"url\":\"https:\/\/roangaplanet.com\/our-story\/\",\"name\":\"Our story - Roanga Planet\",\"isPartOf\":{\"@id\":\"https:\/\/roangaplanet.com\/#website\"},\"datePublished\":\"2025-05-26T19:25:44+00:00\",\"dateModified\":\"2026-02-17T12:04:40+00:00\",\"breadcrumb\":{\"@id\":\"https:\/\/roangaplanet.com\/our-story\/#breadcrumb\"},\"inLanguage\":\"it-IT\",\"potentialAction\":[{\"@type\":\"ReadAction\",\"target\":[\"https:\/\/roangaplanet.com\/our-story\/\"]}]},{\"@type\":\"BreadcrumbList\",\"@id\":\"https:\/\/roangaplanet.com\/our-story\/#breadcrumb\",\"itemListElement\":[{\"@type\":\"ListItem\",\"position\":1,\"name\":\"Home\",\"item\":\"https:\/\/roangaplanet.com\/\"},{\"@type\":\"ListItem\",\"position\":2,\"name\":\"Our story\"}]},{\"@type\":\"WebSite\",\"@id\":\"https:\/\/roangaplanet.com\/#website\",\"url\":\"https:\/\/roangaplanet.com\/\",\"name\":\"Roanga Planet\",\"description\":\"\",\"publisher\":{\"@id\":\"https:\/\/roangaplanet.com\/#organization\"},\"potentialAction\":[{\"@type\":\"SearchAction\",\"target\":{\"@type\":\"EntryPoint\",\"urlTemplate\":\"https:\/\/roangaplanet.com\/?s={search_term_string}\"},\"query-input\":{\"@type\":\"PropertyValueSpecification\",\"valueRequired\":true,\"valueName\":\"search_term_string\"}}],\"inLanguage\":\"it-IT\"},{\"@type\":\"Organization\",\"@id\":\"https:\/\/roangaplanet.com\/#organization\",\"name\":\"Roanga Planet\",\"url\":\"https:\/\/roangaplanet.com\/\",\"logo\":{\"@type\":\"ImageObject\",\"inLanguage\":\"it-IT\",\"@id\":\"https:\/\/roangaplanet.com\/#\/schema\/logo\/image\/\",\"url\":\"https:\/\/roangaplanet.com\/wp-content\/uploads\/2025\/07\/ROANGA_PLANET_favicon.png\",\"contentUrl\":\"https:\/\/roangaplanet.com\/wp-content\/uploads\/2025\/07\/ROANGA_PLANET_favicon.png\",\"width\":250,\"height\":250,\"caption\":\"Roanga Planet\"},\"image\":{\"@id\":\"https:\/\/roangaplanet.com\/#\/schema\/logo\/image\/\"}}]}<\/script>\n<!-- \/ Yoast SEO plugin. -->","yoast_head_json":{"title":"Our story - Roanga Planet","robots":{"index":"index","follow":"follow","max-snippet":"max-snippet:-1","max-image-preview":"max-image-preview:large","max-video-preview":"max-video-preview:-1"},"canonical":"https:\/\/roangaplanet.com\/it\/our-story\/","og_locale":"it_IT","og_type":"article","og_title":"Our story - Roanga Planet","og_description":"< Back to home Story \u201cI walk back to the future with my gaze fixed on the past.\u201d \"Ke hoki whakamua ahau me te titiro whakamuri.\" Under the Tree of Hospitality When I first stepped off the plane in New Zealand, I didn\u2019t quite know what to expect. I only knew I needed to escape [&hellip;]","og_url":"https:\/\/roangaplanet.com\/it\/our-story\/","og_site_name":"Roanga Planet","article_modified_time":"2026-02-17T12:04:40+00:00","twitter_card":"summary_large_image","schema":{"@context":"https:\/\/schema.org","@graph":[{"@type":"WebPage","@id":"https:\/\/roangaplanet.com\/our-story\/","url":"https:\/\/roangaplanet.com\/our-story\/","name":"Our story - Roanga Planet","isPartOf":{"@id":"https:\/\/roangaplanet.com\/#website"},"datePublished":"2025-05-26T19:25:44+00:00","dateModified":"2026-02-17T12:04:40+00:00","breadcrumb":{"@id":"https:\/\/roangaplanet.com\/our-story\/#breadcrumb"},"inLanguage":"it-IT","potentialAction":[{"@type":"ReadAction","target":["https:\/\/roangaplanet.com\/our-story\/"]}]},{"@type":"BreadcrumbList","@id":"https:\/\/roangaplanet.com\/our-story\/#breadcrumb","itemListElement":[{"@type":"ListItem","position":1,"name":"Home","item":"https:\/\/roangaplanet.com\/"},{"@type":"ListItem","position":2,"name":"Our story"}]},{"@type":"WebSite","@id":"https:\/\/roangaplanet.com\/#website","url":"https:\/\/roangaplanet.com\/","name":"Roanga Planet","description":"","publisher":{"@id":"https:\/\/roangaplanet.com\/#organization"},"potentialAction":[{"@type":"SearchAction","target":{"@type":"EntryPoint","urlTemplate":"https:\/\/roangaplanet.com\/?s={search_term_string}"},"query-input":{"@type":"PropertyValueSpecification","valueRequired":true,"valueName":"search_term_string"}}],"inLanguage":"it-IT"},{"@type":"Organization","@id":"https:\/\/roangaplanet.com\/#organization","name":"Roanga Planet","url":"https:\/\/roangaplanet.com\/","logo":{"@type":"ImageObject","inLanguage":"it-IT","@id":"https:\/\/roangaplanet.com\/#\/schema\/logo\/image\/","url":"https:\/\/roangaplanet.com\/wp-content\/uploads\/2025\/07\/ROANGA_PLANET_favicon.png","contentUrl":"https:\/\/roangaplanet.com\/wp-content\/uploads\/2025\/07\/ROANGA_PLANET_favicon.png","width":250,"height":250,"caption":"Roanga Planet"},"image":{"@id":"https:\/\/roangaplanet.com\/#\/schema\/logo\/image\/"}}]}},"_links":{"self":[{"href":"https:\/\/roangaplanet.com\/it\/wp-json\/wp\/v2\/pages\/516","targetHints":{"allow":["GET"]}}],"collection":[{"href":"https:\/\/roangaplanet.com\/it\/wp-json\/wp\/v2\/pages"}],"about":[{"href":"https:\/\/roangaplanet.com\/it\/wp-json\/wp\/v2\/types\/page"}],"author":[{"embeddable":true,"href":"https:\/\/roangaplanet.com\/it\/wp-json\/wp\/v2\/users\/1"}],"replies":[{"embeddable":true,"href":"https:\/\/roangaplanet.com\/it\/wp-json\/wp\/v2\/comments?post=516"}],"version-history":[{"count":0,"href":"https:\/\/roangaplanet.com\/it\/wp-json\/wp\/v2\/pages\/516\/revisions"}],"wp:attachment":[{"href":"https:\/\/roangaplanet.com\/it\/wp-json\/wp\/v2\/media?parent=516"}],"curies":[{"name":"wp","href":"https:\/\/api.w.org\/{rel}","templated":true}]}}