{"id":1676,"date":"2025-10-31T08:35:50","date_gmt":"2025-10-31T08:35:50","guid":{"rendered":"https:\/\/roangaplanet.com\/?page_id=1676"},"modified":"2026-02-17T12:11:07","modified_gmt":"2026-02-17T12:11:07","slug":"partners","status":"publish","type":"page","link":"https:\/\/roangaplanet.com\/pl\/partners\/","title":{"rendered":"Wzmacniacz"},"content":{"rendered":"<div class='breakdance'><section class=\"bde-section-1676-100 bde-section\">\n  \n  \n\t\n\n\n\n<div class=\"section-container\"><div class=\"bde-div-1676-101 bde-div\">\n  \n  \n\t\n\n\n\n<a class=\"bde-container-link-1676-102 bde-container-link breakdance-link\" href=\"https:\/\/roangaplanet.com\/pl\/\" target=\"_self\" data-type=\"url\">\n  \n  \n\t\n\n\n\n<div class=\"bde-text-1676-103 bde-text\">\n<\n<\/div><div class=\"bde-text-1676-104 bde-text\">\nPowr\u00f3t do domu\n<\/div>\n\n<\/a><h1 class=\"bde-heading-1676-105 bde-heading\">\nPartnerzy ROANGA\n<\/h1><div class=\"bde-text-1676-108 bde-text\">\nChcieliby\u015bmy podzi\u0119kowa\u0107 wszystkim naszym partnerom za wspieranie zdrowego stylu \u017cycia.\n<\/div>\n<\/div><\/div>\n<\/section><section class=\"bde-section-1676-112 bde-section\">\n  \n  \n\t\n\n\n\n<div class=\"section-container\"><h3 class=\"bde-heading-1676-113 bde-heading\">\nG\u0142\u00f3wni partnerzy\n<\/h3><div class=\"bde-div-1676-173 bde-div\">\n  \n  \n\t\n\n\n\n<div class=\"bde-div-1676-177 bde-div\">\n  \n  \n\t\n\n\n\n<div class=\"bde-div-1676-174 bde-div\">\n  \n  \n\t\n\n\n\n<img decoding=\"async\" class=\"bde-image2-1676-175 bde-image2\" src=\"https:\/\/roangaplanet.com\/wp-content\/uploads\/2025\/10\/HC_Sparta_Praha_logo.svg.png\" loading=\"lazy\" srcset=\"https:\/\/roangaplanet.com\/wp-content\/uploads\/2025\/10\/HC_Sparta_Praha_logo.svg.png 250w, https:\/\/roangaplanet.com\/wp-content\/uploads\/2025\/10\/HC_Sparta_Praha_logo.svg-150x150.png 150w, https:\/\/roangaplanet.com\/wp-content\/uploads\/2025\/10\/HC_Sparta_Praha_logo.svg-12x12.png 12w\" sizes=\"(max-width: 250px) 100vw, 250px\">\n<\/div>\n<\/div><div class=\"bde-div-1676-178 bde-div\">\n  \n  \n\t\n\n\n\n<h3 class=\"bde-heading-1676-179 bde-heading\">\nHC Sparta Praha as\n<\/h3><h6 class=\"bde-heading-1676-181 bde-heading\">\nRoanga Planet Europe \u2013 partner VIP Club HC Sparta Praga\n<\/h6><div class=\"bde-text-1676-180 bde-text\">\nRoanga\u00ae to marka premium skupiaj\u0105ca si\u0119 na innowacyjnym od\u017cywianiu, regeneracji i witalno\u015bci dla sportowc\u00f3w, zainspirowana moc\u0105 nowozelandzkiej natury i poparta najnowszymi odkryciami naukowymi.<br>\u201ePartnerstwo ze Spart\u0105 postrzegamy jako naturalne po\u0142\u0105czenie energii, wydajno\u015bci i regeneracji. Roanga\u00ae to filozofia \u015bwiadomej troski o cia\u0142o i umys\u0142 \u2013 gdzie si\u0142a natury spotyka si\u0119 z precyzj\u0105 nauki. Podobnie jak Sparta, wierzymy w dyscyplin\u0119, wytrwa\u0142o\u015b\u0107 i ducha zespo\u0142owego. Naszym celem jest wspieranie nie tylko zawodnik\u00f3w, ale tak\u017ce kibic\u00f3w i ca\u0142ej spo\u0142eczno\u015bci sportowej w ich drodze do witalno\u015bci bez ogranicze\u0144\u201d \u2013 powiedzia\u0142 za\u0142o\u017cyciel marki, Norbert Vac\u00edk. Z niecierpliwo\u015bci\u0105 czekamy na wsp\u00f3lne projekty, kt\u00f3re b\u0119d\u0105 inspirowa\u0107 wydajno\u015bci\u0105, determinacj\u0105 i energi\u0105. \n<\/div><h6 class=\"bde-heading-1676-192 bde-heading\">\nRoanga\u00ae x HC Sparta Praha \u2014 Witalno\u015b\u0107 bez granic.\n<\/h6>\n<\/div>\n<\/div><div class=\"bde-div-1676-131 bde-div\">\n  \n  \n\t\n\n\n\n<div class=\"bde-div-1676-145 bde-div\">\n  \n  \n\t\n\n\n\n<div class=\"bde-div-1676-148 bde-div\">\n  \n  \n\t\n\n\n\n<img decoding=\"async\" class=\"bde-image2-1676-146 bde-image2\" src=\"https:\/\/roangaplanet.com\/wp-content\/uploads\/2025\/10\/logo-3008-e1761900663944.png\" loading=\"lazy\" srcset=\"https:\/\/roangaplanet.com\/wp-content\/uploads\/2025\/10\/logo-3008-e1761900663944.png 318w, https:\/\/roangaplanet.com\/wp-content\/uploads\/2025\/10\/logo-3008-e1761900663944-300x53.png 300w, https:\/\/roangaplanet.com\/wp-content\/uploads\/2025\/10\/logo-3008-e1761900663944-18x3.png 18w\" sizes=\"(max-width: 318px) 100vw, 318px\">\n<\/div><h5 class=\"bde-heading-1676-147 bde-heading\">\nNeopharma jako\n<\/h5>\n<\/div><div class=\"bde-div-1676-150 bde-div\">\n  \n  \n\t\n\n\n\n<div class=\"bde-div-1676-151 bde-div\">\n  \n  \n\t\n\n\n\n<img decoding=\"async\" class=\"bde-image2-1676-152 bde-image2\" src=\"https:\/\/roangaplanet.com\/wp-content\/uploads\/2025\/10\/657facabe7ea1b09468107c9_Whakauae-core-brand-logo.svg\" loading=\"lazy\">\n<\/div><h5 class=\"bde-heading-1676-153 bde-heading\">\nWHAKAUAE\n<\/h5>\n<\/div><div class=\"bde-div-1676-182 bde-div\">\n  \n  \n\t\n\n\n\n<div class=\"bde-div-1676-183 bde-div\">\n  \n  \n\t\n\n\n\n<img decoding=\"async\" class=\"bde-image2-1676-159 bde-image2\" src=\"https:\/\/roangaplanet.com\/wp-content\/uploads\/2025\/10\/club_logo_filename_20240607_092805.webp\" loading=\"lazy\" srcset=\"https:\/\/roangaplanet.com\/wp-content\/uploads\/2025\/10\/club_logo_filename_20240607_092805.webp 1650w, https:\/\/roangaplanet.com\/wp-content\/uploads\/2025\/10\/club_logo_filename_20240607_092805-282x300.webp 282w, https:\/\/roangaplanet.com\/wp-content\/uploads\/2025\/10\/club_logo_filename_20240607_092805-962x1024.webp 962w, https:\/\/roangaplanet.com\/wp-content\/uploads\/2025\/10\/club_logo_filename_20240607_092805-768x817.webp 768w, https:\/\/roangaplanet.com\/wp-content\/uploads\/2025\/10\/club_logo_filename_20240607_092805-1443x1536.webp 1443w, https:\/\/roangaplanet.com\/wp-content\/uploads\/2025\/10\/club_logo_filename_20240607_092805-11x12.webp 11w\" sizes=\"(max-width: 1650px) 100vw, 1650px\">\n<\/div><h5 class=\"bde-heading-1676-160 bde-heading\">\nAtletick\u00fd klub Olomouc\n<\/h5>\n<\/div><div class=\"bde-div-1676-187 bde-div\">\n  \n  \n\t\n\n\n\n<div class=\"bde-div-1676-162 bde-div\">\n  \n  \n\t\n\n\n\n<img decoding=\"async\" class=\"bde-image2-1676-163 bde-image2\" src=\"https:\/\/roangaplanet.com\/wp-content\/uploads\/2025\/10\/European_Athletic_Association_Icon_logo.svg\" loading=\"lazy\">\n<\/div><h5 class=\"bde-heading-1676-164 bde-heading\">\nEuropejska Lekkoatletyka\n<\/h5>\n<\/div>\n<\/div><div class=\"bde-columns-1676-114 bde-columns\"><div class=\"bde-column-1676-165 bde-column\">\n  \n  \n\t\n\n\n\n<div class=\"bde-div-1676-166 bde-div\">\n  \n  \n\t\n\n\n\n<img decoding=\"async\" class=\"bde-image2-1676-167 bde-image2\" src=\"https:\/\/roangaplanet.com\/wp-content\/uploads\/2025\/10\/Footer_logo-medulin-a-e1761901078400.png\" loading=\"lazy\" srcset=\"https:\/\/roangaplanet.com\/wp-content\/uploads\/2025\/10\/Footer_logo-medulin-a-e1761901078400.png 361w, https:\/\/roangaplanet.com\/wp-content\/uploads\/2025\/10\/Footer_logo-medulin-a-e1761901078400-300x96.png 300w, https:\/\/roangaplanet.com\/wp-content\/uploads\/2025\/10\/Footer_logo-medulin-a-e1761901078400-18x6.png 18w\" sizes=\"(max-width: 361px) 100vw, 361px\">\n<\/div><h5 class=\"bde-heading-1676-168 bde-heading\">\nMedulin Riviera B\u0142\u0119kitna planeta\n<\/h5>\n<\/div><div class=\"bde-column-1676-169 bde-column\">\n  \n  \n\t\n\n\n\n<div class=\"bde-div-1676-170 bde-div\">\n  \n  \n\t\n\n\n\n<img decoding=\"async\" class=\"bde-image2-1676-171 bde-image2\" src=\"https:\/\/roangaplanet.com\/wp-content\/uploads\/2025\/10\/images.png\" loading=\"lazy\" srcset=\"https:\/\/roangaplanet.com\/wp-content\/uploads\/2025\/10\/images.png 224w, https:\/\/roangaplanet.com\/wp-content\/uploads\/2025\/10\/images-150x150.png 150w, https:\/\/roangaplanet.com\/wp-content\/uploads\/2025\/10\/images-12x12.png 12w\" sizes=\"(max-width: 224px) 100vw, 224px\">\n<\/div><h5 class=\"bde-heading-1676-172 bde-heading\">\nEnergia <br>Concept sro\n<\/h5>\n<\/div><div class=\"bde-column-1676-186 bde-column\">\n  \n  \n\t\n\n\n\n\n<\/div><div class=\"bde-column-1676-191 bde-column\">\n  \n  \n\t\n\n\n\n\n<\/div><\/div><\/div>\n<\/section><\/div>","protected":false},"excerpt":{"rendered":"<p>< Back to home ROANGA Partners We would like to thank all our partners for supporting a healthy lifestyle. Main partners HC Sparta Praha a.s. Roanga Planet Europe - VIP Club partner of HC Sparta Prague Roanga\u00ae is a premium brand focused on innovative nutrition, regeneration and vitality for athletes, inspired by the power of [&hellip;]\n<\/p>","protected":false},"author":1,"featured_media":0,"parent":0,"menu_order":0,"comment_status":"closed","ping_status":"closed","template":"","meta":{"_acf_changed":false,"_breakdance_hide_in_design_set":false,"_breakdance_tags":"","footnotes":""},"class_list":["post-1676","page","type-page","status-publish","hentry"],"acf":[],"yoast_head":"<!-- This site is optimized with the Yoast SEO plugin v27.2 - https:\/\/yoast.com\/product\/yoast-seo-wordpress\/ -->\n<title>Partners - Roanga Planet<\/title>\n<meta name=\"robots\" content=\"index, follow, max-snippet:-1, max-image-preview:large, max-video-preview:-1\" \/>\n<link rel=\"canonical\" href=\"https:\/\/roangaplanet.com\/pl\/partners\/\" \/>\n<meta property=\"og:locale\" content=\"pl_PL\" \/>\n<meta property=\"og:type\" content=\"article\" \/>\n<meta property=\"og:title\" content=\"Partners - Roanga Planet\" \/>\n<meta property=\"og:description\" content=\"&lt; Back to home ROANGA Partners We would like to thank all our partners for supporting a healthy lifestyle. Main partners HC Sparta Praha a.s. Roanga Planet Europe - VIP Club partner of HC Sparta Prague Roanga\u00ae is a premium brand focused on innovative nutrition, regeneration and vitality for athletes, inspired by the power of [&hellip;]\" \/>\n<meta property=\"og:url\" content=\"https:\/\/roangaplanet.com\/pl\/partners\/\" \/>\n<meta property=\"og:site_name\" content=\"Roanga Planet\" \/>\n<meta property=\"article:modified_time\" content=\"2026-02-17T12:11:07+00:00\" \/>\n<meta name=\"twitter:card\" content=\"summary_large_image\" \/>\n<script type=\"application\/ld+json\" class=\"yoast-schema-graph\">{\"@context\":\"https:\/\/schema.org\",\"@graph\":[{\"@type\":\"WebPage\",\"@id\":\"https:\/\/roangaplanet.com\/partners\/\",\"url\":\"https:\/\/roangaplanet.com\/partners\/\",\"name\":\"Partners - Roanga Planet\",\"isPartOf\":{\"@id\":\"https:\/\/roangaplanet.com\/#website\"},\"datePublished\":\"2025-10-31T08:35:50+00:00\",\"dateModified\":\"2026-02-17T12:11:07+00:00\",\"breadcrumb\":{\"@id\":\"https:\/\/roangaplanet.com\/partners\/#breadcrumb\"},\"inLanguage\":\"pl-PL\",\"potentialAction\":[{\"@type\":\"ReadAction\",\"target\":[\"https:\/\/roangaplanet.com\/partners\/\"]}]},{\"@type\":\"BreadcrumbList\",\"@id\":\"https:\/\/roangaplanet.com\/partners\/#breadcrumb\",\"itemListElement\":[{\"@type\":\"ListItem\",\"position\":1,\"name\":\"Home\",\"item\":\"https:\/\/roangaplanet.com\/\"},{\"@type\":\"ListItem\",\"position\":2,\"name\":\"Partners\"}]},{\"@type\":\"WebSite\",\"@id\":\"https:\/\/roangaplanet.com\/#website\",\"url\":\"https:\/\/roangaplanet.com\/\",\"name\":\"Roanga Planet\",\"description\":\"\",\"publisher\":{\"@id\":\"https:\/\/roangaplanet.com\/#organization\"},\"potentialAction\":[{\"@type\":\"SearchAction\",\"target\":{\"@type\":\"EntryPoint\",\"urlTemplate\":\"https:\/\/roangaplanet.com\/?s={search_term_string}\"},\"query-input\":{\"@type\":\"PropertyValueSpecification\",\"valueRequired\":true,\"valueName\":\"search_term_string\"}}],\"inLanguage\":\"pl-PL\"},{\"@type\":\"Organization\",\"@id\":\"https:\/\/roangaplanet.com\/#organization\",\"name\":\"Roanga Planet\",\"url\":\"https:\/\/roangaplanet.com\/\",\"logo\":{\"@type\":\"ImageObject\",\"inLanguage\":\"pl-PL\",\"@id\":\"https:\/\/roangaplanet.com\/#\/schema\/logo\/image\/\",\"url\":\"https:\/\/roangaplanet.com\/wp-content\/uploads\/2025\/07\/ROANGA_PLANET_favicon.png\",\"contentUrl\":\"https:\/\/roangaplanet.com\/wp-content\/uploads\/2025\/07\/ROANGA_PLANET_favicon.png\",\"width\":250,\"height\":250,\"caption\":\"Roanga Planet\"},\"image\":{\"@id\":\"https:\/\/roangaplanet.com\/#\/schema\/logo\/image\/\"}}]}<\/script>\n<!-- \/ Yoast SEO plugin. -->","yoast_head_json":{"title":"Partners - Roanga Planet","robots":{"index":"index","follow":"follow","max-snippet":"max-snippet:-1","max-image-preview":"max-image-preview:large","max-video-preview":"max-video-preview:-1"},"canonical":"https:\/\/roangaplanet.com\/pl\/partners\/","og_locale":"pl_PL","og_type":"article","og_title":"Partners - Roanga Planet","og_description":"< Back to home ROANGA Partners We would like to thank all our partners for supporting a healthy lifestyle. Main partners HC Sparta Praha a.s. Roanga Planet Europe - VIP Club partner of HC Sparta Prague Roanga\u00ae is a premium brand focused on innovative nutrition, regeneration and vitality for athletes, inspired by the power of [&hellip;]","og_url":"https:\/\/roangaplanet.com\/pl\/partners\/","og_site_name":"Roanga Planet","article_modified_time":"2026-02-17T12:11:07+00:00","twitter_card":"summary_large_image","schema":{"@context":"https:\/\/schema.org","@graph":[{"@type":"WebPage","@id":"https:\/\/roangaplanet.com\/partners\/","url":"https:\/\/roangaplanet.com\/partners\/","name":"Partners - Roanga Planet","isPartOf":{"@id":"https:\/\/roangaplanet.com\/#website"},"datePublished":"2025-10-31T08:35:50+00:00","dateModified":"2026-02-17T12:11:07+00:00","breadcrumb":{"@id":"https:\/\/roangaplanet.com\/partners\/#breadcrumb"},"inLanguage":"pl-PL","potentialAction":[{"@type":"ReadAction","target":["https:\/\/roangaplanet.com\/partners\/"]}]},{"@type":"BreadcrumbList","@id":"https:\/\/roangaplanet.com\/partners\/#breadcrumb","itemListElement":[{"@type":"ListItem","position":1,"name":"Home","item":"https:\/\/roangaplanet.com\/"},{"@type":"ListItem","position":2,"name":"Partners"}]},{"@type":"WebSite","@id":"https:\/\/roangaplanet.com\/#website","url":"https:\/\/roangaplanet.com\/","name":"Roanga Planet","description":"","publisher":{"@id":"https:\/\/roangaplanet.com\/#organization"},"potentialAction":[{"@type":"SearchAction","target":{"@type":"EntryPoint","urlTemplate":"https:\/\/roangaplanet.com\/?s={search_term_string}"},"query-input":{"@type":"PropertyValueSpecification","valueRequired":true,"valueName":"search_term_string"}}],"inLanguage":"pl-PL"},{"@type":"Organization","@id":"https:\/\/roangaplanet.com\/#organization","name":"Roanga Planet","url":"https:\/\/roangaplanet.com\/","logo":{"@type":"ImageObject","inLanguage":"pl-PL","@id":"https:\/\/roangaplanet.com\/#\/schema\/logo\/image\/","url":"https:\/\/roangaplanet.com\/wp-content\/uploads\/2025\/07\/ROANGA_PLANET_favicon.png","contentUrl":"https:\/\/roangaplanet.com\/wp-content\/uploads\/2025\/07\/ROANGA_PLANET_favicon.png","width":250,"height":250,"caption":"Roanga Planet"},"image":{"@id":"https:\/\/roangaplanet.com\/#\/schema\/logo\/image\/"}}]}},"_links":{"self":[{"href":"https:\/\/roangaplanet.com\/pl\/wp-json\/wp\/v2\/pages\/1676","targetHints":{"allow":["GET"]}}],"collection":[{"href":"https:\/\/roangaplanet.com\/pl\/wp-json\/wp\/v2\/pages"}],"about":[{"href":"https:\/\/roangaplanet.com\/pl\/wp-json\/wp\/v2\/types\/page"}],"author":[{"embeddable":true,"href":"https:\/\/roangaplanet.com\/pl\/wp-json\/wp\/v2\/users\/1"}],"replies":[{"embeddable":true,"href":"https:\/\/roangaplanet.com\/pl\/wp-json\/wp\/v2\/comments?post=1676"}],"version-history":[{"count":0,"href":"https:\/\/roangaplanet.com\/pl\/wp-json\/wp\/v2\/pages\/1676\/revisions"}],"wp:attachment":[{"href":"https:\/\/roangaplanet.com\/pl\/wp-json\/wp\/v2\/media?parent=1676"}],"curies":[{"name":"wp","href":"https:\/\/api.w.org\/{rel}","templated":true}]}}