{"id":2155,"date":"2025-12-14T10:30:32","date_gmt":"2025-12-14T10:30:32","guid":{"rendered":"https:\/\/roangaplanet.com\/?page_id=2155"},"modified":"2026-02-17T12:06:49","modified_gmt":"2026-02-17T12:06:49","slug":"about-us","status":"publish","type":"page","link":"https:\/\/roangaplanet.com\/sk\/about-us\/","title":{"rendered":"O n\u00e1s"},"content":{"rendered":"<div class='breakdance'><section class=\"bde-section-2155-100 bde-section\">\n  \n  \n\t\n\n\n\n<div class=\"section-container\"><div class=\"bde-div-2155-101 bde-div\">\n  \n  \n\t\n\n\n\n<a class=\"bde-container-link-2155-102 bde-container-link breakdance-link\" href=\"https:\/\/roangaplanet.com\/sk\/\" target=\"_self\" data-type=\"url\">\n  \n  \n\t\n\n\n\n<div class=\"bde-text-2155-103 bde-text\">\n<\n<\/div><div class=\"bde-text-2155-104 bde-text\">\nSp\u00e4\u0165 na \u00favod\n<\/div>\n\n<\/a><h1 class=\"bde-heading-2155-105 bde-heading\">\nO n\u00e1s\n<\/h1><h5 class=\"bde-heading-2155-116 bde-heading\">\n\u201eKde sa pr\u00edroda stret\u00e1va s vedou.\u201c\n<\/h5><div class=\"bde-rich-text-2155-120 bde-rich-text breakdance-rich-text-styles\">\n<p>Po rokoch sk\u00fasenost\u00ed s v\u00fdvojom, v\u00fdrobou a distrib\u00faciou produktov v spolupr\u00e1ci s popredn\u00fdmi novoz\u00e9landsk\u00fdmi farmami, laborat\u00f3riami a vedcami roz\u0161irujeme na\u0161e poslanie do Eur\u00f3py a USA.<\/p><p>Tu predstavujeme n\u00e1\u0161 pr\u00e9miov\u00fd regenera\u010dn\u00fd program, ed\u00edciu ur\u010den\u00fa pre akt\u00edvnych jednotlivcov a \u0161portovcov, ako aj rie\u0161enia zameran\u00e9 na dlhodob\u00fa prevenciu.<\/p><p>T\u00e1to v\u00edzia zah\u0155\u0148a aj komplexn\u00e9 portf\u00f3lio inovat\u00edvnych doplnkov in\u0161pirovan\u00fdch \u010distotou a pr\u00edrodn\u00fdm bohatstvom Nov\u00e9ho Z\u00e9landu.<\/p>\n<\/div>\n<\/div><div class=\"bde-columns-2155-121 bde-columns\"><div class=\"bde-column-2155-122 bde-column\">\n  \n  \n\t\n\n\n\n<img decoding=\"async\" class=\"bde-image2-2155-123 bde-image2\" src=\"https:\/\/roangaplanet.com\/wp-content\/uploads\/2025\/12\/Layer_1.svg\" loading=\"lazy\"><div class=\"bde-div-2155-124 bde-div\">\n  \n  \n\t\n\n\n\n<h6 class=\"bde-heading-2155-125 bde-heading\">\nV\u00edzia\n<\/h6><div class=\"bde-text-2155-126 bde-text\">\nObnovi\u0165 rovnov\u00e1hu medzi \u013eudstvom a pr\u00edrodou a preh\u013abi\u0165 vz\u00e1jomn\u00fa \u00factu.\n<\/div>\n<\/div>\n<\/div><div class=\"bde-column-2155-127 bde-column\">\n  \n  \n\t\n\n\n\n<img decoding=\"async\" class=\"bde-image2-2155-128 bde-image2\" src=\"https:\/\/roangaplanet.com\/wp-content\/uploads\/2025\/12\/Layer_1-1.svg\" loading=\"lazy\"><div class=\"bde-div-2155-129 bde-div\">\n  \n  \n\t\n\n\n\n<h6 class=\"bde-heading-2155-130 bde-heading\">\nPoslanie\n<\/h6><div class=\"bde-text-2155-131 bde-text\">\nVytv\u00e1ra\u0165 produkty, ktor\u00e9 podporuj\u00fa prirodzen\u00fa inteligenciu tela a prin\u00e1\u0161aj\u00fa hodnotu Zemi.\n<\/div>\n<\/div>\n<\/div><div class=\"bde-column-2155-132 bde-column\">\n  \n  \n\t\n\n\n\n<img decoding=\"async\" class=\"bde-image2-2155-133 bde-image2\" src=\"https:\/\/roangaplanet.com\/wp-content\/uploads\/2025\/12\/Layer_1-2.svg\" loading=\"lazy\"><div class=\"bde-div-2155-134 bde-div\">\n  \n  \n\t\n\n\n\n<h6 class=\"bde-heading-2155-135 bde-heading\">\nP\u00f4vod\n<\/h6><div class=\"bde-text-2155-136 bde-text\">\nNaroden\u00fd na Novom Z\u00e9lande, kde sa pr\u00edroda prirodzene stret\u00e1va s vedou.\n<\/div>\n<\/div>\n<\/div><\/div><\/div>\n<\/section><section class=\"bde-section-2155-106 bde-section\">\n  \n  \n\t\n\n\n\n<div class=\"section-container\"><div class=\"bde-div-2155-107 bde-div\">\n  \n  \n\t\n\n\n\n<h3 class=\"bde-heading-2155-108 bde-heading\">\nROANGA\u00ae je medzin\u00e1rodne registrovan\u00e1 zna\u010dka zameran\u00e1 na inovat\u00edvnu v\u00fd\u017eivu, vitalitu a prirodzen\u00fa regener\u00e1ciu\n<\/h3><div class=\"bde-rich-text-2155-109 bde-rich-text breakdance-rich-text-styles\">\n<p data-start=\"1493\" data-end=\"1737\">Je zalo\u017een\u00fd na presved\u010den\u00ed, \u017ee \u013eudsk\u00e1 pohoda a planet\u00e1rna pohoda s\u00fa vz\u00e1jomne prepojen\u00e9 princ\u00edpy, ktor\u00e9 nemo\u017eno oddeli\u0165. Sna\u017e\u00edme sa obnovi\u0165 d\u00f4veru v prirodzen\u00e9 procesy tela a podpori\u0165 regener\u00e1ciu v s\u00falade s rytmom pr\u00edrody.<\/p>\n<\/div><div class=\"bde-div-2155-110 bde-div\">\n  \n  \n\t\n\n\n\n<div class=\"bde-div-2155-138 bde-div\">\n  \n  \n\t\n\n\n\n<h5 class=\"bde-heading-2155-137 bde-heading\">\nV\u00fdznam a symbolika\n<\/h5><div class=\"bde-rich-text-2155-111 bde-rich-text breakdance-rich-text-styles\">\n<p data-start=\"1834\" data-end=\"2026\">Roanga znamen\u00e1 \u201eroz\u0161\u00edrenie, pokra\u010dovanie\u201c \u2013 \u017eivot v pohybe. Steles\u0148uje energiu, obnovu a kontinuitu.<\/p>\n<\/div>\n<\/div>\n<\/div>\n<\/div><img decoding=\"async\" class=\"bde-image2-2155-112 bde-image2\" src=\"https:\/\/roangaplanet.com\/wp-content\/uploads\/2025\/12\/image-31.jpg\" loading=\"lazy\" srcset=\"https:\/\/roangaplanet.com\/wp-content\/uploads\/2025\/12\/image-31.jpg 520w, https:\/\/roangaplanet.com\/wp-content\/uploads\/2025\/12\/image-31-252x300.jpg 252w, https:\/\/roangaplanet.com\/wp-content\/uploads\/2025\/12\/image-31-10x12.jpg 10w\" sizes=\"(max-width: 520px) 100vw, 520px\"><\/div>\n<\/section><section class=\"bde-section-2155-139 bde-section\">\n  \n  \n\t\n\n\n\n<div class=\"section-container\"><div class=\"bde-div-2155-142 bde-div\">\n  \n  \n\t\n\n\n\n<h2 class=\"bde-heading-2155-141 bde-heading\">\nEtick\u00fd pr\u00edstup a zodpovednos\u0165\n<\/h2><div class=\"bde-rich-text-2155-143 bde-rich-text breakdance-rich-text-styles\">\n<p data-start=\"1493\" data-end=\"1737\">Ka\u017ed\u00fd produkt ROANGA\u00ae je navrhnut\u00fd tak, aby bol \u00fa\u010dinn\u00fd, \u010dist\u00fd a transparentn\u00fd \u2013 od p\u00f4vodu surov\u00edn a\u017e po kone\u010dn\u00e9 zlo\u017eenie.<\/p><p data-start=\"1493\" data-end=\"1737\">Re\u0161pekt k pr\u00edrode a zodpovednos\u0165 za plan\u00e9tu riadia ka\u017ed\u00e9 na\u0161e rozhodnutie.<\/p>\n<\/div>\n<\/div><img decoding=\"async\" class=\"bde-image2-2155-140 bde-image2\" src=\"https:\/\/roangaplanet.com\/wp-content\/uploads\/2025\/12\/roanga_planet_hero_deer_4-1.jpg\" loading=\"lazy\" srcset=\"https:\/\/roangaplanet.com\/wp-content\/uploads\/2025\/12\/roanga_planet_hero_deer_4-1.jpg 936w, https:\/\/roangaplanet.com\/wp-content\/uploads\/2025\/12\/roanga_planet_hero_deer_4-1-300x138.jpg 300w, https:\/\/roangaplanet.com\/wp-content\/uploads\/2025\/12\/roanga_planet_hero_deer_4-1-768x354.jpg 768w, https:\/\/roangaplanet.com\/wp-content\/uploads\/2025\/12\/roanga_planet_hero_deer_4-1-18x8.jpg 18w\" sizes=\"(max-width: 936px) 100vw, 936px\"><\/div>\n<\/section><\/div>","protected":false},"excerpt":{"rendered":"<p>< Back to home About us \u201cWhere Nature Meets Science.\u201d After years of experience developing, manufacturing and distributing products in collaboration with leading New Zealand farms, laboratories and scientists, we are expanding our mission to Europe and the USA.Here we present our premium regeneration program, an edition designed for active individuals and athletes, as well [&hellip;]\n<\/p>","protected":false},"author":1,"featured_media":0,"parent":0,"menu_order":0,"comment_status":"closed","ping_status":"closed","template":"","meta":{"_acf_changed":false,"_breakdance_hide_in_design_set":false,"_breakdance_tags":"","footnotes":""},"class_list":["post-2155","page","type-page","status-publish","hentry"],"acf":[],"yoast_head":"<!-- This site is optimized with the Yoast SEO plugin v27.2 - https:\/\/yoast.com\/product\/yoast-seo-wordpress\/ -->\n<title>About us - Roanga Planet<\/title>\n<meta name=\"robots\" content=\"index, follow, max-snippet:-1, max-image-preview:large, max-video-preview:-1\" \/>\n<link rel=\"canonical\" href=\"https:\/\/roangaplanet.com\/sk\/about-us\/\" \/>\n<meta property=\"og:locale\" content=\"sk_SK\" \/>\n<meta property=\"og:type\" content=\"article\" \/>\n<meta property=\"og:title\" content=\"About us - Roanga Planet\" \/>\n<meta property=\"og:description\" content=\"&lt; Back to home About us \u201cWhere Nature Meets Science.\u201d After years of experience developing, manufacturing and distributing products in collaboration with leading New Zealand farms, laboratories and scientists, we are expanding our mission to Europe and the USA.Here we present our premium regeneration program, an edition designed for active individuals and athletes, as well [&hellip;]\" \/>\n<meta property=\"og:url\" content=\"https:\/\/roangaplanet.com\/sk\/about-us\/\" \/>\n<meta property=\"og:site_name\" content=\"Roanga Planet\" \/>\n<meta property=\"article:modified_time\" content=\"2026-02-17T12:06:49+00:00\" \/>\n<meta name=\"twitter:card\" content=\"summary_large_image\" \/>\n<script type=\"application\/ld+json\" class=\"yoast-schema-graph\">{\"@context\":\"https:\/\/schema.org\",\"@graph\":[{\"@type\":\"WebPage\",\"@id\":\"https:\/\/roangaplanet.com\/about-us\/\",\"url\":\"https:\/\/roangaplanet.com\/about-us\/\",\"name\":\"About us - Roanga Planet\",\"isPartOf\":{\"@id\":\"https:\/\/roangaplanet.com\/#website\"},\"datePublished\":\"2025-12-14T10:30:32+00:00\",\"dateModified\":\"2026-02-17T12:06:49+00:00\",\"breadcrumb\":{\"@id\":\"https:\/\/roangaplanet.com\/about-us\/#breadcrumb\"},\"inLanguage\":\"sk-SK\",\"potentialAction\":[{\"@type\":\"ReadAction\",\"target\":[\"https:\/\/roangaplanet.com\/about-us\/\"]}]},{\"@type\":\"BreadcrumbList\",\"@id\":\"https:\/\/roangaplanet.com\/about-us\/#breadcrumb\",\"itemListElement\":[{\"@type\":\"ListItem\",\"position\":1,\"name\":\"Home\",\"item\":\"https:\/\/roangaplanet.com\/\"},{\"@type\":\"ListItem\",\"position\":2,\"name\":\"About us\"}]},{\"@type\":\"WebSite\",\"@id\":\"https:\/\/roangaplanet.com\/#website\",\"url\":\"https:\/\/roangaplanet.com\/\",\"name\":\"Roanga Planet\",\"description\":\"\",\"publisher\":{\"@id\":\"https:\/\/roangaplanet.com\/#organization\"},\"potentialAction\":[{\"@type\":\"SearchAction\",\"target\":{\"@type\":\"EntryPoint\",\"urlTemplate\":\"https:\/\/roangaplanet.com\/?s={search_term_string}\"},\"query-input\":{\"@type\":\"PropertyValueSpecification\",\"valueRequired\":true,\"valueName\":\"search_term_string\"}}],\"inLanguage\":\"sk-SK\"},{\"@type\":\"Organization\",\"@id\":\"https:\/\/roangaplanet.com\/#organization\",\"name\":\"Roanga Planet\",\"url\":\"https:\/\/roangaplanet.com\/\",\"logo\":{\"@type\":\"ImageObject\",\"inLanguage\":\"sk-SK\",\"@id\":\"https:\/\/roangaplanet.com\/#\/schema\/logo\/image\/\",\"url\":\"https:\/\/roangaplanet.com\/wp-content\/uploads\/2025\/07\/ROANGA_PLANET_favicon.png\",\"contentUrl\":\"https:\/\/roangaplanet.com\/wp-content\/uploads\/2025\/07\/ROANGA_PLANET_favicon.png\",\"width\":250,\"height\":250,\"caption\":\"Roanga Planet\"},\"image\":{\"@id\":\"https:\/\/roangaplanet.com\/#\/schema\/logo\/image\/\"}}]}<\/script>\n<!-- \/ Yoast SEO plugin. -->","yoast_head_json":{"title":"About us - Roanga Planet","robots":{"index":"index","follow":"follow","max-snippet":"max-snippet:-1","max-image-preview":"max-image-preview:large","max-video-preview":"max-video-preview:-1"},"canonical":"https:\/\/roangaplanet.com\/sk\/about-us\/","og_locale":"sk_SK","og_type":"article","og_title":"About us - Roanga Planet","og_description":"< Back to home About us \u201cWhere Nature Meets Science.\u201d After years of experience developing, manufacturing and distributing products in collaboration with leading New Zealand farms, laboratories and scientists, we are expanding our mission to Europe and the USA.Here we present our premium regeneration program, an edition designed for active individuals and athletes, as well [&hellip;]","og_url":"https:\/\/roangaplanet.com\/sk\/about-us\/","og_site_name":"Roanga Planet","article_modified_time":"2026-02-17T12:06:49+00:00","twitter_card":"summary_large_image","schema":{"@context":"https:\/\/schema.org","@graph":[{"@type":"WebPage","@id":"https:\/\/roangaplanet.com\/about-us\/","url":"https:\/\/roangaplanet.com\/about-us\/","name":"About us - Roanga Planet","isPartOf":{"@id":"https:\/\/roangaplanet.com\/#website"},"datePublished":"2025-12-14T10:30:32+00:00","dateModified":"2026-02-17T12:06:49+00:00","breadcrumb":{"@id":"https:\/\/roangaplanet.com\/about-us\/#breadcrumb"},"inLanguage":"sk-SK","potentialAction":[{"@type":"ReadAction","target":["https:\/\/roangaplanet.com\/about-us\/"]}]},{"@type":"BreadcrumbList","@id":"https:\/\/roangaplanet.com\/about-us\/#breadcrumb","itemListElement":[{"@type":"ListItem","position":1,"name":"Home","item":"https:\/\/roangaplanet.com\/"},{"@type":"ListItem","position":2,"name":"About us"}]},{"@type":"WebSite","@id":"https:\/\/roangaplanet.com\/#website","url":"https:\/\/roangaplanet.com\/","name":"Roanga Planet","description":"","publisher":{"@id":"https:\/\/roangaplanet.com\/#organization"},"potentialAction":[{"@type":"SearchAction","target":{"@type":"EntryPoint","urlTemplate":"https:\/\/roangaplanet.com\/?s={search_term_string}"},"query-input":{"@type":"PropertyValueSpecification","valueRequired":true,"valueName":"search_term_string"}}],"inLanguage":"sk-SK"},{"@type":"Organization","@id":"https:\/\/roangaplanet.com\/#organization","name":"Roanga Planet","url":"https:\/\/roangaplanet.com\/","logo":{"@type":"ImageObject","inLanguage":"sk-SK","@id":"https:\/\/roangaplanet.com\/#\/schema\/logo\/image\/","url":"https:\/\/roangaplanet.com\/wp-content\/uploads\/2025\/07\/ROANGA_PLANET_favicon.png","contentUrl":"https:\/\/roangaplanet.com\/wp-content\/uploads\/2025\/07\/ROANGA_PLANET_favicon.png","width":250,"height":250,"caption":"Roanga Planet"},"image":{"@id":"https:\/\/roangaplanet.com\/#\/schema\/logo\/image\/"}}]}},"_links":{"self":[{"href":"https:\/\/roangaplanet.com\/sk\/wp-json\/wp\/v2\/pages\/2155","targetHints":{"allow":["GET"]}}],"collection":[{"href":"https:\/\/roangaplanet.com\/sk\/wp-json\/wp\/v2\/pages"}],"about":[{"href":"https:\/\/roangaplanet.com\/sk\/wp-json\/wp\/v2\/types\/page"}],"author":[{"embeddable":true,"href":"https:\/\/roangaplanet.com\/sk\/wp-json\/wp\/v2\/users\/1"}],"replies":[{"embeddable":true,"href":"https:\/\/roangaplanet.com\/sk\/wp-json\/wp\/v2\/comments?post=2155"}],"version-history":[{"count":0,"href":"https:\/\/roangaplanet.com\/sk\/wp-json\/wp\/v2\/pages\/2155\/revisions"}],"wp:attachment":[{"href":"https:\/\/roangaplanet.com\/sk\/wp-json\/wp\/v2\/media?parent=2155"}],"curies":[{"name":"wp","href":"https:\/\/api.w.org\/{rel}","templated":true}]}}