{"id":516,"date":"2025-05-26T19:25:44","date_gmt":"2025-05-26T19:25:44","guid":{"rendered":"https:\/\/roangaplanet.com\/dev\/?page_id=516"},"modified":"2026-02-17T12:04:40","modified_gmt":"2026-02-17T12:04:40","slug":"our-story","status":"publish","type":"page","link":"https:\/\/roangaplanet.com\/sk\/our-story\/","title":{"rendered":"Our story"},"content":{"rendered":"<div class='breakdance'><section class=\"bde-section-516-100 bde-section\">\n  \n  \n\t\n\n\n\n<div class=\"section-container\"><div class=\"bde-div-516-101 bde-div\">\n  \n  \n\t\n\n\n\n<a class=\"bde-container-link-516-102 bde-container-link breakdance-link\" href=\"https:\/\/roangaplanet.com\/sk\/\" target=\"_self\" data-type=\"url\">\n  \n  \n\t\n\n\n\n<div class=\"bde-text-516-103 bde-text\">\n<\n<\/div><div class=\"bde-text-516-104 bde-text\">\nSp\u00e4\u0165 na \u00favod\n<\/div>\n\n<\/a><h1 class=\"bde-heading-516-105 bde-heading\">\nPr\u00edbeh\n<\/h1>\n<\/div><\/div>\n<\/section><section class=\"bde-section-516-107 bde-section\">\n  \n  \n\t\n\n\n\n<div class=\"section-container\"><div class=\"bde-div-516-108 bde-div\">\n  \n  \n\t\n\n\n\n<h5 class=\"bde-heading-516-109 bde-heading\">\n\"Kr\u00e1\u010dam sp\u00e4\u0165 do bud\u00facnosti s poh\u013eadom upret\u00fdm do minulosti.\"\n<\/h5>\n<\/div><img decoding=\"async\" class=\"bde-image2-516-110 bde-image2\" src=\"https:\/\/roangaplanet.com\/wp-content\/uploads\/2025\/05\/Image-The-old-tree.jpg\" loading=\"lazy\" srcset=\"https:\/\/roangaplanet.com\/wp-content\/uploads\/2025\/05\/Image-The-old-tree.jpg 802w, https:\/\/roangaplanet.com\/wp-content\/uploads\/2025\/05\/Image-The-old-tree-300x146.jpg 300w, https:\/\/roangaplanet.com\/wp-content\/uploads\/2025\/05\/Image-The-old-tree-768x373.jpg 768w, https:\/\/roangaplanet.com\/wp-content\/uploads\/2025\/05\/Image-The-old-tree-600x292.jpg 600w\" sizes=\"(max-width: 802px) 100vw, 802px\"><div class=\"bde-div-516-111 bde-div\">\n  \n  \n\t\n\n\n\n<h5 class=\"bde-heading-516-112 bde-heading\">\n\"Ke hoki whakamua ahau me te titiro whakamuri.\"\n<\/h5>\n<\/div><div class=\"bde-div-516-114 bde-div\">\n  \n  \n\t\n\n\n\n<h4 class=\"bde-heading-516-113 bde-heading\">\nPod stromom pohostinnosti\n<\/h4>\n<\/div><div class=\"bde-rich-text-516-116 bde-rich-text breakdance-rich-text-styles\">\n<p>Ke\u010f som prv\u00fdkr\u00e1t vyst\u00fapil z lietadla na Novom Z\u00e9lande, nevedel som, \u010do m\u00e1m o\u010dak\u00e1va\u0165. Vedel som len, \u017ee potrebujem na chv\u00ed\u013eu unikn\u00fa\u0165 - od zhonu, hluku, ne\u00faprosn\u00e9ho behu \u010dasu. U\u017e po\u010das prv\u00fdch dn\u00ed som c\u00edtil, \u017ee \u010das tu plynie inak. Akoby mi stromy na\u0161epk\u00e1vali, aby som spomalil, akoby vietor niesol slov\u00e1, ktor\u00fdm som e\u0161te nerozumel, ale ktor\u00e9 mi boli akosi zn\u00e1me.<\/p><p>Jedn\u00e9ho r\u00e1na som na t\u00fare okolo jazera Taupo stretol star\u0161ieho mu\u017ea - Maora menom Rangi. Sedel pod mohutn\u00fdm stromom pohutukawa a pozeral na pokojn\u00fa vodu. Usmial sa a gestom ma vyzval, aby som sa k nemu pridal. Ve\u013ea toho nepovedal, ale jeho pr\u00edtomnos\u0165 v sebe niesla silu, ktor\u00fa som u\u017e dlho v \u017eivote nepoc\u00edtil.<br \/><strong>\"Tu po\u010d\u00favame krajinu,\"<\/strong> povedal potichu. <strong>\"Nechod\u00ed sa po nej ako turista. Ak otvor\u00edte svoje srdce, povedie v\u00e1s.\"<\/strong><\/p><p>U Rangiho som zostal nieko\u013eko dn\u00ed. Nau\u010dil ma rozpozn\u00e1va\u0165 spev vt\u00e1kov, zbiera\u0165 lie\u010div\u00e9 rastliny, vn\u00edma\u0165 pr\u00edbehy ukryt\u00e9 v rieke, kame\u0148och, hmle. Ale predov\u0161etk\u00fdm ma nau\u010dil, ako sa znovu st\u00ed\u0161i\u0165 vo svojom vn\u00fatri. A v tomto tichu som po\u010dul svoj vlastn\u00fd hlas - ten, ktor\u00fd som stratil v hluku sveta.<br \/>Ke\u010f som odch\u00e1dzal, Rangi mi podal mal\u00fd kame\u0148 - hladk\u00fd, zelen\u00fd, s vyryt\u00fdm listom stromu, ktor\u00fd je v maorskej kult\u00fare zn\u00e1my svojou silou, lie\u010div\u00fdmi a ochrann\u00fdmi vlastnos\u0165ami...<br \/><strong>\"Toto je pounamu,\"<\/strong> povedal. <strong>\"Greenstone. Nie pre \u0161\u0165astie. Ale aby si nezabudol.\"<\/strong><br \/>Nos\u00edm ho dodnes. Nie pre \u0161\u0165astie.<br \/>Ale aby som nezabudol.<\/p>\n<\/div><div class=\"bde-text-516-117 bde-text\">\nNori\n<\/div><\/div>\n<\/section><div class=\"bde-globalblock-516-144 bde-globalblock\"><div class='breakdance'><section class=\"bde-section-1987-143-1987-1 bde-section bde-section-1987-143\">\n              \n  \n  \n\t\n\n  <div class=\"section-background-overlay\"><\/div>\n\n\n<div class=\"section-container\"><div class=\"bde-div-1987-144-1987-1 bde-div bde-div-1987-144\">\n  \n  \n\t\n\n\n\n<img decoding=\"async\" class=\"bde-image2-1987-145-1987-1 bde-image2 bde-image2-1987-145\" src=\"https:\/\/roangaplanet.com\/wp-content\/uploads\/2025\/12\/product_section_front_infinity_2-1-scaled-e1770722458116.png\" loading=\"lazy\" srcset=\"https:\/\/roangaplanet.com\/wp-content\/uploads\/2025\/12\/product_section_front_infinity_2-1-scaled-e1770722458116.png 1937w, https:\/\/roangaplanet.com\/wp-content\/uploads\/2025\/12\/product_section_front_infinity_2-1-scaled-e1770722458116-286x300.png 286w, https:\/\/roangaplanet.com\/wp-content\/uploads\/2025\/12\/product_section_front_infinity_2-1-scaled-e1770722458116-975x1024.png 975w, https:\/\/roangaplanet.com\/wp-content\/uploads\/2025\/12\/product_section_front_infinity_2-1-scaled-e1770722458116-768x806.png 768w, https:\/\/roangaplanet.com\/wp-content\/uploads\/2025\/12\/product_section_front_infinity_2-1-scaled-e1770722458116-1463x1536.png 1463w, https:\/\/roangaplanet.com\/wp-content\/uploads\/2025\/12\/product_section_front_infinity_2-1-scaled-e1770722458116-11x12.png 11w\" sizes=\"(max-width: 1937px) 100vw, 1937px\"><div class=\"bde-div-1987-146-1987-1 bde-div bde-div-1987-146\">\n  \n  \n\t\n\n\n\n<div class=\"bde-text-1987-147-1987-1 bde-text bde-text-1987-147\">\nObjavte tajomstvo prirodzenej regener\u00e1cie nedotknutej pr\u00edrody Nov\u00e9ho Z\u00e9landu\n<\/div><h1 class=\"bde-heading-1987-148-1987-1 bde-heading bde-heading-1987-148\">\nRoanga\u00ae infinity\n<\/h1><h5 class=\"bde-heading-1987-104-1987-1 bde-heading bde-heading-1987-104\">\nNov\u00fd \u0161tandard vo vedomej starostlivosti o seba\n<\/h5><h1 class=\"bde-heading-1987-105-1987-1 bde-heading bde-heading-1987-105\">\nIn\u0161pirovan\u00e9 pr\u00edrodou. Podporovan\u00e9 vedou.\n<\/h1><div class=\"bde-text-1987-149-1987-1 bde-text bde-text-1987-149\">\nUnik\u00e1tne \u0161trukt\u00farovan\u00fd program LIFETIME, ktor\u00fd systematicky podporuje fyziologick\u00e9 procesy tela a pom\u00e1ha predch\u00e1dza\u0165 potenci\u00e1lnym nerovnov\u00e1ham.<br>Je zalo\u017een\u00fd na dlhodobom v\u00fdskume a odborn\u00fdch pr\u00edstupoch, ktor\u00e9 jedine\u010dn\u00fdm sp\u00f4sobom integruj\u00fa tradi\u010dn\u00fa maorsk\u00fa m\u00fadros\u0165 s modernou vedou.<br><b>Cie\u013eom programu je podporova\u0165 hlb\u0161ie \u00farovne \u017eivotnej energie, zvy\u0161ova\u0165 odolnos\u0165 tela a prispieva\u0165 k dlhodobej vitalite.<\/b><br>\n<\/div><div class=\"bde-div-1987-150-1987-1 bde-div bde-div-1987-150\">\n  \n  \n\t\n\n\n\n<div class=\"bde-div-1987-151-1987-1 bde-div bde-div-1987-151\">\n  \n  \n\t\n\n\n\n<div class=\"bde-button-1987-152-1987-1 bde-button discover bde-button-1987-152\">\n    \n                        \n                        \n    \n    \n    \n    \n            \n                    \n            \n            \n\n    \n    \n    \n    \n    \n    <a class=\"breakdance-link button-atom button-atom--custom bde-button__button\" href=\"https:\/\/roangaplanet.com\/sk\/about-roanga-infinity\/\" target=\"_self\" data-type=\"url\"  >\n\n    \n        <span class=\"button-atom__text\">OBJAVTE Roanga\u00ae Infinity<\/span>\n\n        \n        \n                <\/a>\n\n    \n\n\n<\/div><div class=\"bde-button-1987-153-1987-1 bde-button bde-button-1987-153\">\n    \n                        \n                        \n    \n    \n    \n    \n            \n                    \n            \n            \n\n    \n    \n    \n    \n    \n    <a class=\"breakdance-link button-atom button-atom--custom bde-button__button\" href=\"https:\/\/shop.roangaplanet.com\/sk\/\" target=\"_self\" data-type=\"url\"  >\n\n    \n        <span class=\"button-atom__text\">Objednajte si Roanga\u00ae infinity<\/span>\n\n        \n        \n                <\/a>\n\n    \n\n\n<\/div>\n<\/div>\n<\/div>\n<\/div>\n<\/div><\/div>\n<\/section><\/div><\/div><\/div>","protected":false},"excerpt":{"rendered":"<p>< Back to home Story \u201cI walk back to the future with my gaze fixed on the past.\u201d \"Ke hoki whakamua ahau me te titiro whakamuri.\" Under the Tree of Hospitality When I first stepped off the plane in New Zealand, I didn\u2019t quite know what to expect. I only knew I needed to escape [&hellip;]\n<\/p>","protected":false},"author":1,"featured_media":0,"parent":0,"menu_order":0,"comment_status":"closed","ping_status":"closed","template":"","meta":{"_acf_changed":false,"_breakdance_hide_in_design_set":false,"_breakdance_tags":"","footnotes":""},"class_list":["post-516","page","type-page","status-publish","hentry"],"acf":[],"yoast_head":"<!-- This site is optimized with the Yoast SEO plugin v27.2 - https:\/\/yoast.com\/product\/yoast-seo-wordpress\/ -->\n<title>Our story - Roanga Planet<\/title>\n<meta name=\"robots\" content=\"index, follow, max-snippet:-1, max-image-preview:large, max-video-preview:-1\" \/>\n<link rel=\"canonical\" href=\"https:\/\/roangaplanet.com\/sk\/our-story\/\" \/>\n<meta property=\"og:locale\" content=\"sk_SK\" \/>\n<meta property=\"og:type\" content=\"article\" \/>\n<meta property=\"og:title\" content=\"Our story - Roanga Planet\" \/>\n<meta property=\"og:description\" content=\"&lt; Back to home Story \u201cI walk back to the future with my gaze fixed on the past.\u201d &quot;Ke hoki whakamua ahau me te titiro whakamuri.&quot; Under the Tree of Hospitality When I first stepped off the plane in New Zealand, I didn\u2019t quite know what to expect. I only knew I needed to escape [&hellip;]\" \/>\n<meta property=\"og:url\" content=\"https:\/\/roangaplanet.com\/sk\/our-story\/\" \/>\n<meta property=\"og:site_name\" content=\"Roanga Planet\" \/>\n<meta property=\"article:modified_time\" content=\"2026-02-17T12:04:40+00:00\" \/>\n<meta name=\"twitter:card\" content=\"summary_large_image\" \/>\n<script type=\"application\/ld+json\" class=\"yoast-schema-graph\">{\"@context\":\"https:\/\/schema.org\",\"@graph\":[{\"@type\":\"WebPage\",\"@id\":\"https:\/\/roangaplanet.com\/our-story\/\",\"url\":\"https:\/\/roangaplanet.com\/our-story\/\",\"name\":\"Our story - Roanga Planet\",\"isPartOf\":{\"@id\":\"https:\/\/roangaplanet.com\/#website\"},\"datePublished\":\"2025-05-26T19:25:44+00:00\",\"dateModified\":\"2026-02-17T12:04:40+00:00\",\"breadcrumb\":{\"@id\":\"https:\/\/roangaplanet.com\/our-story\/#breadcrumb\"},\"inLanguage\":\"sk-SK\",\"potentialAction\":[{\"@type\":\"ReadAction\",\"target\":[\"https:\/\/roangaplanet.com\/our-story\/\"]}]},{\"@type\":\"BreadcrumbList\",\"@id\":\"https:\/\/roangaplanet.com\/our-story\/#breadcrumb\",\"itemListElement\":[{\"@type\":\"ListItem\",\"position\":1,\"name\":\"Home\",\"item\":\"https:\/\/roangaplanet.com\/\"},{\"@type\":\"ListItem\",\"position\":2,\"name\":\"Our story\"}]},{\"@type\":\"WebSite\",\"@id\":\"https:\/\/roangaplanet.com\/#website\",\"url\":\"https:\/\/roangaplanet.com\/\",\"name\":\"Roanga Planet\",\"description\":\"\",\"publisher\":{\"@id\":\"https:\/\/roangaplanet.com\/#organization\"},\"potentialAction\":[{\"@type\":\"SearchAction\",\"target\":{\"@type\":\"EntryPoint\",\"urlTemplate\":\"https:\/\/roangaplanet.com\/?s={search_term_string}\"},\"query-input\":{\"@type\":\"PropertyValueSpecification\",\"valueRequired\":true,\"valueName\":\"search_term_string\"}}],\"inLanguage\":\"sk-SK\"},{\"@type\":\"Organization\",\"@id\":\"https:\/\/roangaplanet.com\/#organization\",\"name\":\"Roanga Planet\",\"url\":\"https:\/\/roangaplanet.com\/\",\"logo\":{\"@type\":\"ImageObject\",\"inLanguage\":\"sk-SK\",\"@id\":\"https:\/\/roangaplanet.com\/#\/schema\/logo\/image\/\",\"url\":\"https:\/\/roangaplanet.com\/wp-content\/uploads\/2025\/07\/ROANGA_PLANET_favicon.png\",\"contentUrl\":\"https:\/\/roangaplanet.com\/wp-content\/uploads\/2025\/07\/ROANGA_PLANET_favicon.png\",\"width\":250,\"height\":250,\"caption\":\"Roanga Planet\"},\"image\":{\"@id\":\"https:\/\/roangaplanet.com\/#\/schema\/logo\/image\/\"}}]}<\/script>\n<!-- \/ Yoast SEO plugin. -->","yoast_head_json":{"title":"Our story - Roanga Planet","robots":{"index":"index","follow":"follow","max-snippet":"max-snippet:-1","max-image-preview":"max-image-preview:large","max-video-preview":"max-video-preview:-1"},"canonical":"https:\/\/roangaplanet.com\/sk\/our-story\/","og_locale":"sk_SK","og_type":"article","og_title":"Our story - Roanga Planet","og_description":"< Back to home Story \u201cI walk back to the future with my gaze fixed on the past.\u201d \"Ke hoki whakamua ahau me te titiro whakamuri.\" Under the Tree of Hospitality When I first stepped off the plane in New Zealand, I didn\u2019t quite know what to expect. I only knew I needed to escape [&hellip;]","og_url":"https:\/\/roangaplanet.com\/sk\/our-story\/","og_site_name":"Roanga Planet","article_modified_time":"2026-02-17T12:04:40+00:00","twitter_card":"summary_large_image","schema":{"@context":"https:\/\/schema.org","@graph":[{"@type":"WebPage","@id":"https:\/\/roangaplanet.com\/our-story\/","url":"https:\/\/roangaplanet.com\/our-story\/","name":"Our story - Roanga Planet","isPartOf":{"@id":"https:\/\/roangaplanet.com\/#website"},"datePublished":"2025-05-26T19:25:44+00:00","dateModified":"2026-02-17T12:04:40+00:00","breadcrumb":{"@id":"https:\/\/roangaplanet.com\/our-story\/#breadcrumb"},"inLanguage":"sk-SK","potentialAction":[{"@type":"ReadAction","target":["https:\/\/roangaplanet.com\/our-story\/"]}]},{"@type":"BreadcrumbList","@id":"https:\/\/roangaplanet.com\/our-story\/#breadcrumb","itemListElement":[{"@type":"ListItem","position":1,"name":"Home","item":"https:\/\/roangaplanet.com\/"},{"@type":"ListItem","position":2,"name":"Our story"}]},{"@type":"WebSite","@id":"https:\/\/roangaplanet.com\/#website","url":"https:\/\/roangaplanet.com\/","name":"Roanga Planet","description":"","publisher":{"@id":"https:\/\/roangaplanet.com\/#organization"},"potentialAction":[{"@type":"SearchAction","target":{"@type":"EntryPoint","urlTemplate":"https:\/\/roangaplanet.com\/?s={search_term_string}"},"query-input":{"@type":"PropertyValueSpecification","valueRequired":true,"valueName":"search_term_string"}}],"inLanguage":"sk-SK"},{"@type":"Organization","@id":"https:\/\/roangaplanet.com\/#organization","name":"Roanga Planet","url":"https:\/\/roangaplanet.com\/","logo":{"@type":"ImageObject","inLanguage":"sk-SK","@id":"https:\/\/roangaplanet.com\/#\/schema\/logo\/image\/","url":"https:\/\/roangaplanet.com\/wp-content\/uploads\/2025\/07\/ROANGA_PLANET_favicon.png","contentUrl":"https:\/\/roangaplanet.com\/wp-content\/uploads\/2025\/07\/ROANGA_PLANET_favicon.png","width":250,"height":250,"caption":"Roanga Planet"},"image":{"@id":"https:\/\/roangaplanet.com\/#\/schema\/logo\/image\/"}}]}},"_links":{"self":[{"href":"https:\/\/roangaplanet.com\/sk\/wp-json\/wp\/v2\/pages\/516","targetHints":{"allow":["GET"]}}],"collection":[{"href":"https:\/\/roangaplanet.com\/sk\/wp-json\/wp\/v2\/pages"}],"about":[{"href":"https:\/\/roangaplanet.com\/sk\/wp-json\/wp\/v2\/types\/page"}],"author":[{"embeddable":true,"href":"https:\/\/roangaplanet.com\/sk\/wp-json\/wp\/v2\/users\/1"}],"replies":[{"embeddable":true,"href":"https:\/\/roangaplanet.com\/sk\/wp-json\/wp\/v2\/comments?post=516"}],"version-history":[{"count":0,"href":"https:\/\/roangaplanet.com\/sk\/wp-json\/wp\/v2\/pages\/516\/revisions"}],"wp:attachment":[{"href":"https:\/\/roangaplanet.com\/sk\/wp-json\/wp\/v2\/media?parent=516"}],"curies":[{"name":"wp","href":"https:\/\/api.w.org\/{rel}","templated":true}]}}